{"id":11559,"date":"2024-03-07T16:54:11","date_gmt":"2024-03-07T13:54:11","guid":{"rendered":"https:\/\/palmiyesusleme.com\/index.php\/urun\/dairesel-krom-ayakli-propilen-enjeksiyon-ofis-cafe-sandalyesi\/"},"modified":"2024-03-07T16:54:23","modified_gmt":"2024-03-07T13:54:23","slug":"dairesel-krom-ayakli-propilen-enjeksiyon-ofis-cafe-sandalyesi","status":"publish","type":"product","link":"https:\/\/palmiyesusleme.com\/index.php\/urun\/dairesel-krom-ayakli-propilen-enjeksiyon-ofis-cafe-sandalyesi\/","title":{"rendered":"Dairesel Krom Ayakl\u0131 Propilen Enjeksiyon Ofis Cafe Sandalyesi"},"content":{"rendered":"<p>&lt;p&gt;\u0130\u00e7 Mekanda kullanabilece\u011finiz, fiberglass ile g\u00fc\u00e7lendirilmi\u015f, kolay temizlenebilen, i\u00e7 i\u00e7e ge\u00e7ebilir, metal ayaklar \u00fczerinde k\u0131vr\u0131ml\u0131 polipropilen sandalye, ofis, mutfak, yemek odalar\u0131nda tercih edilebilir.&lt;\/p&gt;&lt;p&gt;Ayr\u0131ca bekleme odalar\u0131, kul\u00fcp, restoran tarz\u0131 genel kullan\u0131m i\u00e7in de uygundur. Farkl\u0131 masalarla uyum sa\u011flayabilir.&lt;\/p&gt;&lt;p&gt;53x53x78 CM \/ 4.3 KG&lt;\/p&gt;&lt;p&gt;LOJ\u0130ST\u0130K &#8211; KOL\u0130&lt;\/p&gt;&lt;p&gt;20&#039; DC : 292&lt;\/p&gt;&lt;p&gt;40&#039; DC : 584&lt;\/p&gt;&lt;p&gt;40&#039; HC : 682&lt;\/p&gt;&lt;p&gt;TIR : 720&lt;\/p&gt;&lt;p class=&quot;text-center&quot;&gt;&lt;br&gt;<br \/>\n&lt;img src=&quot;https:\/\/www.palmiyekocak.com\/image\/catalog\/urun-detay-resimleri\/kirmizi-kompozit-metal-ayakli-sandalye-tps9916.jpg&quot; style=&quot;width: 50%;&quot;&gt;&lt;\/p&gt;<\/p>\n","protected":false},"excerpt":{"rendered":"<p>&lt;p&gt;\u0130\u00e7 Mekanda kullanabilece\u011finiz, fiberglass ile g\u00fc\u00e7lendirilmi\u015f, kolay temizlenebilen, i\u00e7 i\u00e7e ge\u00e7ebilir, metal ayaklar \u00fczerinde k\u0131vr\u0131ml\u0131 polipropilen sandalye, ofis, mutfak, yemek odalar\u0131nda tercih edilebilir.&lt;\/p&gt;&lt;p&gt;Ayr\u0131ca bekleme odalar\u0131, kul\u00fcp, restoran tarz\u0131 genel kullan\u0131m i\u00e7in de uygundur. Farkl\u0131 masalarla uyum sa\u011flayabilir.&lt;\/p&gt;&lt;p&gt;53x53x78 CM \/ 4.3 KG&lt;\/p&gt;&lt;p&gt;LOJ\u0130ST\u0130K &#8211; KOL\u0130&lt;\/p&gt;&lt;p&gt;20&#039; DC : 292&lt;\/p&gt;&lt;p&gt;40&#039; DC : 584&lt;\/p&gt;&lt;p&gt;40&#039; HC : 682&lt;\/p&gt;&lt;p&gt;TIR : 720&lt;\/p&gt;&lt;p class=&quot;text-center&quot;&gt;&lt;br&gt; [&hellip;]<\/p>\n","protected":false},"featured_media":11560,"comment_status":"closed","ping_status":"open","template":"","meta":{"_joinchat":[]},"product_cat":[154,153],"product_tag":[],"class_list":{"0":"post-11559","1":"product","2":"type-product","3":"status-publish","4":"has-post-thumbnail","6":"product_cat-ic-mekan-plastik-sandalye","7":"product_cat-plastik-sandalye","9":"first","10":"instock","11":"product-type-simple"},"_links":{"self":[{"href":"https:\/\/palmiyesusleme.com\/index.php\/wp-json\/wp\/v2\/product\/11559","targetHints":{"allow":["GET"]}}],"collection":[{"href":"https:\/\/palmiyesusleme.com\/index.php\/wp-json\/wp\/v2\/product"}],"about":[{"href":"https:\/\/palmiyesusleme.com\/index.php\/wp-json\/wp\/v2\/types\/product"}],"replies":[{"embeddable":true,"href":"https:\/\/palmiyesusleme.com\/index.php\/wp-json\/wp\/v2\/comments?post=11559"}],"wp:featuredmedia":[{"embeddable":true,"href":"https:\/\/palmiyesusleme.com\/index.php\/wp-json\/wp\/v2\/media\/11560"}],"wp:attachment":[{"href":"https:\/\/palmiyesusleme.com\/index.php\/wp-json\/wp\/v2\/media?parent=11559"}],"wp:term":[{"taxonomy":"product_cat","embeddable":true,"href":"https:\/\/palmiyesusleme.com\/index.php\/wp-json\/wp\/v2\/product_cat?post=11559"},{"taxonomy":"product_tag","embeddable":true,"href":"https:\/\/palmiyesusleme.com\/index.php\/wp-json\/wp\/v2\/product_tag?post=11559"}],"curies":[{"name":"wp","href":"https:\/\/api.w.org\/{rel}","templated":true}]}}