{"id":11563,"date":"2024-03-07T16:54:11","date_gmt":"2024-03-07T13:54:11","guid":{"rendered":"https:\/\/palmiyesusleme.com\/index.php\/urun\/ic-mekan-aluminyum-iskeletli-plastik-enjeksiyon-sandalye\/"},"modified":"2024-03-07T16:54:25","modified_gmt":"2024-03-07T13:54:25","slug":"ic-mekan-aluminyum-iskeletli-plastik-enjeksiyon-sandalye","status":"publish","type":"product","link":"https:\/\/palmiyesusleme.com\/index.php\/urun\/ic-mekan-aluminyum-iskeletli-plastik-enjeksiyon-sandalye\/","title":{"rendered":"\u0130\u00e7 Mekan Al\u00fcminyum \u0130skeletli Plastik Enjeksiyon Sandalye"},"content":{"rendered":"<p>&lt;p&gt;\u0130\u00e7 Mekan Al\u00fcminyum \u0130skeletli Plastik Enjeksiyon Sandalye&lt;\/p&gt;&lt;p&gt;Zarif Esnek Dayan\u0131kl\u0131 , \u0130stiflenebilir. Ev, ofis, cafe, villa ve yazl\u0131k tarz\u0131 mekanlarda ideal kullan\u0131lmas\u0131n\u0131n yan\u0131 s\u0131ra halka a\u00e7\u0131k mekanlarda da rahatl\u0131kla kullan\u0131labilir.&lt;\/p&gt;&lt;p&gt;D\u00f6k\u00fcm al\u00fcminyum ayak ve kol\u00e7ak, cam elyaf \u00fczerine katk\u0131l\u0131 polipropilen font ve s\u0131rt.&lt;\/p&gt;&lt;p&gt;6 Renk se\u00e7ene\u011fi : K\u0131rm\u0131z\u0131, Saks Mavi, Krem, Sar\u0131, Turuncu, Siyah&lt;\/p&gt;&lt;p&gt;Kolay temizlenir ve d\u0131\u015f mekana uygundur.&lt;\/p&gt;&lt;p&gt;\u00d6l\u00e7\u00fcler : 45x46x83h cm&lt;\/p&gt;&lt;p&gt;A\u011f\u0131rl\u0131k : 5.3 Kg&lt;\/p&gt;&lt;p&gt;Lojistik Bilgileri&lt;\/p&gt;&lt;p&gt;LOJ\u0130ST\u0130K &#8211; KOL\u0130&lt;\/p&gt;&lt;p&gt;20&#039; DC : 336&lt;\/p&gt;&lt;p&gt;40&#039; DC : 668&lt;\/p&gt;&lt;p&gt;40&#039; HC : 752&lt;\/p&gt;&lt;p&gt;TIR : 888&lt;\/p&gt;<\/p>\n","protected":false},"excerpt":{"rendered":"<p>&lt;p&gt;\u0130\u00e7 Mekan Al\u00fcminyum \u0130skeletli Plastik Enjeksiyon Sandalye&lt;\/p&gt;&lt;p&gt;Zarif Esnek Dayan\u0131kl\u0131 , \u0130stiflenebilir. Ev, ofis, cafe, villa ve yazl\u0131k tarz\u0131 mekanlarda ideal kullan\u0131lmas\u0131n\u0131n yan\u0131 s\u0131ra halka a\u00e7\u0131k mekanlarda da rahatl\u0131kla kullan\u0131labilir.&lt;\/p&gt;&lt;p&gt;D\u00f6k\u00fcm al\u00fcminyum ayak ve kol\u00e7ak, cam elyaf \u00fczerine katk\u0131l\u0131 polipropilen font ve s\u0131rt.&lt;\/p&gt;&lt;p&gt;6 Renk se\u00e7ene\u011fi : K\u0131rm\u0131z\u0131, Saks Mavi, Krem, Sar\u0131, Turuncu, Siyah&lt;\/p&gt;&lt;p&gt;Kolay temizlenir ve d\u0131\u015f mekana [&hellip;]<\/p>\n","protected":false},"featured_media":11564,"comment_status":"closed","ping_status":"open","template":"","meta":{"_joinchat":[]},"product_cat":[154,153],"product_tag":[],"class_list":{"0":"post-11563","1":"product","2":"type-product","3":"status-publish","4":"has-post-thumbnail","6":"product_cat-ic-mekan-plastik-sandalye","7":"product_cat-plastik-sandalye","9":"first","10":"instock","11":"product-type-simple"},"_links":{"self":[{"href":"https:\/\/palmiyesusleme.com\/index.php\/wp-json\/wp\/v2\/product\/11563","targetHints":{"allow":["GET"]}}],"collection":[{"href":"https:\/\/palmiyesusleme.com\/index.php\/wp-json\/wp\/v2\/product"}],"about":[{"href":"https:\/\/palmiyesusleme.com\/index.php\/wp-json\/wp\/v2\/types\/product"}],"replies":[{"embeddable":true,"href":"https:\/\/palmiyesusleme.com\/index.php\/wp-json\/wp\/v2\/comments?post=11563"}],"wp:featuredmedia":[{"embeddable":true,"href":"https:\/\/palmiyesusleme.com\/index.php\/wp-json\/wp\/v2\/media\/11564"}],"wp:attachment":[{"href":"https:\/\/palmiyesusleme.com\/index.php\/wp-json\/wp\/v2\/media?parent=11563"}],"wp:term":[{"taxonomy":"product_cat","embeddable":true,"href":"https:\/\/palmiyesusleme.com\/index.php\/wp-json\/wp\/v2\/product_cat?post=11563"},{"taxonomy":"product_tag","embeddable":true,"href":"https:\/\/palmiyesusleme.com\/index.php\/wp-json\/wp\/v2\/product_tag?post=11563"}],"curies":[{"name":"wp","href":"https:\/\/api.w.org\/{rel}","templated":true}]}}