{"id":11565,"date":"2024-03-07T16:54:11","date_gmt":"2024-03-07T13:54:11","guid":{"rendered":"https:\/\/palmiyesusleme.com\/index.php\/urun\/dis-mekan-uyumlu-plastik-enjeksiyon-istiflenebilen-cafe-restorant-sandalyesi\/"},"modified":"2024-03-07T16:54:26","modified_gmt":"2024-03-07T13:54:26","slug":"dis-mekan-uyumlu-plastik-enjeksiyon-istiflenebilen-cafe-restorant-sandalyesi","status":"publish","type":"product","link":"https:\/\/palmiyesusleme.com\/index.php\/urun\/dis-mekan-uyumlu-plastik-enjeksiyon-istiflenebilen-cafe-restorant-sandalyesi\/","title":{"rendered":"D\u0131\u015f Mekan Uyumlu Plastik Enjeksiyon \u0130stiflenebilen Cafe Restorant Sandalyesi"},"content":{"rendered":"<p>&lt;p&gt;D\u0131\u015f Mekan Uyumlu Plastik Enjeksiyon \u0130stiflenebilen Cafe Restoran Sandalyesi&lt;\/p&gt;&lt;p&gt;\u0130\u015flevsel ve i\u00e7 i\u00e7e 8 adet olarak istiflenebilr. \u015e\u0131k ve konforu bir arada sunan bir \u00fcr\u00fcnd\u00fcr.&lt;\/p&gt;&lt;p&gt;Krem, Beyaz, Turuncu, K\u0131rm\u0131z\u0131, A\u00e7\u0131k Ye\u015fil, Saks Mavi ve Siyah gibi renk alternatifleri mevcuttur.&lt;\/p&gt;&lt;p&gt;&lt;br&gt;&lt;\/p&gt;<\/p>\n","protected":false},"excerpt":{"rendered":"<p>&lt;p&gt;D\u0131\u015f Mekan Uyumlu Plastik Enjeksiyon \u0130stiflenebilen Cafe Restoran Sandalyesi&lt;\/p&gt;&lt;p&gt;\u0130\u015flevsel ve i\u00e7 i\u00e7e 8 adet olarak istiflenebilr. \u015e\u0131k ve konforu bir arada sunan bir \u00fcr\u00fcnd\u00fcr.&lt;\/p&gt;&lt;p&gt;Krem, Beyaz, Turuncu, K\u0131rm\u0131z\u0131, A\u00e7\u0131k Ye\u015fil, Saks Mavi ve Siyah gibi renk alternatifleri mevcuttur.&lt;\/p&gt;&lt;p&gt;&lt;br&gt;&lt;\/p&gt;<\/p>\n","protected":false},"featured_media":11566,"comment_status":"closed","ping_status":"open","template":"","meta":{"_joinchat":[]},"product_cat":[154,155,153],"product_tag":[],"class_list":{"0":"post-11565","1":"product","2":"type-product","3":"status-publish","4":"has-post-thumbnail","6":"product_cat-ic-mekan-plastik-sandalye","7":"product_cat-plastik-bahce-sandalyesi","8":"product_cat-plastik-sandalye","10":"first","11":"instock","12":"product-type-simple"},"_links":{"self":[{"href":"https:\/\/palmiyesusleme.com\/index.php\/wp-json\/wp\/v2\/product\/11565","targetHints":{"allow":["GET"]}}],"collection":[{"href":"https:\/\/palmiyesusleme.com\/index.php\/wp-json\/wp\/v2\/product"}],"about":[{"href":"https:\/\/palmiyesusleme.com\/index.php\/wp-json\/wp\/v2\/types\/product"}],"replies":[{"embeddable":true,"href":"https:\/\/palmiyesusleme.com\/index.php\/wp-json\/wp\/v2\/comments?post=11565"}],"wp:featuredmedia":[{"embeddable":true,"href":"https:\/\/palmiyesusleme.com\/index.php\/wp-json\/wp\/v2\/media\/11566"}],"wp:attachment":[{"href":"https:\/\/palmiyesusleme.com\/index.php\/wp-json\/wp\/v2\/media?parent=11565"}],"wp:term":[{"taxonomy":"product_cat","embeddable":true,"href":"https:\/\/palmiyesusleme.com\/index.php\/wp-json\/wp\/v2\/product_cat?post=11565"},{"taxonomy":"product_tag","embeddable":true,"href":"https:\/\/palmiyesusleme.com\/index.php\/wp-json\/wp\/v2\/product_tag?post=11565"}],"curies":[{"name":"wp","href":"https:\/\/api.w.org\/{rel}","templated":true}]}}