{"id":11571,"date":"2024-03-07T16:54:11","date_gmt":"2024-03-07T13:54:11","guid":{"rendered":"https:\/\/palmiyesusleme.com\/index.php\/urun\/ic-mekan-gri-minder-oturakli-beyaz-plastik-enjeksiyon-cafe-restoran-sandalyesi\/"},"modified":"2024-03-07T16:54:28","modified_gmt":"2024-03-07T13:54:28","slug":"ic-mekan-gri-minder-oturakli-beyaz-plastik-enjeksiyon-cafe-restoran-sandalyesi","status":"publish","type":"product","link":"https:\/\/palmiyesusleme.com\/index.php\/urun\/ic-mekan-gri-minder-oturakli-beyaz-plastik-enjeksiyon-cafe-restoran-sandalyesi\/","title":{"rendered":"\u0130\u00e7 Mekan Gri Minder Oturakl\u0131 Beyaz Plastik Enjeksiyon Cafe Restoran Sandalyesi"},"content":{"rendered":"<p>&lt;p&gt;\u0130\u00e7 Mekan Gri Minder Oturakl\u0131 Beyaz Plastik Enjeksiyon Cafe Restoran Sandalyesi&lt;\/p&gt;&lt;p&gt;BOYUT \/ A\u011eIRLIK&lt;\/p&gt;&lt;p&gt;62x46x80h CM&lt;\/p&gt;&lt;p&gt;&lt;br&gt;&lt;\/p&gt;&lt;p&gt;LOJ\u0130ST\u0130K &#8211; KOL\u0130&lt;\/p&gt;&lt;p&gt;20&#039; DC : 264&lt;\/p&gt;&lt;p&gt;40&#039; DC : 536&lt;\/p&gt;&lt;p&gt;40&#039; HC : 620&lt;\/p&gt;&lt;p&gt;TIR : 748&lt;\/p&gt;&lt;p&gt;LOJ\u0130ST\u0130K &#8211; \u0130ST\u0130F&lt;\/p&gt;&lt;p&gt;20&#039; DC : 264&lt;\/p&gt;&lt;p&gt;40&#039; DC : 536&lt;\/p&gt;&lt;p&gt;40&#039; HC : 620&lt;\/p&gt;&lt;p&gt;TIR : 748&lt;\/p&gt;<\/p>\n","protected":false},"excerpt":{"rendered":"<p>&lt;p&gt;\u0130\u00e7 Mekan Gri Minder Oturakl\u0131 Beyaz Plastik Enjeksiyon Cafe Restoran Sandalyesi&lt;\/p&gt;&lt;p&gt;BOYUT \/ A\u011eIRLIK&lt;\/p&gt;&lt;p&gt;62x46x80h CM&lt;\/p&gt;&lt;p&gt;&lt;br&gt;&lt;\/p&gt;&lt;p&gt;LOJ\u0130ST\u0130K &#8211; KOL\u0130&lt;\/p&gt;&lt;p&gt;20&#039; DC : 264&lt;\/p&gt;&lt;p&gt;40&#039; DC : 536&lt;\/p&gt;&lt;p&gt;40&#039; HC : 620&lt;\/p&gt;&lt;p&gt;TIR : 748&lt;\/p&gt;&lt;p&gt;LOJ\u0130ST\u0130K &#8211; \u0130ST\u0130F&lt;\/p&gt;&lt;p&gt;20&#039; DC : 264&lt;\/p&gt;&lt;p&gt;40&#039; DC : 536&lt;\/p&gt;&lt;p&gt;40&#039; HC : 620&lt;\/p&gt;&lt;p&gt;TIR : 748&lt;\/p&gt;<\/p>\n","protected":false},"featured_media":11572,"comment_status":"closed","ping_status":"open","template":"","meta":{"_joinchat":[]},"product_cat":[154,201],"product_tag":[],"class_list":{"0":"post-11571","1":"product","2":"type-product","3":"status-publish","4":"has-post-thumbnail","6":"product_cat-ic-mekan-plastik-sandalye","7":"product_cat-plastik-sandalye-fiyatlari","9":"first","10":"instock","11":"product-type-simple"},"_links":{"self":[{"href":"https:\/\/palmiyesusleme.com\/index.php\/wp-json\/wp\/v2\/product\/11571","targetHints":{"allow":["GET"]}}],"collection":[{"href":"https:\/\/palmiyesusleme.com\/index.php\/wp-json\/wp\/v2\/product"}],"about":[{"href":"https:\/\/palmiyesusleme.com\/index.php\/wp-json\/wp\/v2\/types\/product"}],"replies":[{"embeddable":true,"href":"https:\/\/palmiyesusleme.com\/index.php\/wp-json\/wp\/v2\/comments?post=11571"}],"wp:featuredmedia":[{"embeddable":true,"href":"https:\/\/palmiyesusleme.com\/index.php\/wp-json\/wp\/v2\/media\/11572"}],"wp:attachment":[{"href":"https:\/\/palmiyesusleme.com\/index.php\/wp-json\/wp\/v2\/media?parent=11571"}],"wp:term":[{"taxonomy":"product_cat","embeddable":true,"href":"https:\/\/palmiyesusleme.com\/index.php\/wp-json\/wp\/v2\/product_cat?post=11571"},{"taxonomy":"product_tag","embeddable":true,"href":"https:\/\/palmiyesusleme.com\/index.php\/wp-json\/wp\/v2\/product_tag?post=11571"}],"curies":[{"name":"wp","href":"https:\/\/api.w.org\/{rel}","templated":true}]}}