{"id":11575,"date":"2024-03-07T16:54:30","date_gmt":"2024-03-07T13:54:30","guid":{"rendered":"https:\/\/palmiyesusleme.com\/index.php\/urun\/ic-ve-dis-mekan-ev-cafe-plaj-kollu-plastik-enjeksiyon-sandalye\/"},"modified":"2024-03-07T16:54:31","modified_gmt":"2024-03-07T13:54:31","slug":"ic-ve-dis-mekan-ev-cafe-plaj-kollu-plastik-enjeksiyon-sandalye","status":"publish","type":"product","link":"https:\/\/palmiyesusleme.com\/index.php\/urun\/ic-ve-dis-mekan-ev-cafe-plaj-kollu-plastik-enjeksiyon-sandalye\/","title":{"rendered":"\u0130\u00e7 ve D\u0131\u015f Mekan Ev Cafe Plaj Kollu Plastik Enjeksiyon Sandalye"},"content":{"rendered":"<p>&lt;p&gt;\u0130\u00e7 ve D\u0131\u015f Mekan Ev Cafe Plaj Kollu Plastik Enjeksiyon Sandalye&lt;br&gt;&lt;\/p&gt;<\/p>\n","protected":false},"excerpt":{"rendered":"<p>&lt;p&gt;\u0130\u00e7 ve D\u0131\u015f Mekan Ev Cafe Plaj Kollu Plastik Enjeksiyon Sandalye&lt;br&gt;&lt;\/p&gt;<\/p>\n","protected":false},"featured_media":11576,"comment_status":"closed","ping_status":"open","template":"","meta":{"_joinchat":[]},"product_cat":[154,153],"product_tag":[],"class_list":{"0":"post-11575","1":"product","2":"type-product","3":"status-publish","4":"has-post-thumbnail","6":"product_cat-ic-mekan-plastik-sandalye","7":"product_cat-plastik-sandalye","9":"first","10":"instock","11":"product-type-simple"},"_links":{"self":[{"href":"https:\/\/palmiyesusleme.com\/index.php\/wp-json\/wp\/v2\/product\/11575","targetHints":{"allow":["GET"]}}],"collection":[{"href":"https:\/\/palmiyesusleme.com\/index.php\/wp-json\/wp\/v2\/product"}],"about":[{"href":"https:\/\/palmiyesusleme.com\/index.php\/wp-json\/wp\/v2\/types\/product"}],"replies":[{"embeddable":true,"href":"https:\/\/palmiyesusleme.com\/index.php\/wp-json\/wp\/v2\/comments?post=11575"}],"wp:featuredmedia":[{"embeddable":true,"href":"https:\/\/palmiyesusleme.com\/index.php\/wp-json\/wp\/v2\/media\/11576"}],"wp:attachment":[{"href":"https:\/\/palmiyesusleme.com\/index.php\/wp-json\/wp\/v2\/media?parent=11575"}],"wp:term":[{"taxonomy":"product_cat","embeddable":true,"href":"https:\/\/palmiyesusleme.com\/index.php\/wp-json\/wp\/v2\/product_cat?post=11575"},{"taxonomy":"product_tag","embeddable":true,"href":"https:\/\/palmiyesusleme.com\/index.php\/wp-json\/wp\/v2\/product_tag?post=11575"}],"curies":[{"name":"wp","href":"https:\/\/api.w.org\/{rel}","templated":true}]}}