{"id":11756,"date":"2024-03-07T16:55:41","date_gmt":"2024-03-07T13:55:41","guid":{"rendered":"https:\/\/palmiyesusleme.com\/index.php\/urun\/bambu-cafe-werzalit-tabla\/"},"modified":"2024-03-07T16:55:53","modified_gmt":"2024-03-07T13:55:53","slug":"bambu-cafe-werzalit-tabla","status":"publish","type":"product","link":"https:\/\/palmiyesusleme.com\/index.php\/urun\/bambu-cafe-werzalit-tabla\/","title":{"rendered":"Bambu Cafe Werzalit Tabla"},"content":{"rendered":"<p>Bambu Cafe Werzalit Tabla&lt;hr&gt;&lt;table class=&quot;table table-bordered&quot;&gt;<br \/>\n    &lt;tbody&gt;<br \/>\n    &lt;tr&gt;<br \/>\n        &lt;td class=&quot;text-center&quot; colspan=&quot;4&quot;&gt;&lt;img src=&quot;https:\/\/www.palmiyekocak.com\/image\/urun-olculeri\/masa-tabla.png&quot;&gt;&lt;br&gt;&lt;\/td&gt;<br \/>\n    &lt;\/tr&gt;<br \/>\n    &lt;tr&gt;<br \/>\n        &lt;td class=&quot;text-center&quot;&gt;&lt;span class=&quot;text-center&quot; style=&quot;vertical-align:middle&quot;&gt;&lt;strong&gt;Geni\u015flik&lt;\/strong&gt;&lt;\/span&gt;&lt;\/td&gt;<br \/>\n        &lt;td class=&quot;text-center&quot;&gt;&lt;span class=&quot;text-center&quot; style=&quot;vertical-align:middle&quot;&gt;&lt;strong&gt;Uzunluk&lt;\/strong&gt;&lt;\/span&gt;&lt;\/td&gt;<br \/>\n        &lt;td class=&quot;text-center&quot;&gt;&lt;span class=&quot;text-center&quot; style=&quot;vertical-align:middle&quot;&gt;&lt;strong&gt;Kal\u0131nl\u0131k&lt;\/strong&gt;&lt;\/span&gt;&lt;\/td&gt;<br \/>\n    &lt;\/tr&gt;<br \/>\n    &lt;tr&gt;<br \/>\n        &lt;td class=&quot;text-center&quot;&gt;\u00a0&lt;\/td&gt;<br \/>\n        &lt;td class=&quot;text-center&quot;&gt;\u00a0&lt;\/td&gt;<br \/>\n        &lt;td class=&quot;text-center&quot;&gt;\u00a0&lt;\/td&gt;<br \/>\n    &lt;\/tr&gt;<br \/>\n    &lt;tr&gt;<br \/>\n        &lt;td class=&quot;text-center&quot; colspan=&quot;4&quot;&gt;\u0130ste\u011fe \u00f6zel olarak malzeme cinsinde (ah\u015fap,boya,kuma\u015f,deri) ve \u00fcr\u00fcn \u00f6l\u00e7\u00fclerinde de\u011fi\u015fiklik yap\u0131labilir.&lt;\/td&gt;<br \/>\n    &lt;\/tr&gt;<br \/>\n    &lt;\/tbody&gt;<br \/>\n&lt;\/table&gt;<br \/>\n&lt;hr&gt;<\/p>\n","protected":false},"excerpt":{"rendered":"<p>Bambu Cafe Werzalit Tabla&lt;hr&gt;&lt;table class=&quot;table table-bordered&quot;&gt; &lt;tbody&gt; &lt;tr&gt; &lt;td class=&quot;text-center&quot; colspan=&quot;4&quot;&gt;&lt;img src=&quot;https:\/\/www.palmiyekocak.com\/image\/urun-olculeri\/masa-tabla.png&quot;&gt;&lt;br&gt;&lt;\/td&gt; &lt;\/tr&gt; &lt;tr&gt; &lt;td class=&quot;text-center&quot;&gt;&lt;span class=&quot;text-center&quot; style=&quot;vertical-align:middle&quot;&gt;&lt;strong&gt;Geni\u015flik&lt;\/strong&gt;&lt;\/span&gt;&lt;\/td&gt; &lt;td class=&quot;text-center&quot;&gt;&lt;span class=&quot;text-center&quot; style=&quot;vertical-align:middle&quot;&gt;&lt;strong&gt;Uzunluk&lt;\/strong&gt;&lt;\/span&gt;&lt;\/td&gt; &lt;td class=&quot;text-center&quot;&gt;&lt;span class=&quot;text-center&quot; style=&quot;vertical-align:middle&quot;&gt;&lt;strong&gt;Kal\u0131nl\u0131k&lt;\/strong&gt;&lt;\/span&gt;&lt;\/td&gt; &lt;\/tr&gt; &lt;tr&gt; &lt;td class=&quot;text-center&quot;&gt;\u00a0&lt;\/td&gt; &lt;td class=&quot;text-center&quot;&gt;\u00a0&lt;\/td&gt; &lt;td class=&quot;text-center&quot;&gt;\u00a0&lt;\/td&gt; &lt;\/tr&gt; &lt;tr&gt; &lt;td class=&quot;text-center&quot; colspan=&quot;4&quot;&gt;\u0130ste\u011fe \u00f6zel olarak malzeme cinsinde (ah\u015fap,boya,kuma\u015f,deri) ve \u00fcr\u00fcn \u00f6l\u00e7\u00fclerinde de\u011fi\u015fiklik yap\u0131labilir.&lt;\/td&gt; &lt;\/tr&gt; &lt;\/tbody&gt; &lt;\/table&gt; &lt;hr&gt;<\/p>\n","protected":false},"featured_media":11757,"comment_status":"closed","ping_status":"open","template":"","meta":{"_joinchat":[]},"product_cat":[226],"product_tag":[],"class_list":{"0":"post-11756","1":"product","2":"type-product","3":"status-publish","4":"has-post-thumbnail","6":"product_cat-werzalit-masa-tablasi","8":"first","9":"instock","10":"product-type-simple"},"_links":{"self":[{"href":"https:\/\/palmiyesusleme.com\/index.php\/wp-json\/wp\/v2\/product\/11756","targetHints":{"allow":["GET"]}}],"collection":[{"href":"https:\/\/palmiyesusleme.com\/index.php\/wp-json\/wp\/v2\/product"}],"about":[{"href":"https:\/\/palmiyesusleme.com\/index.php\/wp-json\/wp\/v2\/types\/product"}],"replies":[{"embeddable":true,"href":"https:\/\/palmiyesusleme.com\/index.php\/wp-json\/wp\/v2\/comments?post=11756"}],"wp:featuredmedia":[{"embeddable":true,"href":"https:\/\/palmiyesusleme.com\/index.php\/wp-json\/wp\/v2\/media\/11757"}],"wp:attachment":[{"href":"https:\/\/palmiyesusleme.com\/index.php\/wp-json\/wp\/v2\/media?parent=11756"}],"wp:term":[{"taxonomy":"product_cat","embeddable":true,"href":"https:\/\/palmiyesusleme.com\/index.php\/wp-json\/wp\/v2\/product_cat?post=11756"},{"taxonomy":"product_tag","embeddable":true,"href":"https:\/\/palmiyesusleme.com\/index.php\/wp-json\/wp\/v2\/product_tag?post=11756"}],"curies":[{"name":"wp","href":"https:\/\/api.w.org\/{rel}","templated":true}]}}