{"id":11928,"date":"2024-03-07T16:57:01","date_gmt":"2024-03-07T13:57:01","guid":{"rendered":"https:\/\/palmiyesusleme.com\/index.php\/urun\/kapitoneli-dis-yuzey-poliuretan-retro-ayakli-sandalye\/"},"modified":"2024-03-07T16:57:17","modified_gmt":"2024-03-07T13:57:17","slug":"kapitoneli-dis-yuzey-poliuretan-retro-ayakli-sandalye","status":"publish","type":"product","link":"https:\/\/palmiyesusleme.com\/index.php\/urun\/kapitoneli-dis-yuzey-poliuretan-retro-ayakli-sandalye\/","title":{"rendered":"Kapitoneli D\u0131\u015f Y\u00fczey Poli\u00fcretan Retro Ayakl\u0131 Sandalye"},"content":{"rendered":"<p>&lt;p&gt;Kapitoneli D\u0131\u015f Y\u00fczey Poli\u00fcretan Retro Ayakl\u0131 Sandalye&lt;br&gt;&lt;\/p&gt;<\/p>\n","protected":false},"excerpt":{"rendered":"<p>&lt;p&gt;Kapitoneli D\u0131\u015f Y\u00fczey Poli\u00fcretan Retro Ayakl\u0131 Sandalye&lt;br&gt;&lt;\/p&gt;<\/p>\n","protected":false},"featured_media":11929,"comment_status":"closed","ping_status":"open","template":"","meta":{"_joinchat":[]},"product_cat":[183,105],"product_tag":[],"class_list":{"0":"post-11928","1":"product","2":"type-product","3":"status-publish","4":"has-post-thumbnail","6":"product_cat-ahsap-modern-kollu-sandalye","7":"product_cat-poliuretan-sandalyeler","9":"first","10":"instock","11":"product-type-simple"},"_links":{"self":[{"href":"https:\/\/palmiyesusleme.com\/index.php\/wp-json\/wp\/v2\/product\/11928","targetHints":{"allow":["GET"]}}],"collection":[{"href":"https:\/\/palmiyesusleme.com\/index.php\/wp-json\/wp\/v2\/product"}],"about":[{"href":"https:\/\/palmiyesusleme.com\/index.php\/wp-json\/wp\/v2\/types\/product"}],"replies":[{"embeddable":true,"href":"https:\/\/palmiyesusleme.com\/index.php\/wp-json\/wp\/v2\/comments?post=11928"}],"wp:featuredmedia":[{"embeddable":true,"href":"https:\/\/palmiyesusleme.com\/index.php\/wp-json\/wp\/v2\/media\/11929"}],"wp:attachment":[{"href":"https:\/\/palmiyesusleme.com\/index.php\/wp-json\/wp\/v2\/media?parent=11928"}],"wp:term":[{"taxonomy":"product_cat","embeddable":true,"href":"https:\/\/palmiyesusleme.com\/index.php\/wp-json\/wp\/v2\/product_cat?post=11928"},{"taxonomy":"product_tag","embeddable":true,"href":"https:\/\/palmiyesusleme.com\/index.php\/wp-json\/wp\/v2\/product_tag?post=11928"}],"curies":[{"name":"wp","href":"https:\/\/api.w.org\/{rel}","templated":true}]}}