{"id":11970,"date":"2024-03-07T16:57:46","date_gmt":"2024-03-07T13:57:46","guid":{"rendered":"https:\/\/palmiyesusleme.com\/index.php\/urun\/varakli-lukens-ayakli-klasik-zigon-sehpa\/"},"modified":"2024-03-07T16:57:46","modified_gmt":"2024-03-07T13:57:46","slug":"varakli-lukens-ayakli-klasik-zigon-sehpa","status":"publish","type":"product","link":"https:\/\/palmiyesusleme.com\/index.php\/urun\/varakli-lukens-ayakli-klasik-zigon-sehpa\/","title":{"rendered":"Varakl\u0131 Lukens Ayakl\u0131 Klasik Zigon Sehpa"},"content":{"rendered":"<p>Varakl\u0131 Lukens Ayakl\u0131 Klasik Zigon Sehpa<\/p>\n","protected":false},"excerpt":{"rendered":"<p>Varakl\u0131 Lukens Ayakl\u0131 Klasik Zigon Sehpa<\/p>\n","protected":false},"featured_media":11971,"comment_status":"closed","ping_status":"open","template":"","meta":{"_joinchat":[]},"product_cat":[104],"product_tag":[],"class_list":{"0":"post-11970","1":"product","2":"type-product","3":"status-publish","4":"has-post-thumbnail","6":"product_cat-zigon-sehpa","8":"first","9":"instock","10":"product-type-simple"},"_links":{"self":[{"href":"https:\/\/palmiyesusleme.com\/index.php\/wp-json\/wp\/v2\/product\/11970","targetHints":{"allow":["GET"]}}],"collection":[{"href":"https:\/\/palmiyesusleme.com\/index.php\/wp-json\/wp\/v2\/product"}],"about":[{"href":"https:\/\/palmiyesusleme.com\/index.php\/wp-json\/wp\/v2\/types\/product"}],"replies":[{"embeddable":true,"href":"https:\/\/palmiyesusleme.com\/index.php\/wp-json\/wp\/v2\/comments?post=11970"}],"wp:featuredmedia":[{"embeddable":true,"href":"https:\/\/palmiyesusleme.com\/index.php\/wp-json\/wp\/v2\/media\/11971"}],"wp:attachment":[{"href":"https:\/\/palmiyesusleme.com\/index.php\/wp-json\/wp\/v2\/media?parent=11970"}],"wp:term":[{"taxonomy":"product_cat","embeddable":true,"href":"https:\/\/palmiyesusleme.com\/index.php\/wp-json\/wp\/v2\/product_cat?post=11970"},{"taxonomy":"product_tag","embeddable":true,"href":"https:\/\/palmiyesusleme.com\/index.php\/wp-json\/wp\/v2\/product_tag?post=11970"}],"curies":[{"name":"wp","href":"https:\/\/api.w.org\/{rel}","templated":true}]}}