{"id":11976,"date":"2024-03-07T16:57:46","date_gmt":"2024-03-07T13:57:46","guid":{"rendered":"https:\/\/palmiyesusleme.com\/index.php\/urun\/yaldizli-lukens-ayakli-klasik-orta-sehpa\/"},"modified":"2024-03-07T16:57:51","modified_gmt":"2024-03-07T13:57:51","slug":"yaldizli-lukens-ayakli-klasik-orta-sehpa","status":"publish","type":"product","link":"https:\/\/palmiyesusleme.com\/index.php\/urun\/yaldizli-lukens-ayakli-klasik-orta-sehpa\/","title":{"rendered":"Yald\u0131zl\u0131 Lukens Ayakl\u0131 Klasik Orta Sehpa"},"content":{"rendered":"<p>Yald\u0131zl\u0131 Lukens Ayakl\u0131 Klasik Orta Sehpa<\/p>\n","protected":false},"excerpt":{"rendered":"<p>Yald\u0131zl\u0131 Lukens Ayakl\u0131 Klasik Orta Sehpa<\/p>\n","protected":false},"featured_media":11977,"comment_status":"closed","ping_status":"open","template":"","meta":{"_joinchat":[]},"product_cat":[104],"product_tag":[],"class_list":{"0":"post-11976","1":"product","2":"type-product","3":"status-publish","4":"has-post-thumbnail","6":"product_cat-zigon-sehpa","8":"first","9":"instock","10":"product-type-simple"},"_links":{"self":[{"href":"https:\/\/palmiyesusleme.com\/index.php\/wp-json\/wp\/v2\/product\/11976","targetHints":{"allow":["GET"]}}],"collection":[{"href":"https:\/\/palmiyesusleme.com\/index.php\/wp-json\/wp\/v2\/product"}],"about":[{"href":"https:\/\/palmiyesusleme.com\/index.php\/wp-json\/wp\/v2\/types\/product"}],"replies":[{"embeddable":true,"href":"https:\/\/palmiyesusleme.com\/index.php\/wp-json\/wp\/v2\/comments?post=11976"}],"wp:featuredmedia":[{"embeddable":true,"href":"https:\/\/palmiyesusleme.com\/index.php\/wp-json\/wp\/v2\/media\/11977"}],"wp:attachment":[{"href":"https:\/\/palmiyesusleme.com\/index.php\/wp-json\/wp\/v2\/media?parent=11976"}],"wp:term":[{"taxonomy":"product_cat","embeddable":true,"href":"https:\/\/palmiyesusleme.com\/index.php\/wp-json\/wp\/v2\/product_cat?post=11976"},{"taxonomy":"product_tag","embeddable":true,"href":"https:\/\/palmiyesusleme.com\/index.php\/wp-json\/wp\/v2\/product_tag?post=11976"}],"curies":[{"name":"wp","href":"https:\/\/api.w.org\/{rel}","templated":true}]}}