{"id":12020,"date":"2024-03-07T16:58:07","date_gmt":"2024-03-07T13:58:07","guid":{"rendered":"https:\/\/palmiyesusleme.com\/index.php\/urun\/otel-cafe-restoran-cay-bahcesi-dogal-kaplama-masasi\/"},"modified":"2024-03-07T16:58:10","modified_gmt":"2024-03-07T13:58:10","slug":"otel-cafe-restoran-cay-bahcesi-dogal-kaplama-masasi","status":"publish","type":"product","link":"https:\/\/palmiyesusleme.com\/index.php\/urun\/otel-cafe-restoran-cay-bahcesi-dogal-kaplama-masasi\/","title":{"rendered":"Otel Cafe Restoran \u00c7ay Bah\u00e7esi Do\u011fal Kaplama Masas\u0131"},"content":{"rendered":"<p>&Uuml;r&uuml;n hakk\u0131nda bilgi ve fiyat almak i&ccedil;in &uuml;r&uuml;n kodunu ve adetini bize E-posta, Whatsapp veya Telefon yoluyla iletiniz. Sat\u0131\u015f ekibimiz en k\u0131sa s&uuml;rede size d&ouml;necektir.&lt;hr&gt;Otel Cafe Restoran &Ccedil;ay Bah&ccedil;esi Do\u011fal Kaplama Masas\u0131<\/p>\n","protected":false},"excerpt":{"rendered":"<p>&Uuml;r&uuml;n hakk\u0131nda bilgi ve fiyat almak i&ccedil;in &uuml;r&uuml;n kodunu ve adetini bize E-posta, Whatsapp veya Telefon yoluyla iletiniz. Sat\u0131\u015f ekibimiz en k\u0131sa s&uuml;rede size d&ouml;necektir.&lt;hr&gt;Otel Cafe Restoran &Ccedil;ay Bah&ccedil;esi Do\u011fal Kaplama Masas\u0131<\/p>\n","protected":false},"featured_media":12021,"comment_status":"closed","ping_status":"open","template":"","meta":{"_joinchat":[]},"product_cat":[229],"product_tag":[],"class_list":{"0":"post-12020","1":"product","2":"type-product","3":"status-publish","4":"has-post-thumbnail","6":"product_cat-dogal-kaplama-ve-membran-masalar","8":"first","9":"instock","10":"product-type-simple"},"_links":{"self":[{"href":"https:\/\/palmiyesusleme.com\/index.php\/wp-json\/wp\/v2\/product\/12020","targetHints":{"allow":["GET"]}}],"collection":[{"href":"https:\/\/palmiyesusleme.com\/index.php\/wp-json\/wp\/v2\/product"}],"about":[{"href":"https:\/\/palmiyesusleme.com\/index.php\/wp-json\/wp\/v2\/types\/product"}],"replies":[{"embeddable":true,"href":"https:\/\/palmiyesusleme.com\/index.php\/wp-json\/wp\/v2\/comments?post=12020"}],"wp:featuredmedia":[{"embeddable":true,"href":"https:\/\/palmiyesusleme.com\/index.php\/wp-json\/wp\/v2\/media\/12021"}],"wp:attachment":[{"href":"https:\/\/palmiyesusleme.com\/index.php\/wp-json\/wp\/v2\/media?parent=12020"}],"wp:term":[{"taxonomy":"product_cat","embeddable":true,"href":"https:\/\/palmiyesusleme.com\/index.php\/wp-json\/wp\/v2\/product_cat?post=12020"},{"taxonomy":"product_tag","embeddable":true,"href":"https:\/\/palmiyesusleme.com\/index.php\/wp-json\/wp\/v2\/product_tag?post=12020"}],"curies":[{"name":"wp","href":"https:\/\/api.w.org\/{rel}","templated":true}]}}