{"id":1590,"date":"2024-03-07T15:15:36","date_gmt":"2024-03-07T12:15:36","guid":{"rendered":"https:\/\/palmiyesusleme.com\/index.php\/urun\/kirmizi-renkli-iki-koltuklu-plastik-kafe-restoran-grup-oturma-banklari-bmk6338\/"},"modified":"2024-03-07T15:15:47","modified_gmt":"2024-03-07T12:15:47","slug":"kirmizi-renkli-iki-koltuklu-plastik-kafe-restoran-grup-oturma-banklari-bmk6338","status":"publish","type":"product","link":"https:\/\/palmiyesusleme.com\/index.php\/urun\/kirmizi-renkli-iki-koltuklu-plastik-kafe-restoran-grup-oturma-banklari-bmk6338\/","title":{"rendered":"K\u0131rm\u0131z\u0131 Renkli \u0130ki Koltuklu Plastik Kafe Restoran Grup Oturma Banklar\u0131 bmk6338"},"content":{"rendered":"<p>&lt;p&gt;Grup Oturma Banklar\u0131&lt;br&gt;&lt;\/p&gt;<\/p>\n","protected":false},"excerpt":{"rendered":"<p>&lt;p&gt;Grup Oturma Banklar\u0131&lt;br&gt;&lt;\/p&gt;<\/p>\n","protected":false},"featured_media":1591,"comment_status":"closed","ping_status":"open","template":"","meta":{"_joinchat":[]},"product_cat":[95],"product_tag":[],"class_list":{"0":"post-1590","1":"product","2":"type-product","3":"status-publish","4":"has-post-thumbnail","6":"product_cat-kafe-restoran-grup-banklari","8":"first","9":"instock","10":"product-type-simple"},"_links":{"self":[{"href":"https:\/\/palmiyesusleme.com\/index.php\/wp-json\/wp\/v2\/product\/1590","targetHints":{"allow":["GET"]}}],"collection":[{"href":"https:\/\/palmiyesusleme.com\/index.php\/wp-json\/wp\/v2\/product"}],"about":[{"href":"https:\/\/palmiyesusleme.com\/index.php\/wp-json\/wp\/v2\/types\/product"}],"replies":[{"embeddable":true,"href":"https:\/\/palmiyesusleme.com\/index.php\/wp-json\/wp\/v2\/comments?post=1590"}],"wp:featuredmedia":[{"embeddable":true,"href":"https:\/\/palmiyesusleme.com\/index.php\/wp-json\/wp\/v2\/media\/1591"}],"wp:attachment":[{"href":"https:\/\/palmiyesusleme.com\/index.php\/wp-json\/wp\/v2\/media?parent=1590"}],"wp:term":[{"taxonomy":"product_cat","embeddable":true,"href":"https:\/\/palmiyesusleme.com\/index.php\/wp-json\/wp\/v2\/product_cat?post=1590"},{"taxonomy":"product_tag","embeddable":true,"href":"https:\/\/palmiyesusleme.com\/index.php\/wp-json\/wp\/v2\/product_tag?post=1590"}],"curies":[{"name":"wp","href":"https:\/\/api.w.org\/{rel}","templated":true}]}}