{"id":1606,"date":"2024-03-07T15:15:36","date_gmt":"2024-03-07T12:15:36","guid":{"rendered":"https:\/\/palmiyesusleme.com\/index.php\/urun\/retro-gorunumlu-metal-bank\/"},"modified":"2024-03-07T15:15:56","modified_gmt":"2024-03-07T12:15:56","slug":"retro-gorunumlu-metal-bank","status":"publish","type":"product","link":"https:\/\/palmiyesusleme.com\/index.php\/urun\/retro-gorunumlu-metal-bank\/","title":{"rendered":"Retro G\u00f6r\u00fcn\u00fcml\u00fc Metal Bank"},"content":{"rendered":"<p>&lt;p&gt;Retro G\u00f6r\u00fcn\u00fcml\u00fc Metal Bank&lt;br&gt;&lt;\/p&gt;<\/p>\n","protected":false},"excerpt":{"rendered":"<p>&lt;p&gt;Retro G\u00f6r\u00fcn\u00fcml\u00fc Metal Bank&lt;br&gt;&lt;\/p&gt;<\/p>\n","protected":false},"featured_media":1607,"comment_status":"closed","ping_status":"open","template":"","meta":{"_joinchat":[]},"product_cat":[96],"product_tag":[],"class_list":{"0":"post-1606","1":"product","2":"type-product","3":"status-publish","4":"has-post-thumbnail","6":"product_cat-banklar","8":"first","9":"instock","10":"product-type-simple"},"_links":{"self":[{"href":"https:\/\/palmiyesusleme.com\/index.php\/wp-json\/wp\/v2\/product\/1606","targetHints":{"allow":["GET"]}}],"collection":[{"href":"https:\/\/palmiyesusleme.com\/index.php\/wp-json\/wp\/v2\/product"}],"about":[{"href":"https:\/\/palmiyesusleme.com\/index.php\/wp-json\/wp\/v2\/types\/product"}],"replies":[{"embeddable":true,"href":"https:\/\/palmiyesusleme.com\/index.php\/wp-json\/wp\/v2\/comments?post=1606"}],"wp:featuredmedia":[{"embeddable":true,"href":"https:\/\/palmiyesusleme.com\/index.php\/wp-json\/wp\/v2\/media\/1607"}],"wp:attachment":[{"href":"https:\/\/palmiyesusleme.com\/index.php\/wp-json\/wp\/v2\/media?parent=1606"}],"wp:term":[{"taxonomy":"product_cat","embeddable":true,"href":"https:\/\/palmiyesusleme.com\/index.php\/wp-json\/wp\/v2\/product_cat?post=1606"},{"taxonomy":"product_tag","embeddable":true,"href":"https:\/\/palmiyesusleme.com\/index.php\/wp-json\/wp\/v2\/product_tag?post=1606"}],"curies":[{"name":"wp","href":"https:\/\/api.w.org\/{rel}","templated":true}]}}