{"id":1610,"date":"2024-03-07T15:16:01","date_gmt":"2024-03-07T12:16:01","guid":{"rendered":"https:\/\/palmiyesusleme.com\/index.php\/urun\/pirinc-kaplamali-paslanmaz-v-ayakli-siyah-renkli-dis-mekan-mermer-masa-brs3698\/"},"modified":"2024-03-07T15:16:01","modified_gmt":"2024-03-07T12:16:01","slug":"pirinc-kaplamali-paslanmaz-v-ayakli-siyah-renkli-dis-mekan-mermer-masa-brs3698","status":"publish","type":"product","link":"https:\/\/palmiyesusleme.com\/index.php\/urun\/pirinc-kaplamali-paslanmaz-v-ayakli-siyah-renkli-dis-mekan-mermer-masa-brs3698\/","title":{"rendered":"Pirin\u00e7 Kaplamal\u0131 Paslanmaz V Ayakl\u0131 Siyah Renkli D\u0131\u015f Mekan Mermer Masa brs3698"},"content":{"rendered":"<p>&lt;p&gt;Paslanmaz Mermer Masa&lt;\/p&gt;<\/p>\n","protected":false},"excerpt":{"rendered":"<p>&lt;p&gt;Paslanmaz Mermer Masa&lt;\/p&gt;<\/p>\n","protected":false},"featured_media":1611,"comment_status":"closed","ping_status":"open","template":"","meta":{"_joinchat":[]},"product_cat":[97,60,98],"product_tag":[],"class_list":{"0":"post-1610","1":"product","2":"type-product","3":"status-publish","4":"has-post-thumbnail","6":"product_cat-mermer-masalar","7":"product_cat-paslanmaz-masalar","8":"product_cat-pirinc-kaplama-masa","10":"first","11":"instock","12":"product-type-simple"},"_links":{"self":[{"href":"https:\/\/palmiyesusleme.com\/index.php\/wp-json\/wp\/v2\/product\/1610","targetHints":{"allow":["GET"]}}],"collection":[{"href":"https:\/\/palmiyesusleme.com\/index.php\/wp-json\/wp\/v2\/product"}],"about":[{"href":"https:\/\/palmiyesusleme.com\/index.php\/wp-json\/wp\/v2\/types\/product"}],"replies":[{"embeddable":true,"href":"https:\/\/palmiyesusleme.com\/index.php\/wp-json\/wp\/v2\/comments?post=1610"}],"wp:featuredmedia":[{"embeddable":true,"href":"https:\/\/palmiyesusleme.com\/index.php\/wp-json\/wp\/v2\/media\/1611"}],"wp:attachment":[{"href":"https:\/\/palmiyesusleme.com\/index.php\/wp-json\/wp\/v2\/media?parent=1610"}],"wp:term":[{"taxonomy":"product_cat","embeddable":true,"href":"https:\/\/palmiyesusleme.com\/index.php\/wp-json\/wp\/v2\/product_cat?post=1610"},{"taxonomy":"product_tag","embeddable":true,"href":"https:\/\/palmiyesusleme.com\/index.php\/wp-json\/wp\/v2\/product_tag?post=1610"}],"curies":[{"name":"wp","href":"https:\/\/api.w.org\/{rel}","templated":true}]}}