{"id":1642,"date":"2024-03-07T15:16:01","date_gmt":"2024-03-07T12:16:01","guid":{"rendered":"https:\/\/palmiyesusleme.com\/index.php\/urun\/pirinc-kaplamali-paslanmaz-y-ayakli-beyaz-renkli-dis-mekan-dikdortgen-mermer-masa-brs4726\/"},"modified":"2024-03-07T15:16:20","modified_gmt":"2024-03-07T12:16:20","slug":"pirinc-kaplamali-paslanmaz-y-ayakli-beyaz-renkli-dis-mekan-dikdortgen-mermer-masa-brs4726","status":"publish","type":"product","link":"https:\/\/palmiyesusleme.com\/index.php\/urun\/pirinc-kaplamali-paslanmaz-y-ayakli-beyaz-renkli-dis-mekan-dikdortgen-mermer-masa-brs4726\/","title":{"rendered":"Pirin\u00e7 Kaplamal\u0131 Paslanmaz Y Ayakl\u0131 Beyaz Renkli D\u0131\u015f Mekan Dikd\u00f6rtgen Mermer Masa brs4726"},"content":{"rendered":"<p>&lt;p&gt;Paslanmaz Mermer Masa&lt;br&gt;&lt;\/p&gt;<\/p>\n","protected":false},"excerpt":{"rendered":"<p>&lt;p&gt;Paslanmaz Mermer Masa&lt;br&gt;&lt;\/p&gt;<\/p>\n","protected":false},"featured_media":1643,"comment_status":"closed","ping_status":"open","template":"","meta":{"_joinchat":[]},"product_cat":[97,60,98],"product_tag":[],"class_list":{"0":"post-1642","1":"product","2":"type-product","3":"status-publish","4":"has-post-thumbnail","6":"product_cat-mermer-masalar","7":"product_cat-paslanmaz-masalar","8":"product_cat-pirinc-kaplama-masa","10":"first","11":"instock","12":"product-type-simple"},"_links":{"self":[{"href":"https:\/\/palmiyesusleme.com\/index.php\/wp-json\/wp\/v2\/product\/1642","targetHints":{"allow":["GET"]}}],"collection":[{"href":"https:\/\/palmiyesusleme.com\/index.php\/wp-json\/wp\/v2\/product"}],"about":[{"href":"https:\/\/palmiyesusleme.com\/index.php\/wp-json\/wp\/v2\/types\/product"}],"replies":[{"embeddable":true,"href":"https:\/\/palmiyesusleme.com\/index.php\/wp-json\/wp\/v2\/comments?post=1642"}],"wp:featuredmedia":[{"embeddable":true,"href":"https:\/\/palmiyesusleme.com\/index.php\/wp-json\/wp\/v2\/media\/1643"}],"wp:attachment":[{"href":"https:\/\/palmiyesusleme.com\/index.php\/wp-json\/wp\/v2\/media?parent=1642"}],"wp:term":[{"taxonomy":"product_cat","embeddable":true,"href":"https:\/\/palmiyesusleme.com\/index.php\/wp-json\/wp\/v2\/product_cat?post=1642"},{"taxonomy":"product_tag","embeddable":true,"href":"https:\/\/palmiyesusleme.com\/index.php\/wp-json\/wp\/v2\/product_tag?post=1642"}],"curies":[{"name":"wp","href":"https:\/\/api.w.org\/{rel}","templated":true}]}}