{"id":1907,"date":"2024-03-07T15:19:17","date_gmt":"2024-03-07T12:19:17","guid":{"rendered":"https:\/\/palmiyesusleme.com\/index.php\/urun\/poliuretan-sandalye-satisi-2\/"},"modified":"2024-03-07T15:19:28","modified_gmt":"2024-03-07T12:19:28","slug":"poliuretan-sandalye-satisi-2","status":"publish","type":"product","link":"https:\/\/palmiyesusleme.com\/index.php\/urun\/poliuretan-sandalye-satisi-2\/","title":{"rendered":"Poli\u00fcretan Sandalye Sat\u0131\u015f\u0131"},"content":{"rendered":"<p>Poli&uuml;retan Sandalye Sat\u0131\u015f\u0131<\/p>\n","protected":false},"excerpt":{"rendered":"<p>Poli&uuml;retan Sandalye Sat\u0131\u015f\u0131<\/p>\n","protected":false},"featured_media":1908,"comment_status":"closed","ping_status":"open","template":"","meta":{"_joinchat":[]},"product_cat":[105],"product_tag":[],"class_list":{"0":"post-1907","1":"product","2":"type-product","3":"status-publish","4":"has-post-thumbnail","6":"product_cat-poliuretan-sandalyeler","8":"first","9":"instock","10":"product-type-simple"},"_links":{"self":[{"href":"https:\/\/palmiyesusleme.com\/index.php\/wp-json\/wp\/v2\/product\/1907","targetHints":{"allow":["GET"]}}],"collection":[{"href":"https:\/\/palmiyesusleme.com\/index.php\/wp-json\/wp\/v2\/product"}],"about":[{"href":"https:\/\/palmiyesusleme.com\/index.php\/wp-json\/wp\/v2\/types\/product"}],"replies":[{"embeddable":true,"href":"https:\/\/palmiyesusleme.com\/index.php\/wp-json\/wp\/v2\/comments?post=1907"}],"wp:featuredmedia":[{"embeddable":true,"href":"https:\/\/palmiyesusleme.com\/index.php\/wp-json\/wp\/v2\/media\/1908"}],"wp:attachment":[{"href":"https:\/\/palmiyesusleme.com\/index.php\/wp-json\/wp\/v2\/media?parent=1907"}],"wp:term":[{"taxonomy":"product_cat","embeddable":true,"href":"https:\/\/palmiyesusleme.com\/index.php\/wp-json\/wp\/v2\/product_cat?post=1907"},{"taxonomy":"product_tag","embeddable":true,"href":"https:\/\/palmiyesusleme.com\/index.php\/wp-json\/wp\/v2\/product_tag?post=1907"}],"curies":[{"name":"wp","href":"https:\/\/api.w.org\/{rel}","templated":true}]}}