{"id":1937,"date":"2024-03-07T15:19:45","date_gmt":"2024-03-07T12:19:45","guid":{"rendered":"https:\/\/palmiyesusleme.com\/index.php\/urun\/poliuretan-sandalye-imalati\/"},"modified":"2024-03-07T15:19:50","modified_gmt":"2024-03-07T12:19:50","slug":"poliuretan-sandalye-imalati","status":"publish","type":"product","link":"https:\/\/palmiyesusleme.com\/index.php\/urun\/poliuretan-sandalye-imalati\/","title":{"rendered":"Poli\u00fcretan Sandalye \u0130malat\u0131"},"content":{"rendered":"<p>Poli&uuml;retan Sandalye \u0130malat\u0131<\/p>\n","protected":false},"excerpt":{"rendered":"<p>Poli&uuml;retan Sandalye \u0130malat\u0131<\/p>\n","protected":false},"featured_media":1938,"comment_status":"closed","ping_status":"open","template":"","meta":{"_joinchat":[]},"product_cat":[105],"product_tag":[],"class_list":{"0":"post-1937","1":"product","2":"type-product","3":"status-publish","4":"has-post-thumbnail","6":"product_cat-poliuretan-sandalyeler","8":"first","9":"instock","10":"product-type-simple"},"_links":{"self":[{"href":"https:\/\/palmiyesusleme.com\/index.php\/wp-json\/wp\/v2\/product\/1937","targetHints":{"allow":["GET"]}}],"collection":[{"href":"https:\/\/palmiyesusleme.com\/index.php\/wp-json\/wp\/v2\/product"}],"about":[{"href":"https:\/\/palmiyesusleme.com\/index.php\/wp-json\/wp\/v2\/types\/product"}],"replies":[{"embeddable":true,"href":"https:\/\/palmiyesusleme.com\/index.php\/wp-json\/wp\/v2\/comments?post=1937"}],"wp:featuredmedia":[{"embeddable":true,"href":"https:\/\/palmiyesusleme.com\/index.php\/wp-json\/wp\/v2\/media\/1938"}],"wp:attachment":[{"href":"https:\/\/palmiyesusleme.com\/index.php\/wp-json\/wp\/v2\/media?parent=1937"}],"wp:term":[{"taxonomy":"product_cat","embeddable":true,"href":"https:\/\/palmiyesusleme.com\/index.php\/wp-json\/wp\/v2\/product_cat?post=1937"},{"taxonomy":"product_tag","embeddable":true,"href":"https:\/\/palmiyesusleme.com\/index.php\/wp-json\/wp\/v2\/product_tag?post=1937"}],"curies":[{"name":"wp","href":"https:\/\/api.w.org\/{rel}","templated":true}]}}