{"id":1963,"date":"2024-03-07T15:19:45","date_gmt":"2024-03-07T12:19:45","guid":{"rendered":"https:\/\/palmiyesusleme.com\/index.php\/urun\/kontra-govdeli-gurgen-ahsap-sandalye\/"},"modified":"2024-03-07T15:20:04","modified_gmt":"2024-03-07T12:20:04","slug":"kontra-govdeli-gurgen-ahsap-sandalye","status":"publish","type":"product","link":"https:\/\/palmiyesusleme.com\/index.php\/urun\/kontra-govdeli-gurgen-ahsap-sandalye\/","title":{"rendered":"Kontra G\u00f6vdeli G\u00fcrgen Ah\u015fap Sandalye"},"content":{"rendered":"<p>Kontra G&ouml;vdeli G&uuml;rgen Ah\u015fap Sandalye<\/p>\n","protected":false},"excerpt":{"rendered":"<p>Kontra G&ouml;vdeli G&uuml;rgen Ah\u015fap Sandalye<\/p>\n","protected":false},"featured_media":1964,"comment_status":"closed","ping_status":"open","template":"","meta":{"_joinchat":[]},"product_cat":[79],"product_tag":[],"class_list":{"0":"post-1963","1":"product","2":"type-product","3":"status-publish","4":"has-post-thumbnail","6":"product_cat-ahsap-sandalye","8":"first","9":"instock","10":"product-type-simple"},"_links":{"self":[{"href":"https:\/\/palmiyesusleme.com\/index.php\/wp-json\/wp\/v2\/product\/1963","targetHints":{"allow":["GET"]}}],"collection":[{"href":"https:\/\/palmiyesusleme.com\/index.php\/wp-json\/wp\/v2\/product"}],"about":[{"href":"https:\/\/palmiyesusleme.com\/index.php\/wp-json\/wp\/v2\/types\/product"}],"replies":[{"embeddable":true,"href":"https:\/\/palmiyesusleme.com\/index.php\/wp-json\/wp\/v2\/comments?post=1963"}],"wp:featuredmedia":[{"embeddable":true,"href":"https:\/\/palmiyesusleme.com\/index.php\/wp-json\/wp\/v2\/media\/1964"}],"wp:attachment":[{"href":"https:\/\/palmiyesusleme.com\/index.php\/wp-json\/wp\/v2\/media?parent=1963"}],"wp:term":[{"taxonomy":"product_cat","embeddable":true,"href":"https:\/\/palmiyesusleme.com\/index.php\/wp-json\/wp\/v2\/product_cat?post=1963"},{"taxonomy":"product_tag","embeddable":true,"href":"https:\/\/palmiyesusleme.com\/index.php\/wp-json\/wp\/v2\/product_tag?post=1963"}],"curies":[{"name":"wp","href":"https:\/\/api.w.org\/{rel}","templated":true}]}}