{"id":1983,"date":"2024-03-07T15:20:11","date_gmt":"2024-03-07T12:20:11","guid":{"rendered":"https:\/\/palmiyesusleme.com\/index.php\/urun\/gurgen-agac-govdeli-ahsap-sandalye\/"},"modified":"2024-03-07T15:20:19","modified_gmt":"2024-03-07T12:20:19","slug":"gurgen-agac-govdeli-ahsap-sandalye","status":"publish","type":"product","link":"https:\/\/palmiyesusleme.com\/index.php\/urun\/gurgen-agac-govdeli-ahsap-sandalye\/","title":{"rendered":"G\u00fcrgen A\u011fac G\u00f6vdeli Ah\u015fap Sandalye"},"content":{"rendered":"<p>G&uuml;rgen A\u011fac G&ouml;vdeli Ah\u015fap Sandalye<\/p>\n","protected":false},"excerpt":{"rendered":"<p>G&uuml;rgen A\u011fac G&ouml;vdeli Ah\u015fap Sandalye<\/p>\n","protected":false},"featured_media":1984,"comment_status":"closed","ping_status":"open","template":"","meta":{"_joinchat":[]},"product_cat":[79],"product_tag":[],"class_list":{"0":"post-1983","1":"product","2":"type-product","3":"status-publish","4":"has-post-thumbnail","6":"product_cat-ahsap-sandalye","8":"first","9":"instock","10":"product-type-simple"},"_links":{"self":[{"href":"https:\/\/palmiyesusleme.com\/index.php\/wp-json\/wp\/v2\/product\/1983","targetHints":{"allow":["GET"]}}],"collection":[{"href":"https:\/\/palmiyesusleme.com\/index.php\/wp-json\/wp\/v2\/product"}],"about":[{"href":"https:\/\/palmiyesusleme.com\/index.php\/wp-json\/wp\/v2\/types\/product"}],"replies":[{"embeddable":true,"href":"https:\/\/palmiyesusleme.com\/index.php\/wp-json\/wp\/v2\/comments?post=1983"}],"wp:featuredmedia":[{"embeddable":true,"href":"https:\/\/palmiyesusleme.com\/index.php\/wp-json\/wp\/v2\/media\/1984"}],"wp:attachment":[{"href":"https:\/\/palmiyesusleme.com\/index.php\/wp-json\/wp\/v2\/media?parent=1983"}],"wp:term":[{"taxonomy":"product_cat","embeddable":true,"href":"https:\/\/palmiyesusleme.com\/index.php\/wp-json\/wp\/v2\/product_cat?post=1983"},{"taxonomy":"product_tag","embeddable":true,"href":"https:\/\/palmiyesusleme.com\/index.php\/wp-json\/wp\/v2\/product_tag?post=1983"}],"curies":[{"name":"wp","href":"https:\/\/api.w.org\/{rel}","templated":true}]}}