{"id":2139,"date":"2024-03-07T15:22:14","date_gmt":"2024-03-07T12:22:14","guid":{"rendered":"https:\/\/palmiyesusleme.com\/index.php\/urun\/poliuretan-sandalye-fiyati-2\/"},"modified":"2024-03-07T15:22:22","modified_gmt":"2024-03-07T12:22:22","slug":"poliuretan-sandalye-fiyati-2","status":"publish","type":"product","link":"https:\/\/palmiyesusleme.com\/index.php\/urun\/poliuretan-sandalye-fiyati-2\/","title":{"rendered":"Poli\u00fcretan Sandalye Fiyat\u0131"},"content":{"rendered":"<p>Poli&uuml;retan Sandalye Fiyat\u0131<\/p>\n","protected":false},"excerpt":{"rendered":"<p>Poli&uuml;retan Sandalye Fiyat\u0131<\/p>\n","protected":false},"featured_media":2140,"comment_status":"closed","ping_status":"open","template":"","meta":{"_joinchat":[]},"product_cat":[105],"product_tag":[],"class_list":{"0":"post-2139","1":"product","2":"type-product","3":"status-publish","4":"has-post-thumbnail","6":"product_cat-poliuretan-sandalyeler","8":"first","9":"instock","10":"product-type-simple"},"_links":{"self":[{"href":"https:\/\/palmiyesusleme.com\/index.php\/wp-json\/wp\/v2\/product\/2139","targetHints":{"allow":["GET"]}}],"collection":[{"href":"https:\/\/palmiyesusleme.com\/index.php\/wp-json\/wp\/v2\/product"}],"about":[{"href":"https:\/\/palmiyesusleme.com\/index.php\/wp-json\/wp\/v2\/types\/product"}],"replies":[{"embeddable":true,"href":"https:\/\/palmiyesusleme.com\/index.php\/wp-json\/wp\/v2\/comments?post=2139"}],"wp:featuredmedia":[{"embeddable":true,"href":"https:\/\/palmiyesusleme.com\/index.php\/wp-json\/wp\/v2\/media\/2140"}],"wp:attachment":[{"href":"https:\/\/palmiyesusleme.com\/index.php\/wp-json\/wp\/v2\/media?parent=2139"}],"wp:term":[{"taxonomy":"product_cat","embeddable":true,"href":"https:\/\/palmiyesusleme.com\/index.php\/wp-json\/wp\/v2\/product_cat?post=2139"},{"taxonomy":"product_tag","embeddable":true,"href":"https:\/\/palmiyesusleme.com\/index.php\/wp-json\/wp\/v2\/product_tag?post=2139"}],"curies":[{"name":"wp","href":"https:\/\/api.w.org\/{rel}","templated":true}]}}