{"id":2153,"date":"2024-03-07T15:22:14","date_gmt":"2024-03-07T12:22:14","guid":{"rendered":"https:\/\/palmiyesusleme.com\/index.php\/urun\/kirmizi-ve-siyah-boyali-ahsap-sandalye\/"},"modified":"2024-03-07T15:22:33","modified_gmt":"2024-03-07T12:22:33","slug":"kirmizi-ve-siyah-boyali-ahsap-sandalye","status":"publish","type":"product","link":"https:\/\/palmiyesusleme.com\/index.php\/urun\/kirmizi-ve-siyah-boyali-ahsap-sandalye\/","title":{"rendered":"K\u0131rm\u0131z\u0131 ve Siyah Boyal\u0131 Ah\u015fap Sandalye"},"content":{"rendered":"<p>K\u0131rm\u0131z\u0131 ve Siyah Boyal\u0131 Ah\u015fap Sandalye<\/p>\n","protected":false},"excerpt":{"rendered":"<p>K\u0131rm\u0131z\u0131 ve Siyah Boyal\u0131 Ah\u015fap Sandalye<\/p>\n","protected":false},"featured_media":2154,"comment_status":"closed","ping_status":"open","template":"","meta":{"_joinchat":[]},"product_cat":[79],"product_tag":[],"class_list":{"0":"post-2153","1":"product","2":"type-product","3":"status-publish","4":"has-post-thumbnail","6":"product_cat-ahsap-sandalye","8":"first","9":"instock","10":"product-type-simple"},"_links":{"self":[{"href":"https:\/\/palmiyesusleme.com\/index.php\/wp-json\/wp\/v2\/product\/2153","targetHints":{"allow":["GET"]}}],"collection":[{"href":"https:\/\/palmiyesusleme.com\/index.php\/wp-json\/wp\/v2\/product"}],"about":[{"href":"https:\/\/palmiyesusleme.com\/index.php\/wp-json\/wp\/v2\/types\/product"}],"replies":[{"embeddable":true,"href":"https:\/\/palmiyesusleme.com\/index.php\/wp-json\/wp\/v2\/comments?post=2153"}],"wp:featuredmedia":[{"embeddable":true,"href":"https:\/\/palmiyesusleme.com\/index.php\/wp-json\/wp\/v2\/media\/2154"}],"wp:attachment":[{"href":"https:\/\/palmiyesusleme.com\/index.php\/wp-json\/wp\/v2\/media?parent=2153"}],"wp:term":[{"taxonomy":"product_cat","embeddable":true,"href":"https:\/\/palmiyesusleme.com\/index.php\/wp-json\/wp\/v2\/product_cat?post=2153"},{"taxonomy":"product_tag","embeddable":true,"href":"https:\/\/palmiyesusleme.com\/index.php\/wp-json\/wp\/v2\/product_tag?post=2153"}],"curies":[{"name":"wp","href":"https:\/\/api.w.org\/{rel}","templated":true}]}}