{"id":2361,"date":"2024-03-07T15:24:47","date_gmt":"2024-03-07T12:24:47","guid":{"rendered":"https:\/\/palmiyesusleme.com\/index.php\/urun\/yildiz-ayakli-kompakt-masa\/"},"modified":"2024-03-07T15:25:08","modified_gmt":"2024-03-07T12:25:08","slug":"yildiz-ayakli-kompakt-masa","status":"publish","type":"product","link":"https:\/\/palmiyesusleme.com\/index.php\/urun\/yildiz-ayakli-kompakt-masa\/","title":{"rendered":"Y\u0131ld\u0131z Ayakl\u0131 Kompakt Masa"},"content":{"rendered":"<p>&lt;h2&gt;12mm &amp;nbsp;Y\u0131ld\u0131z Ayakl\u0131 Kompakt Masa&lt;\/h2&gt;&lt;hr&gt;&lt;h3&gt;12mm &amp;nbsp;Y\u0131ld\u0131z Ayakl\u0131 Kompakt Masa&lt;\/h3&gt;&lt;h4&gt;Pik D\u00f6k\u00fcm Ayakl\u0131&lt;br&gt;Poliamit Ayakl\u0131&lt;\/h4&gt;&lt;table class=&quot;table table-bordered&quot; style=&quot;background-color: rgb(255, 255, 255); width: 1286px;&quot;&gt;&lt;tbody&gt;&lt;tr&gt;&lt;td colspan=&quot;4&quot; class=&quot;text-center&quot; style=&quot;line-height: 1.42857;&quot;&gt;&lt;img src=&quot;https:\/\/www.palmiyekocak.com\/image\/urun-olculeri\/ahsap-klasik-kollu-sandalye-olculer.png&quot; alt=&quot;\u00d6l\u00e7\u00fc&quot;&gt;&lt;\/td&gt;&lt;\/tr&gt;&lt;tr&gt;&lt;td class=&quot;text-center&quot; style=&quot;line-height: 1.42857;&quot;&gt;&lt;span class=&quot;text-center&quot; style=&quot;vertical-align: middle;&quot;&gt;&lt;strong&gt;Geni\u015flik&lt;\/strong&gt;&lt;\/span&gt;&lt;\/td&gt;&lt;td class=&quot;text-center&quot; style=&quot;line-height: 1.42857;&quot;&gt;&lt;span class=&quot;text-center&quot; style=&quot;vertical-align: middle;&quot;&gt;&lt;strong&gt;Oturum Y\u00fcksekli\u011fi&lt;\/strong&gt;&lt;\/span&gt;&lt;\/td&gt;&lt;td class=&quot;text-center&quot; style=&quot;line-height: 1.42857;&quot;&gt;&lt;span class=&quot;text-center&quot; style=&quot;vertical-align: middle;&quot;&gt;&lt;strong&gt;Derinlik&lt;\/strong&gt;&lt;\/span&gt;&lt;\/td&gt;&lt;td class=&quot;text-center&quot; style=&quot;line-height: 1.42857;&quot;&gt;&lt;span class=&quot;text-center&quot; style=&quot;vertical-align: middle;&quot;&gt;&lt;strong&gt;Y\u00fckseklik&lt;\/strong&gt;&lt;\/span&gt;&lt;\/td&gt;&lt;\/tr&gt;&lt;tr&gt;&lt;td class=&quot;text-center&quot; style=&quot;line-height: 1.42857;&quot;&gt;&amp;nbsp;&lt;\/td&gt;&lt;td class=&quot;text-center&quot; style=&quot;line-height: 1.42857;&quot;&gt;&amp;nbsp;&lt;\/td&gt;&lt;td class=&quot;text-center&quot; style=&quot;line-height: 1.42857;&quot;&gt;&amp;nbsp;&lt;\/td&gt;&lt;td class=&quot;text-center&quot; style=&quot;line-height: 1.42857;&quot;&gt;&amp;nbsp;&lt;\/td&gt;&lt;\/tr&gt;&lt;tr&gt;&lt;td class=&quot;text-center&quot; colspan=&quot;4&quot; style=&quot;line-height: 1.42857;&quot;&gt;&lt;p&gt;\u0130ste\u011fe \u00f6zel olarak malzeme cinsinde (ah\u015fap,boya,kuma\u015f,deri) ve \u00fcr\u00fcn \u00f6l\u00e7\u00fclerinde de\u011fi\u015fiklik yap\u0131labilir.&amp;nbsp;&lt;\/p&gt;&lt;p&gt;&lt;br&gt;&lt;\/p&gt;&lt;\/td&gt;&lt;\/tr&gt;&lt;\/tbody&gt;&lt;\/table&gt;<\/p>\n","protected":false},"excerpt":{"rendered":"<p>&lt;h2&gt;12mm &amp;nbsp;Y\u0131ld\u0131z Ayakl\u0131 Kompakt Masa&lt;\/h2&gt;&lt;hr&gt;&lt;h3&gt;12mm &amp;nbsp;Y\u0131ld\u0131z Ayakl\u0131 Kompakt Masa&lt;\/h3&gt;&lt;h4&gt;Pik D\u00f6k\u00fcm Ayakl\u0131&lt;br&gt;Poliamit Ayakl\u0131&lt;\/h4&gt;&lt;table class=&quot;table table-bordered&quot; style=&quot;background-color: rgb(255, 255, 255); width: 1286px;&quot;&gt;&lt;tbody&gt;&lt;tr&gt;&lt;td colspan=&quot;4&quot; class=&quot;text-center&quot; style=&quot;line-height: 1.42857;&quot;&gt;&lt;img src=&quot;https:\/\/www.palmiyekocak.com\/image\/urun-olculeri\/ahsap-klasik-kollu-sandalye-olculer.png&quot; alt=&quot;\u00d6l\u00e7\u00fc&quot;&gt;&lt;\/td&gt;&lt;\/tr&gt;&lt;tr&gt;&lt;td class=&quot;text-center&quot; style=&quot;line-height: 1.42857;&quot;&gt;&lt;span class=&quot;text-center&quot; style=&quot;vertical-align: middle;&quot;&gt;&lt;strong&gt;Geni\u015flik&lt;\/strong&gt;&lt;\/span&gt;&lt;\/td&gt;&lt;td class=&quot;text-center&quot; style=&quot;line-height: 1.42857;&quot;&gt;&lt;span class=&quot;text-center&quot; style=&quot;vertical-align: middle;&quot;&gt;&lt;strong&gt;Oturum Y\u00fcksekli\u011fi&lt;\/strong&gt;&lt;\/span&gt;&lt;\/td&gt;&lt;td class=&quot;text-center&quot; style=&quot;line-height: 1.42857;&quot;&gt;&lt;span class=&quot;text-center&quot; style=&quot;vertical-align: middle;&quot;&gt;&lt;strong&gt;Derinlik&lt;\/strong&gt;&lt;\/span&gt;&lt;\/td&gt;&lt;td class=&quot;text-center&quot; style=&quot;line-height: 1.42857;&quot;&gt;&lt;span class=&quot;text-center&quot; style=&quot;vertical-align: middle;&quot;&gt;&lt;strong&gt;Y\u00fckseklik&lt;\/strong&gt;&lt;\/span&gt;&lt;\/td&gt;&lt;\/tr&gt;&lt;tr&gt;&lt;td class=&quot;text-center&quot; style=&quot;line-height: 1.42857;&quot;&gt;&amp;nbsp;&lt;\/td&gt;&lt;td class=&quot;text-center&quot; [&hellip;]<\/p>\n","protected":false},"featured_media":2362,"comment_status":"closed","ping_status":"open","template":"","meta":{"_joinchat":[]},"product_cat":[109],"product_tag":[],"class_list":{"0":"post-2361","1":"product","2":"type-product","3":"status-publish","4":"has-post-thumbnail","6":"product_cat-kompakt-masa","8":"first","9":"instock","10":"product-type-simple"},"_links":{"self":[{"href":"https:\/\/palmiyesusleme.com\/index.php\/wp-json\/wp\/v2\/product\/2361","targetHints":{"allow":["GET"]}}],"collection":[{"href":"https:\/\/palmiyesusleme.com\/index.php\/wp-json\/wp\/v2\/product"}],"about":[{"href":"https:\/\/palmiyesusleme.com\/index.php\/wp-json\/wp\/v2\/types\/product"}],"replies":[{"embeddable":true,"href":"https:\/\/palmiyesusleme.com\/index.php\/wp-json\/wp\/v2\/comments?post=2361"}],"wp:featuredmedia":[{"embeddable":true,"href":"https:\/\/palmiyesusleme.com\/index.php\/wp-json\/wp\/v2\/media\/2362"}],"wp:attachment":[{"href":"https:\/\/palmiyesusleme.com\/index.php\/wp-json\/wp\/v2\/media?parent=2361"}],"wp:term":[{"taxonomy":"product_cat","embeddable":true,"href":"https:\/\/palmiyesusleme.com\/index.php\/wp-json\/wp\/v2\/product_cat?post=2361"},{"taxonomy":"product_tag","embeddable":true,"href":"https:\/\/palmiyesusleme.com\/index.php\/wp-json\/wp\/v2\/product_tag?post=2361"}],"curies":[{"name":"wp","href":"https:\/\/api.w.org\/{rel}","templated":true}]}}