{"id":239,"date":"2024-03-07T14:58:39","date_gmt":"2024-03-07T11:58:39","guid":{"rendered":"https:\/\/palmiyesusleme.com\/index.php\/urun\/metal-ayakli-beyaz-yemekhane-masasi-saglam\/"},"modified":"2024-03-07T14:58:52","modified_gmt":"2024-03-07T11:58:52","slug":"metal-ayakli-beyaz-yemekhane-masasi-saglam","status":"publish","type":"product","link":"https:\/\/palmiyesusleme.com\/index.php\/urun\/metal-ayakli-beyaz-yemekhane-masasi-saglam\/","title":{"rendered":"Metal Ayakl\u0131 Beyaz Yemekhane Masas\u0131 Sa\u011flam"},"content":{"rendered":"<p>Metal Ayakl\u0131 Beyaz Yemekhane Masas\u0131 Sa\u011flam<\/p>\n","protected":false},"excerpt":{"rendered":"<p>Metal Ayakl\u0131 Beyaz Yemekhane Masas\u0131 Sa\u011flam<\/p>\n","protected":false},"featured_media":240,"comment_status":"closed","ping_status":"open","template":"","meta":{"_joinchat":[]},"product_cat":[44],"product_tag":[],"class_list":{"0":"post-239","1":"product","2":"type-product","3":"status-publish","4":"has-post-thumbnail","6":"product_cat-yemekhane-masalari","8":"first","9":"instock","10":"product-type-simple"},"_links":{"self":[{"href":"https:\/\/palmiyesusleme.com\/index.php\/wp-json\/wp\/v2\/product\/239","targetHints":{"allow":["GET"]}}],"collection":[{"href":"https:\/\/palmiyesusleme.com\/index.php\/wp-json\/wp\/v2\/product"}],"about":[{"href":"https:\/\/palmiyesusleme.com\/index.php\/wp-json\/wp\/v2\/types\/product"}],"replies":[{"embeddable":true,"href":"https:\/\/palmiyesusleme.com\/index.php\/wp-json\/wp\/v2\/comments?post=239"}],"wp:featuredmedia":[{"embeddable":true,"href":"https:\/\/palmiyesusleme.com\/index.php\/wp-json\/wp\/v2\/media\/240"}],"wp:attachment":[{"href":"https:\/\/palmiyesusleme.com\/index.php\/wp-json\/wp\/v2\/media?parent=239"}],"wp:term":[{"taxonomy":"product_cat","embeddable":true,"href":"https:\/\/palmiyesusleme.com\/index.php\/wp-json\/wp\/v2\/product_cat?post=239"},{"taxonomy":"product_tag","embeddable":true,"href":"https:\/\/palmiyesusleme.com\/index.php\/wp-json\/wp\/v2\/product_tag?post=239"}],"curies":[{"name":"wp","href":"https:\/\/api.w.org\/{rel}","templated":true}]}}