{"id":2484,"date":"2024-03-07T15:26:13","date_gmt":"2024-03-07T12:26:13","guid":{"rendered":"https:\/\/palmiyesusleme.com\/index.php\/urun\/restoran-sandalye-masa-takimi\/"},"modified":"2024-03-07T15:26:33","modified_gmt":"2024-03-07T12:26:33","slug":"restoran-sandalye-masa-takimi","status":"publish","type":"product","link":"https:\/\/palmiyesusleme.com\/index.php\/urun\/restoran-sandalye-masa-takimi\/","title":{"rendered":"Restoran Sandalye Masa Tak\u0131m\u0131"},"content":{"rendered":"<p>Dikd\u00f6rtgen Masif Tablal\u0131 Restoran Masas\u0131&lt;br&gt;Poli\u00fcretan Kapitoneli Modern Restoran Sandalyesi&lt;br&gt;Masa \u00d6rt\u00fcs\u00fc&lt;hr&gt;&lt;p&gt;Restoran Sandalye Masa Tak\u0131m\u0131&lt;\/p&gt;&lt;ul&gt;&lt;li&gt;Dikd\u00f6rtgen Masif Tablal\u0131 Restoran Masas\u0131&lt;\/li&gt;&lt;li&gt;Poli\u00fcretan Kapitoneli Modern Restoran Sandalyesi&lt;\/li&gt;&lt;li&gt;Masa \u00d6rt\u00fcs\u00fc&lt;\/li&gt;&lt;\/ul&gt;<\/p>\n","protected":false},"excerpt":{"rendered":"<p>Dikd\u00f6rtgen Masif Tablal\u0131 Restoran Masas\u0131&lt;br&gt;Poli\u00fcretan Kapitoneli Modern Restoran Sandalyesi&lt;br&gt;Masa \u00d6rt\u00fcs\u00fc&lt;hr&gt;&lt;p&gt;Restoran Sandalye Masa Tak\u0131m\u0131&lt;\/p&gt;&lt;ul&gt;&lt;li&gt;Dikd\u00f6rtgen Masif Tablal\u0131 Restoran Masas\u0131&lt;\/li&gt;&lt;li&gt;Poli\u00fcretan Kapitoneli Modern Restoran Sandalyesi&lt;\/li&gt;&lt;li&gt;Masa \u00d6rt\u00fcs\u00fc&lt;\/li&gt;&lt;\/ul&gt;<\/p>\n","protected":false},"featured_media":2485,"comment_status":"closed","ping_status":"open","template":"","meta":{"_joinchat":[]},"product_cat":[117,118,71],"product_tag":[],"class_list":{"0":"post-2484","1":"product","2":"type-product","3":"status-publish","4":"has-post-thumbnail","6":"product_cat-cafe-restoran-mutfak-salon-masa-sandalye-takimlari","7":"product_cat-cafe-sandalye-masa-takimi","8":"product_cat-mutfak-masa-takimi","10":"first","11":"instock","12":"product-type-simple"},"_links":{"self":[{"href":"https:\/\/palmiyesusleme.com\/index.php\/wp-json\/wp\/v2\/product\/2484","targetHints":{"allow":["GET"]}}],"collection":[{"href":"https:\/\/palmiyesusleme.com\/index.php\/wp-json\/wp\/v2\/product"}],"about":[{"href":"https:\/\/palmiyesusleme.com\/index.php\/wp-json\/wp\/v2\/types\/product"}],"replies":[{"embeddable":true,"href":"https:\/\/palmiyesusleme.com\/index.php\/wp-json\/wp\/v2\/comments?post=2484"}],"wp:featuredmedia":[{"embeddable":true,"href":"https:\/\/palmiyesusleme.com\/index.php\/wp-json\/wp\/v2\/media\/2485"}],"wp:attachment":[{"href":"https:\/\/palmiyesusleme.com\/index.php\/wp-json\/wp\/v2\/media?parent=2484"}],"wp:term":[{"taxonomy":"product_cat","embeddable":true,"href":"https:\/\/palmiyesusleme.com\/index.php\/wp-json\/wp\/v2\/product_cat?post=2484"},{"taxonomy":"product_tag","embeddable":true,"href":"https:\/\/palmiyesusleme.com\/index.php\/wp-json\/wp\/v2\/product_tag?post=2484"}],"curies":[{"name":"wp","href":"https:\/\/api.w.org\/{rel}","templated":true}]}}