{"id":2486,"date":"2024-03-07T15:26:13","date_gmt":"2024-03-07T12:26:13","guid":{"rendered":"https:\/\/palmiyesusleme.com\/index.php\/urun\/dunya-sandalye-yuvarlak-masa-restoran-takimi\/"},"modified":"2024-03-07T15:26:35","modified_gmt":"2024-03-07T12:26:35","slug":"dunya-sandalye-yuvarlak-masa-restoran-takimi","status":"publish","type":"product","link":"https:\/\/palmiyesusleme.com\/index.php\/urun\/dunya-sandalye-yuvarlak-masa-restoran-takimi\/","title":{"rendered":"D\u00fcnya Sandalye Yuvarlak Masa Restoran Tak\u0131m\u0131"},"content":{"rendered":"<p>D\u00fcnya Sandalye&lt;br&gt;Yuvarlak Tablal\u0131 Banket Masa&lt;hr&gt;&lt;p style=&quot;text-align: center;&quot;&gt;&lt;img src=&quot;\/image\/catalog\/istanbul-sandalye-imalatcisi\/istanbul-dunya-sandalye.jpg&quot; alt=&quot;restoran sandalye masa tak\u0131m\u0131&quot; title=&quot;restoran sandalye masa tak\u0131m\u0131&quot;&gt; &lt;img src=&quot;\/image\/catalog\/istanbul-sandalye-imalatcisi\/istanbul-dunya-sandalye-satisi.jpg&quot; alt=&quot;d\u00fcnya sandalye masa tak\u0131m\u0131&quot; title=&quot;d\u00fcnya sandalye masa sandalye&quot;&gt;&lt;\/p&gt;<br \/>\n&lt;p&gt;D\u00fcnya Sandalye Yuvarlak Masa Restoran Sandalye Masa Tak\u0131m\u0131&lt;\/p&gt;<br \/>\n&lt;p&gt;&lt;a href=&quot;https:\/\/www.palmiyekocak.com\/ahsap-modern-sandalye\/kumas-dosemeli-kapitoneli-ahsap-modern-sandalye-msab224&quot;&gt;&lt;b&gt;D\u00fcnya Sandalye&lt;\/b&gt;&lt;\/a&gt;&lt;br&gt;Yuvarlak Tablal\u0131 Banket Masa&lt;\/p&gt;<\/p>\n","protected":false},"excerpt":{"rendered":"<p>D\u00fcnya Sandalye&lt;br&gt;Yuvarlak Tablal\u0131 Banket Masa&lt;hr&gt;&lt;p style=&quot;text-align: center;&quot;&gt;&lt;img src=&quot;\/image\/catalog\/istanbul-sandalye-imalatcisi\/istanbul-dunya-sandalye.jpg&quot; alt=&quot;restoran sandalye masa tak\u0131m\u0131&quot; title=&quot;restoran sandalye masa tak\u0131m\u0131&quot;&gt; &lt;img src=&quot;\/image\/catalog\/istanbul-sandalye-imalatcisi\/istanbul-dunya-sandalye-satisi.jpg&quot; alt=&quot;d\u00fcnya sandalye masa tak\u0131m\u0131&quot; title=&quot;d\u00fcnya sandalye masa sandalye&quot;&gt;&lt;\/p&gt; &lt;p&gt;D\u00fcnya Sandalye Yuvarlak Masa Restoran Sandalye Masa Tak\u0131m\u0131&lt;\/p&gt; &lt;p&gt;&lt;a href=&quot;https:\/\/www.palmiyekocak.com\/ahsap-modern-sandalye\/kumas-dosemeli-kapitoneli-ahsap-modern-sandalye-msab224&quot;&gt;&lt;b&gt;D\u00fcnya Sandalye&lt;\/b&gt;&lt;\/a&gt;&lt;br&gt;Yuvarlak Tablal\u0131 Banket Masa&lt;\/p&gt;<\/p>\n","protected":false},"featured_media":2487,"comment_status":"closed","ping_status":"open","template":"","meta":{"_joinchat":[]},"product_cat":[117,71],"product_tag":[],"class_list":{"0":"post-2486","1":"product","2":"type-product","3":"status-publish","4":"has-post-thumbnail","6":"product_cat-cafe-restoran-mutfak-salon-masa-sandalye-takimlari","7":"product_cat-mutfak-masa-takimi","9":"first","10":"instock","11":"product-type-simple"},"_links":{"self":[{"href":"https:\/\/palmiyesusleme.com\/index.php\/wp-json\/wp\/v2\/product\/2486","targetHints":{"allow":["GET"]}}],"collection":[{"href":"https:\/\/palmiyesusleme.com\/index.php\/wp-json\/wp\/v2\/product"}],"about":[{"href":"https:\/\/palmiyesusleme.com\/index.php\/wp-json\/wp\/v2\/types\/product"}],"replies":[{"embeddable":true,"href":"https:\/\/palmiyesusleme.com\/index.php\/wp-json\/wp\/v2\/comments?post=2486"}],"wp:featuredmedia":[{"embeddable":true,"href":"https:\/\/palmiyesusleme.com\/index.php\/wp-json\/wp\/v2\/media\/2487"}],"wp:attachment":[{"href":"https:\/\/palmiyesusleme.com\/index.php\/wp-json\/wp\/v2\/media?parent=2486"}],"wp:term":[{"taxonomy":"product_cat","embeddable":true,"href":"https:\/\/palmiyesusleme.com\/index.php\/wp-json\/wp\/v2\/product_cat?post=2486"},{"taxonomy":"product_tag","embeddable":true,"href":"https:\/\/palmiyesusleme.com\/index.php\/wp-json\/wp\/v2\/product_tag?post=2486"}],"curies":[{"name":"wp","href":"https:\/\/api.w.org\/{rel}","templated":true}]}}