{"id":2496,"date":"2024-03-07T15:26:39","date_gmt":"2024-03-07T12:26:39","guid":{"rendered":"https:\/\/palmiyesusleme.com\/index.php\/urun\/ekonomik-wenge-renkli-mutfak-masa-ve-sandalye-takimi-kaliteli\/"},"modified":"2024-03-07T15:26:44","modified_gmt":"2024-03-07T12:26:44","slug":"ekonomik-wenge-renkli-mutfak-masa-ve-sandalye-takimi-kaliteli","status":"publish","type":"product","link":"https:\/\/palmiyesusleme.com\/index.php\/urun\/ekonomik-wenge-renkli-mutfak-masa-ve-sandalye-takimi-kaliteli\/","title":{"rendered":"Ekonomik Wenge Renkli Mutfak Masa ve Sandalye Tak\u0131m\u0131 Kaliteli"},"content":{"rendered":"<p>Ekonomik Wenge Renkli Mutfak Masa ve Sandalye Tak\u0131m\u0131 Kaliteli<\/p>\n","protected":false},"excerpt":{"rendered":"<p>Ekonomik Wenge Renkli Mutfak Masa ve Sandalye Tak\u0131m\u0131 Kaliteli<\/p>\n","protected":false},"featured_media":2497,"comment_status":"closed","ping_status":"open","template":"","meta":{"_joinchat":[]},"product_cat":[117],"product_tag":[],"class_list":{"0":"post-2496","1":"product","2":"type-product","3":"status-publish","4":"has-post-thumbnail","6":"product_cat-cafe-restoran-mutfak-salon-masa-sandalye-takimlari","8":"first","9":"instock","10":"product-type-simple"},"_links":{"self":[{"href":"https:\/\/palmiyesusleme.com\/index.php\/wp-json\/wp\/v2\/product\/2496","targetHints":{"allow":["GET"]}}],"collection":[{"href":"https:\/\/palmiyesusleme.com\/index.php\/wp-json\/wp\/v2\/product"}],"about":[{"href":"https:\/\/palmiyesusleme.com\/index.php\/wp-json\/wp\/v2\/types\/product"}],"replies":[{"embeddable":true,"href":"https:\/\/palmiyesusleme.com\/index.php\/wp-json\/wp\/v2\/comments?post=2496"}],"wp:featuredmedia":[{"embeddable":true,"href":"https:\/\/palmiyesusleme.com\/index.php\/wp-json\/wp\/v2\/media\/2497"}],"wp:attachment":[{"href":"https:\/\/palmiyesusleme.com\/index.php\/wp-json\/wp\/v2\/media?parent=2496"}],"wp:term":[{"taxonomy":"product_cat","embeddable":true,"href":"https:\/\/palmiyesusleme.com\/index.php\/wp-json\/wp\/v2\/product_cat?post=2496"},{"taxonomy":"product_tag","embeddable":true,"href":"https:\/\/palmiyesusleme.com\/index.php\/wp-json\/wp\/v2\/product_tag?post=2496"}],"curies":[{"name":"wp","href":"https:\/\/api.w.org\/{rel}","templated":true}]}}