{"id":2498,"date":"2024-03-07T15:26:39","date_gmt":"2024-03-07T12:26:39","guid":{"rendered":"https:\/\/palmiyesusleme.com\/index.php\/urun\/krem-masa-adet-dikisli-suni-deri-kapli-sandalye-takimi\/"},"modified":"2024-03-07T15:26:45","modified_gmt":"2024-03-07T12:26:45","slug":"krem-masa-adet-dikisli-suni-deri-kapli-sandalye-takimi","status":"publish","type":"product","link":"https:\/\/palmiyesusleme.com\/index.php\/urun\/krem-masa-adet-dikisli-suni-deri-kapli-sandalye-takimi\/","title":{"rendered":"Krem Masa Adet Diki\u015fli Suni Deri Kapl\u0131 Sandalye Tak\u0131m\u0131"},"content":{"rendered":"<p>Krem Masa Adet Diki\u015fli Suni Deri Kapl\u0131 Sandalye Tak\u0131m\u0131<\/p>\n","protected":false},"excerpt":{"rendered":"<p>Krem Masa Adet Diki\u015fli Suni Deri Kapl\u0131 Sandalye Tak\u0131m\u0131<\/p>\n","protected":false},"featured_media":2499,"comment_status":"closed","ping_status":"open","template":"","meta":{"_joinchat":[]},"product_cat":[117],"product_tag":[],"class_list":{"0":"post-2498","1":"product","2":"type-product","3":"status-publish","4":"has-post-thumbnail","6":"product_cat-cafe-restoran-mutfak-salon-masa-sandalye-takimlari","8":"first","9":"instock","10":"product-type-simple"},"_links":{"self":[{"href":"https:\/\/palmiyesusleme.com\/index.php\/wp-json\/wp\/v2\/product\/2498","targetHints":{"allow":["GET"]}}],"collection":[{"href":"https:\/\/palmiyesusleme.com\/index.php\/wp-json\/wp\/v2\/product"}],"about":[{"href":"https:\/\/palmiyesusleme.com\/index.php\/wp-json\/wp\/v2\/types\/product"}],"replies":[{"embeddable":true,"href":"https:\/\/palmiyesusleme.com\/index.php\/wp-json\/wp\/v2\/comments?post=2498"}],"wp:featuredmedia":[{"embeddable":true,"href":"https:\/\/palmiyesusleme.com\/index.php\/wp-json\/wp\/v2\/media\/2499"}],"wp:attachment":[{"href":"https:\/\/palmiyesusleme.com\/index.php\/wp-json\/wp\/v2\/media?parent=2498"}],"wp:term":[{"taxonomy":"product_cat","embeddable":true,"href":"https:\/\/palmiyesusleme.com\/index.php\/wp-json\/wp\/v2\/product_cat?post=2498"},{"taxonomy":"product_tag","embeddable":true,"href":"https:\/\/palmiyesusleme.com\/index.php\/wp-json\/wp\/v2\/product_tag?post=2498"}],"curies":[{"name":"wp","href":"https:\/\/api.w.org\/{rel}","templated":true}]}}