{"id":2516,"date":"2024-03-07T15:26:39","date_gmt":"2024-03-07T12:26:39","guid":{"rendered":"https:\/\/palmiyesusleme.com\/index.php\/urun\/gul-desenli-sandalye-beyaz-tablali-masa-takimi-saglam\/"},"modified":"2024-03-07T15:27:02","modified_gmt":"2024-03-07T12:27:02","slug":"gul-desenli-sandalye-beyaz-tablali-masa-takimi-saglam","status":"publish","type":"product","link":"https:\/\/palmiyesusleme.com\/index.php\/urun\/gul-desenli-sandalye-beyaz-tablali-masa-takimi-saglam\/","title":{"rendered":"G\u00fcl Desenli Sandalye Beyaz Tablal\u0131 Masa Tak\u0131m\u0131 Sa\u011flam"},"content":{"rendered":"<p>G&uuml;l Desenli Sandalye Beyaz Tablal\u0131 Masa Tak\u0131m\u0131 Sa\u011flam<\/p>\n","protected":false},"excerpt":{"rendered":"<p>G&uuml;l Desenli Sandalye Beyaz Tablal\u0131 Masa Tak\u0131m\u0131 Sa\u011flam<\/p>\n","protected":false},"featured_media":2517,"comment_status":"closed","ping_status":"open","template":"","meta":{"_joinchat":[]},"product_cat":[117],"product_tag":[],"class_list":{"0":"post-2516","1":"product","2":"type-product","3":"status-publish","4":"has-post-thumbnail","6":"product_cat-cafe-restoran-mutfak-salon-masa-sandalye-takimlari","8":"first","9":"instock","10":"product-type-simple"},"_links":{"self":[{"href":"https:\/\/palmiyesusleme.com\/index.php\/wp-json\/wp\/v2\/product\/2516","targetHints":{"allow":["GET"]}}],"collection":[{"href":"https:\/\/palmiyesusleme.com\/index.php\/wp-json\/wp\/v2\/product"}],"about":[{"href":"https:\/\/palmiyesusleme.com\/index.php\/wp-json\/wp\/v2\/types\/product"}],"replies":[{"embeddable":true,"href":"https:\/\/palmiyesusleme.com\/index.php\/wp-json\/wp\/v2\/comments?post=2516"}],"wp:featuredmedia":[{"embeddable":true,"href":"https:\/\/palmiyesusleme.com\/index.php\/wp-json\/wp\/v2\/media\/2517"}],"wp:attachment":[{"href":"https:\/\/palmiyesusleme.com\/index.php\/wp-json\/wp\/v2\/media?parent=2516"}],"wp:term":[{"taxonomy":"product_cat","embeddable":true,"href":"https:\/\/palmiyesusleme.com\/index.php\/wp-json\/wp\/v2\/product_cat?post=2516"},{"taxonomy":"product_tag","embeddable":true,"href":"https:\/\/palmiyesusleme.com\/index.php\/wp-json\/wp\/v2\/product_tag?post=2516"}],"curies":[{"name":"wp","href":"https:\/\/api.w.org\/{rel}","templated":true}]}}