{"id":2522,"date":"2024-03-07T15:26:39","date_gmt":"2024-03-07T12:26:39","guid":{"rendered":"https:\/\/palmiyesusleme.com\/index.php\/urun\/krem-deri-dosemeli-sandalye-ceviz-masa-takimi-imalati\/"},"modified":"2024-03-07T15:27:08","modified_gmt":"2024-03-07T12:27:08","slug":"krem-deri-dosemeli-sandalye-ceviz-masa-takimi-imalati","status":"publish","type":"product","link":"https:\/\/palmiyesusleme.com\/index.php\/urun\/krem-deri-dosemeli-sandalye-ceviz-masa-takimi-imalati\/","title":{"rendered":"Krem Deri D\u00f6\u015femeli Sandalye Ceviz Masa Tak\u0131m\u0131 \u0130malat\u0131"},"content":{"rendered":"<p>Krem Deri D&ouml;\u015femeli Sandalye Ceviz Masa Tak\u0131m\u0131 \u0130malat\u0131<\/p>\n","protected":false},"excerpt":{"rendered":"<p>Krem Deri D&ouml;\u015femeli Sandalye Ceviz Masa Tak\u0131m\u0131 \u0130malat\u0131<\/p>\n","protected":false},"featured_media":2523,"comment_status":"closed","ping_status":"open","template":"","meta":{"_joinchat":[]},"product_cat":[117],"product_tag":[],"class_list":{"0":"post-2522","1":"product","2":"type-product","3":"status-publish","4":"has-post-thumbnail","6":"product_cat-cafe-restoran-mutfak-salon-masa-sandalye-takimlari","8":"first","9":"instock","10":"product-type-simple"},"_links":{"self":[{"href":"https:\/\/palmiyesusleme.com\/index.php\/wp-json\/wp\/v2\/product\/2522","targetHints":{"allow":["GET"]}}],"collection":[{"href":"https:\/\/palmiyesusleme.com\/index.php\/wp-json\/wp\/v2\/product"}],"about":[{"href":"https:\/\/palmiyesusleme.com\/index.php\/wp-json\/wp\/v2\/types\/product"}],"replies":[{"embeddable":true,"href":"https:\/\/palmiyesusleme.com\/index.php\/wp-json\/wp\/v2\/comments?post=2522"}],"wp:featuredmedia":[{"embeddable":true,"href":"https:\/\/palmiyesusleme.com\/index.php\/wp-json\/wp\/v2\/media\/2523"}],"wp:attachment":[{"href":"https:\/\/palmiyesusleme.com\/index.php\/wp-json\/wp\/v2\/media?parent=2522"}],"wp:term":[{"taxonomy":"product_cat","embeddable":true,"href":"https:\/\/palmiyesusleme.com\/index.php\/wp-json\/wp\/v2\/product_cat?post=2522"},{"taxonomy":"product_tag","embeddable":true,"href":"https:\/\/palmiyesusleme.com\/index.php\/wp-json\/wp\/v2\/product_tag?post=2522"}],"curies":[{"name":"wp","href":"https:\/\/api.w.org\/{rel}","templated":true}]}}