{"id":253,"date":"2024-03-07T14:59:04","date_gmt":"2024-03-07T11:59:04","guid":{"rendered":"https:\/\/palmiyesusleme.com\/index.php\/urun\/katlanir-rejisor-koltugu\/"},"modified":"2024-03-07T14:59:04","modified_gmt":"2024-03-07T11:59:04","slug":"katlanir-rejisor-koltugu","status":"publish","type":"product","link":"https:\/\/palmiyesusleme.com\/index.php\/urun\/katlanir-rejisor-koltugu\/","title":{"rendered":"Katlan\u0131r Rejis\u00f6r Koltu\u011fu"},"content":{"rendered":"<p>Katlan\u0131r Rejis\u00f6r Koltu\u011fu Kaliteli Ah\u015fap \u0130skelet ve Kuma\u015f&lt;hr&gt;&lt;p&gt;&lt;br&gt;&lt;\/p&gt;<\/p>\n","protected":false},"excerpt":{"rendered":"<p>Katlan\u0131r Rejis\u00f6r Koltu\u011fu Kaliteli Ah\u015fap \u0130skelet ve Kuma\u015f&lt;hr&gt;&lt;p&gt;&lt;br&gt;&lt;\/p&gt;<\/p>\n","protected":false},"featured_media":254,"comment_status":"closed","ping_status":"open","template":"","meta":{"_joinchat":[]},"product_cat":[46],"product_tag":[],"class_list":{"0":"post-253","1":"product","2":"type-product","3":"status-publish","4":"has-post-thumbnail","6":"product_cat-katlanir-sandalye","8":"first","9":"instock","10":"product-type-simple"},"_links":{"self":[{"href":"https:\/\/palmiyesusleme.com\/index.php\/wp-json\/wp\/v2\/product\/253","targetHints":{"allow":["GET"]}}],"collection":[{"href":"https:\/\/palmiyesusleme.com\/index.php\/wp-json\/wp\/v2\/product"}],"about":[{"href":"https:\/\/palmiyesusleme.com\/index.php\/wp-json\/wp\/v2\/types\/product"}],"replies":[{"embeddable":true,"href":"https:\/\/palmiyesusleme.com\/index.php\/wp-json\/wp\/v2\/comments?post=253"}],"wp:featuredmedia":[{"embeddable":true,"href":"https:\/\/palmiyesusleme.com\/index.php\/wp-json\/wp\/v2\/media\/254"}],"wp:attachment":[{"href":"https:\/\/palmiyesusleme.com\/index.php\/wp-json\/wp\/v2\/media?parent=253"}],"wp:term":[{"taxonomy":"product_cat","embeddable":true,"href":"https:\/\/palmiyesusleme.com\/index.php\/wp-json\/wp\/v2\/product_cat?post=253"},{"taxonomy":"product_tag","embeddable":true,"href":"https:\/\/palmiyesusleme.com\/index.php\/wp-json\/wp\/v2\/product_tag?post=253"}],"curies":[{"name":"wp","href":"https:\/\/api.w.org\/{rel}","templated":true}]}}