{"id":255,"date":"2024-03-07T14:59:04","date_gmt":"2024-03-07T11:59:04","guid":{"rendered":"https:\/\/palmiyesusleme.com\/index.php\/urun\/iroko-kose-takim-1-sinif\/"},"modified":"2024-03-07T14:59:05","modified_gmt":"2024-03-07T11:59:05","slug":"iroko-kose-takim-1-sinif","status":"publish","type":"product","link":"https:\/\/palmiyesusleme.com\/index.php\/urun\/iroko-kose-takim-1-sinif\/","title":{"rendered":"\u0130roko K\u00f6\u015fe Tak\u0131m 1. S\u0131n\u0131f"},"content":{"rendered":"<p>\u0130roko K&ouml;\u015fe Tak\u0131m 1. S\u0131n\u0131f<\/p>\n","protected":false},"excerpt":{"rendered":"<p>\u0130roko K&ouml;\u015fe Tak\u0131m 1. S\u0131n\u0131f<\/p>\n","protected":false},"featured_media":256,"comment_status":"closed","ping_status":"open","template":"","meta":{"_joinchat":[]},"product_cat":[47],"product_tag":[],"class_list":{"0":"post-255","1":"product","2":"type-product","3":"status-publish","4":"has-post-thumbnail","6":"product_cat-kose-takimlari","8":"first","9":"instock","10":"product-type-simple"},"_links":{"self":[{"href":"https:\/\/palmiyesusleme.com\/index.php\/wp-json\/wp\/v2\/product\/255","targetHints":{"allow":["GET"]}}],"collection":[{"href":"https:\/\/palmiyesusleme.com\/index.php\/wp-json\/wp\/v2\/product"}],"about":[{"href":"https:\/\/palmiyesusleme.com\/index.php\/wp-json\/wp\/v2\/types\/product"}],"replies":[{"embeddable":true,"href":"https:\/\/palmiyesusleme.com\/index.php\/wp-json\/wp\/v2\/comments?post=255"}],"wp:featuredmedia":[{"embeddable":true,"href":"https:\/\/palmiyesusleme.com\/index.php\/wp-json\/wp\/v2\/media\/256"}],"wp:attachment":[{"href":"https:\/\/palmiyesusleme.com\/index.php\/wp-json\/wp\/v2\/media?parent=255"}],"wp:term":[{"taxonomy":"product_cat","embeddable":true,"href":"https:\/\/palmiyesusleme.com\/index.php\/wp-json\/wp\/v2\/product_cat?post=255"},{"taxonomy":"product_tag","embeddable":true,"href":"https:\/\/palmiyesusleme.com\/index.php\/wp-json\/wp\/v2\/product_tag?post=255"}],"curies":[{"name":"wp","href":"https:\/\/api.w.org\/{rel}","templated":true}]}}