{"id":2665,"date":"2024-03-07T15:28:38","date_gmt":"2024-03-07T12:28:38","guid":{"rendered":"https:\/\/palmiyesusleme.com\/index.php\/urun\/cift-metal-dokum-masa-ayagi\/"},"modified":"2024-03-07T15:28:50","modified_gmt":"2024-03-07T12:28:50","slug":"cift-metal-dokum-masa-ayagi","status":"publish","type":"product","link":"https:\/\/palmiyesusleme.com\/index.php\/urun\/cift-metal-dokum-masa-ayagi\/","title":{"rendered":"\u00c7ift Metal D\u00f6k\u00fcm Masa Aya\u011f\u0131"},"content":{"rendered":"<p>&lt;p&gt;\u00c7ift Metal D\u00f6k\u00fcm Masa Aya\u011f\u0131&lt;\/p&gt;<\/p>\n","protected":false},"excerpt":{"rendered":"<p>&lt;p&gt;\u00c7ift Metal D\u00f6k\u00fcm Masa Aya\u011f\u0131&lt;\/p&gt;<\/p>\n","protected":false},"featured_media":2666,"comment_status":"closed","ping_status":"open","template":"","meta":{"_joinchat":[]},"product_cat":[107,41,73],"product_tag":[],"class_list":{"0":"post-2665","1":"product","2":"type-product","3":"status-publish","4":"has-post-thumbnail","6":"product_cat-demir-dokum-masa-ayaklari","7":"product_cat-dokum-masa-ayaklari","8":"product_cat-metal-masa-ayaklari","10":"first","11":"instock","12":"product-type-simple"},"_links":{"self":[{"href":"https:\/\/palmiyesusleme.com\/index.php\/wp-json\/wp\/v2\/product\/2665","targetHints":{"allow":["GET"]}}],"collection":[{"href":"https:\/\/palmiyesusleme.com\/index.php\/wp-json\/wp\/v2\/product"}],"about":[{"href":"https:\/\/palmiyesusleme.com\/index.php\/wp-json\/wp\/v2\/types\/product"}],"replies":[{"embeddable":true,"href":"https:\/\/palmiyesusleme.com\/index.php\/wp-json\/wp\/v2\/comments?post=2665"}],"wp:featuredmedia":[{"embeddable":true,"href":"https:\/\/palmiyesusleme.com\/index.php\/wp-json\/wp\/v2\/media\/2666"}],"wp:attachment":[{"href":"https:\/\/palmiyesusleme.com\/index.php\/wp-json\/wp\/v2\/media?parent=2665"}],"wp:term":[{"taxonomy":"product_cat","embeddable":true,"href":"https:\/\/palmiyesusleme.com\/index.php\/wp-json\/wp\/v2\/product_cat?post=2665"},{"taxonomy":"product_tag","embeddable":true,"href":"https:\/\/palmiyesusleme.com\/index.php\/wp-json\/wp\/v2\/product_tag?post=2665"}],"curies":[{"name":"wp","href":"https:\/\/api.w.org\/{rel}","templated":true}]}}