{"id":27,"date":"2024-03-07T14:56:15","date_gmt":"2024-03-07T11:56:15","guid":{"rendered":"https:\/\/palmiyesusleme.com\/index.php\/urun\/kahverengi-kolsuz-rattan-orme-sandalye-rtt31\/"},"modified":"2024-03-07T14:56:23","modified_gmt":"2024-03-07T11:56:23","slug":"kahverengi-kolsuz-rattan-orme-sandalye-rtt31","status":"publish","type":"product","link":"https:\/\/palmiyesusleme.com\/index.php\/urun\/kahverengi-kolsuz-rattan-orme-sandalye-rtt31\/","title":{"rendered":"Kahverengi Kolsuz Rattan \u00d6rme Sandalye rtt31"},"content":{"rendered":"<p>&lt;p&gt;Kahverengi Kolsuz Rattan \u00d6rme Sandalye a\u00e7\u0131k alan ve bah\u00e7e tarz\u0131 mekanlarda kullan\u0131ma uygundur. Temizli\u011fi, konforu, istiflenmesi gibi avantajlar\u0131 sayesinde tercih sebepleri saras\u0131na girmi\u015f bulunmkatad\u0131r. \u00dcr\u00fcn\u00fcm\u00fcz stoklarda yerini alm\u0131\u015f durumdad\u0131r.&lt;br&gt;&lt;\/p&gt;<\/p>\n","protected":false},"excerpt":{"rendered":"<p>&lt;p&gt;Kahverengi Kolsuz Rattan \u00d6rme Sandalye a\u00e7\u0131k alan ve bah\u00e7e tarz\u0131 mekanlarda kullan\u0131ma uygundur. Temizli\u011fi, konforu, istiflenmesi gibi avantajlar\u0131 sayesinde tercih sebepleri saras\u0131na girmi\u015f bulunmkatad\u0131r. \u00dcr\u00fcn\u00fcm\u00fcz stoklarda yerini alm\u0131\u015f durumdad\u0131r.&lt;br&gt;&lt;\/p&gt;<\/p>\n","protected":false},"featured_media":28,"comment_status":"closed","ping_status":"open","template":"","meta":{"_joinchat":[]},"product_cat":[20,21,19],"product_tag":[],"class_list":{"0":"post-27","1":"product","2":"type-product","3":"status-publish","4":"has-post-thumbnail","6":"product_cat-bahce-rattan-sandalyeleri","7":"product_cat-rattan-enjeksiyon-sandalye","8":"product_cat-rattan-sandalyeler","10":"first","11":"instock","12":"product-type-simple"},"_links":{"self":[{"href":"https:\/\/palmiyesusleme.com\/index.php\/wp-json\/wp\/v2\/product\/27","targetHints":{"allow":["GET"]}}],"collection":[{"href":"https:\/\/palmiyesusleme.com\/index.php\/wp-json\/wp\/v2\/product"}],"about":[{"href":"https:\/\/palmiyesusleme.com\/index.php\/wp-json\/wp\/v2\/types\/product"}],"replies":[{"embeddable":true,"href":"https:\/\/palmiyesusleme.com\/index.php\/wp-json\/wp\/v2\/comments?post=27"}],"wp:featuredmedia":[{"embeddable":true,"href":"https:\/\/palmiyesusleme.com\/index.php\/wp-json\/wp\/v2\/media\/28"}],"wp:attachment":[{"href":"https:\/\/palmiyesusleme.com\/index.php\/wp-json\/wp\/v2\/media?parent=27"}],"wp:term":[{"taxonomy":"product_cat","embeddable":true,"href":"https:\/\/palmiyesusleme.com\/index.php\/wp-json\/wp\/v2\/product_cat?post=27"},{"taxonomy":"product_tag","embeddable":true,"href":"https:\/\/palmiyesusleme.com\/index.php\/wp-json\/wp\/v2\/product_tag?post=27"}],"curies":[{"name":"wp","href":"https:\/\/api.w.org\/{rel}","templated":true}]}}