{"id":271,"date":"2024-03-07T14:59:04","date_gmt":"2024-03-07T11:59:04","guid":{"rendered":"https:\/\/palmiyesusleme.com\/index.php\/urun\/iroko-tekli-parca-3-sirt-dikey-citali-1-kalite\/"},"modified":"2024-03-07T14:59:14","modified_gmt":"2024-03-07T11:59:14","slug":"iroko-tekli-parca-3-sirt-dikey-citali-1-kalite","status":"publish","type":"product","link":"https:\/\/palmiyesusleme.com\/index.php\/urun\/iroko-tekli-parca-3-sirt-dikey-citali-1-kalite\/","title":{"rendered":"\u0130roko Tekli Par\u00e7a 3 S\u0131rt Dikey \u00c7\u0131tal\u0131 1. Kalite"},"content":{"rendered":"<p>\u0130roko Tekli Par&ccedil;a 3 S\u0131rt Dikey &Ccedil;\u0131tal\u0131 1. Kalite<\/p>\n","protected":false},"excerpt":{"rendered":"<p>\u0130roko Tekli Par&ccedil;a 3 S\u0131rt Dikey &Ccedil;\u0131tal\u0131 1. Kalite<\/p>\n","protected":false},"featured_media":272,"comment_status":"closed","ping_status":"open","template":"","meta":{"_joinchat":[]},"product_cat":[47],"product_tag":[],"class_list":{"0":"post-271","1":"product","2":"type-product","3":"status-publish","4":"has-post-thumbnail","6":"product_cat-kose-takimlari","8":"first","9":"instock","10":"product-type-simple"},"_links":{"self":[{"href":"https:\/\/palmiyesusleme.com\/index.php\/wp-json\/wp\/v2\/product\/271","targetHints":{"allow":["GET"]}}],"collection":[{"href":"https:\/\/palmiyesusleme.com\/index.php\/wp-json\/wp\/v2\/product"}],"about":[{"href":"https:\/\/palmiyesusleme.com\/index.php\/wp-json\/wp\/v2\/types\/product"}],"replies":[{"embeddable":true,"href":"https:\/\/palmiyesusleme.com\/index.php\/wp-json\/wp\/v2\/comments?post=271"}],"wp:featuredmedia":[{"embeddable":true,"href":"https:\/\/palmiyesusleme.com\/index.php\/wp-json\/wp\/v2\/media\/272"}],"wp:attachment":[{"href":"https:\/\/palmiyesusleme.com\/index.php\/wp-json\/wp\/v2\/media?parent=271"}],"wp:term":[{"taxonomy":"product_cat","embeddable":true,"href":"https:\/\/palmiyesusleme.com\/index.php\/wp-json\/wp\/v2\/product_cat?post=271"},{"taxonomy":"product_tag","embeddable":true,"href":"https:\/\/palmiyesusleme.com\/index.php\/wp-json\/wp\/v2\/product_tag?post=271"}],"curies":[{"name":"wp","href":"https:\/\/api.w.org\/{rel}","templated":true}]}}