{"id":2819,"date":"2024-03-07T15:31:01","date_gmt":"2024-03-07T12:31:01","guid":{"rendered":"https:\/\/palmiyesusleme.com\/index.php\/urun\/wollemia-dis-mekan-sandalye\/"},"modified":"2024-03-07T15:31:13","modified_gmt":"2024-03-07T12:31:13","slug":"wollemia-dis-mekan-sandalye","status":"publish","type":"product","link":"https:\/\/palmiyesusleme.com\/index.php\/urun\/wollemia-dis-mekan-sandalye\/","title":{"rendered":"Wollemia D\u0131\u015f Mekan Sandalye"},"content":{"rendered":"<p>&lt;h2 style=&quot;text-align: center; &quot;&gt;Wollemia D\u0131\u015f Mekan Sandalye&lt;\/h2&gt;&lt;h2 style=&quot;font-family: &amp;quot;Open Sans&amp;quot;, sans-serif; color: rgb(84, 84, 84); text-align: center;&quot;&gt;&lt;img src=&quot;https:\/\/www.palmiyekocak.com\/image\/catalog\/urun\/d%C4%B1%C5%9Fmekan_sandalye\/new\/c7.png&quot; style=&quot;width: 800px;&quot;&gt;&lt;\/h2&gt;&lt;h2 style=&quot;font-family: &amp;quot;Open Sans&amp;quot;, sans-serif; color: rgb(84, 84, 84); text-align: center;&quot;&gt;&lt;\/h2&gt;&lt;h2 style=&quot;font-family: &amp;quot;Open Sans&amp;quot;, sans-serif; color: rgb(84, 84, 84); text-align: center;&quot;&gt;&lt;\/h2&gt;&lt;h2 style=&quot;font-family: &amp;quot;Open Sans&amp;quot;, sans-serif; color: rgb(84, 84, 84); text-align: center;&quot;&gt;&lt;\/h2&gt;&lt;h2 style=&quot;font-family: &amp;quot;Open Sans&amp;quot;, sans-serif; color: rgb(84, 84, 84); text-align: center;&quot;&gt;&lt;\/h2&gt;&lt;h2 style=&quot;font-family: &amp;quot;Open Sans&amp;quot;, sans-serif; color: rgb(84, 84, 84); text-align: center;&quot;&gt;&lt;\/h2&gt;&lt;h2 style=&quot;font-family: &amp;quot;Open Sans&amp;quot;, sans-serif; color: rgb(84, 84, 84); text-align: center;&quot;&gt;&lt;\/h2&gt;&lt;h2 style=&quot;font-family: &amp;quot;Open Sans&amp;quot;, sans-serif; color: rgb(84, 84, 84); text-align: center;&quot;&gt;&lt;\/h2&gt;&lt;h2 style=&quot;font-family: &amp;quot;Open Sans&amp;quot;, sans-serif; color: rgb(84, 84, 84); text-align: center;&quot;&gt;&lt;\/h2&gt;&lt;h2 style=&quot;font-family: &amp;quot;Open Sans&amp;quot;, sans-serif; color: rgb(84, 84, 84); text-align: center;&quot;&gt;&lt;\/h2&gt;&lt;h2 style=&quot;font-family: &amp;quot;Open Sans&amp;quot;, sans-serif; color: rgb(84, 84, 84); text-align: center;&quot;&gt;&lt;\/h2&gt;<\/p>\n","protected":false},"excerpt":{"rendered":"<p>&lt;h2 style=&quot;text-align: center; &quot;&gt;Wollemia D\u0131\u015f Mekan Sandalye&lt;\/h2&gt;&lt;h2 style=&quot;font-family: &amp;quot;Open Sans&amp;quot;, sans-serif; color: rgb(84, 84, 84); text-align: center;&quot;&gt;&lt;img src=&quot;https:\/\/www.palmiyekocak.com\/image\/catalog\/urun\/d%C4%B1%C5%9Fmekan_sandalye\/new\/c7.png&quot; style=&quot;width: 800px;&quot;&gt;&lt;\/h2&gt;&lt;h2 style=&quot;font-family: &amp;quot;Open Sans&amp;quot;, sans-serif; color: rgb(84, 84, 84); text-align: center;&quot;&gt;&lt;\/h2&gt;&lt;h2 style=&quot;font-family: &amp;quot;Open Sans&amp;quot;, sans-serif; color: rgb(84, 84, 84); text-align: center;&quot;&gt;&lt;\/h2&gt;&lt;h2 style=&quot;font-family: &amp;quot;Open Sans&amp;quot;, sans-serif; color: rgb(84, 84, 84); text-align: center;&quot;&gt;&lt;\/h2&gt;&lt;h2 style=&quot;font-family: &amp;quot;Open Sans&amp;quot;, sans-serif; color: [&hellip;]<\/p>\n","protected":false},"featured_media":2820,"comment_status":"closed","ping_status":"open","template":"","meta":{"_joinchat":[]},"product_cat":[17],"product_tag":[],"class_list":{"0":"post-2819","1":"product","2":"type-product","3":"status-publish","4":"has-post-thumbnail","6":"product_cat-dis-mekan-metal-sandalye","8":"first","9":"instock","10":"product-type-simple"},"_links":{"self":[{"href":"https:\/\/palmiyesusleme.com\/index.php\/wp-json\/wp\/v2\/product\/2819","targetHints":{"allow":["GET"]}}],"collection":[{"href":"https:\/\/palmiyesusleme.com\/index.php\/wp-json\/wp\/v2\/product"}],"about":[{"href":"https:\/\/palmiyesusleme.com\/index.php\/wp-json\/wp\/v2\/types\/product"}],"replies":[{"embeddable":true,"href":"https:\/\/palmiyesusleme.com\/index.php\/wp-json\/wp\/v2\/comments?post=2819"}],"wp:featuredmedia":[{"embeddable":true,"href":"https:\/\/palmiyesusleme.com\/index.php\/wp-json\/wp\/v2\/media\/2820"}],"wp:attachment":[{"href":"https:\/\/palmiyesusleme.com\/index.php\/wp-json\/wp\/v2\/media?parent=2819"}],"wp:term":[{"taxonomy":"product_cat","embeddable":true,"href":"https:\/\/palmiyesusleme.com\/index.php\/wp-json\/wp\/v2\/product_cat?post=2819"},{"taxonomy":"product_tag","embeddable":true,"href":"https:\/\/palmiyesusleme.com\/index.php\/wp-json\/wp\/v2\/product_tag?post=2819"}],"curies":[{"name":"wp","href":"https:\/\/api.w.org\/{rel}","templated":true}]}}