{"id":2971,"date":"2024-03-07T15:33:36","date_gmt":"2024-03-07T12:33:36","guid":{"rendered":"https:\/\/palmiyesusleme.com\/index.php\/urun\/zenscape-dis-mekan-sandalye\/"},"modified":"2024-03-07T15:33:41","modified_gmt":"2024-03-07T12:33:41","slug":"zenscape-dis-mekan-sandalye","status":"publish","type":"product","link":"https:\/\/palmiyesusleme.com\/index.php\/urun\/zenscape-dis-mekan-sandalye\/","title":{"rendered":"ZenScape D\u0131\u015f Mekan Sandalye"},"content":{"rendered":"<p>&lt;h2 style=&quot;text-align: center; &quot;&gt;ZenScape D\u0131\u015f Mekan Sandalye&lt;\/h2&gt;&lt;p style=&quot;text-align: center;&quot;&gt;&lt;br&gt;&lt;\/p&gt;&lt;h2 style=&quot;font-family: &amp;quot;Open Sans&amp;quot;, sans-serif; color: rgb(84, 84, 84); text-align: center;&quot;&gt;&lt;\/h2&gt;&lt;h2 style=&quot;font-family: &amp;quot;Open Sans&amp;quot;, sans-serif; color: rgb(84, 84, 84); text-align: center;&quot;&gt;&lt;\/h2&gt;&lt;h2 style=&quot;font-family: &amp;quot;Open Sans&amp;quot;, sans-serif; color: rgb(84, 84, 84); text-align: center;&quot;&gt;&lt;\/h2&gt;&lt;h2 style=&quot;font-family: &amp;quot;Open Sans&amp;quot;, sans-serif; color: rgb(84, 84, 84); text-align: center;&quot;&gt;&lt;\/h2&gt;&lt;h2 style=&quot;font-family: &amp;quot;Open Sans&amp;quot;, sans-serif; color: rgb(84, 84, 84); text-align: center;&quot;&gt;&lt;\/h2&gt;&lt;h2 style=&quot;font-family: &amp;quot;Open Sans&amp;quot;, sans-serif; color: rgb(84, 84, 84); text-align: center;&quot;&gt;&lt;\/h2&gt;&lt;h2 style=&quot;font-family: &amp;quot;Open Sans&amp;quot;, sans-serif; color: rgb(84, 84, 84); text-align: center;&quot;&gt;&lt;\/h2&gt;&lt;h2 style=&quot;font-family: &amp;quot;Open Sans&amp;quot;, sans-serif; color: rgb(84, 84, 84); text-align: center;&quot;&gt;&lt;\/h2&gt;&lt;h2 style=&quot;font-family: &amp;quot;Open Sans&amp;quot;, sans-serif; color: rgb(84, 84, 84); text-align: center;&quot;&gt;&lt;\/h2&gt;&lt;h2 style=&quot;font-family: &amp;quot;Open Sans&amp;quot;, sans-serif; color: rgb(84, 84, 84); text-align: center;&quot;&gt;&lt;\/h2&gt;&lt;h2 style=&quot;font-family: &amp;quot;Open Sans&amp;quot;, sans-serif; color: rgb(84, 84, 84); text-align: center;&quot;&gt;&lt;\/h2&gt;&lt;h2 style=&quot;font-family: &amp;quot;Open Sans&amp;quot;, sans-serif; color: rgb(84, 84, 84); text-align: center;&quot;&gt;&lt;\/h2&gt;&lt;h2 style=&quot;font-family: &amp;quot;Open Sans&amp;quot;, sans-serif; color: rgb(84, 84, 84); text-align: center;&quot;&gt;&lt;\/h2&gt;&lt;h2 style=&quot;text-align: center; &quot;&gt;&lt;\/h2&gt;&lt;h2 style=&quot;font-family: &amp;quot;Open Sans&amp;quot;, sans-serif; color: rgb(84, 84, 84); text-align: center;&quot;&gt;&lt;\/h2&gt;&lt;h2 style=&quot;font-family: &amp;quot;Open Sans&amp;quot;, sans-serif; color: rgb(84, 84, 84); text-align: center;&quot;&gt;&lt;\/h2&gt;&lt;h2 style=&quot;font-family: &amp;quot;Open Sans&amp;quot;, sans-serif; color: rgb(84, 84, 84); text-align: center;&quot;&gt;&lt;\/h2&gt;&lt;h2 style=&quot;font-family: &amp;quot;Open Sans&amp;quot;, sans-serif; color: rgb(84, 84, 84); text-align: center;&quot;&gt;&lt;\/h2&gt;&lt;h2 style=&quot;font-family: &amp;quot;Open Sans&amp;quot;, sans-serif; color: rgb(84, 84, 84); text-align: center;&quot;&gt;&lt;\/h2&gt;&lt;h2 style=&quot;font-family: &amp;quot;Open Sans&amp;quot;, sans-serif; color: rgb(84, 84, 84); text-align: center;&quot;&gt;&lt;\/h2&gt;&lt;h2 style=&quot;font-family: &amp;quot;Open Sans&amp;quot;, sans-serif; color: rgb(84, 84, 84); text-align: center;&quot;&gt;&lt;\/h2&gt;&lt;h2 style=&quot;font-family: &amp;quot;Open Sans&amp;quot;, sans-serif; color: rgb(84, 84, 84); text-align: center;&quot;&gt;&lt;\/h2&gt;&lt;h2 style=&quot;font-family: &amp;quot;Open Sans&amp;quot;, sans-serif; color: rgb(84, 84, 84); text-align: center;&quot;&gt;&lt;\/h2&gt;&lt;h2 style=&quot;font-family: &amp;quot;Open Sans&amp;quot;, sans-serif; color: rgb(84, 84, 84); text-align: center;&quot;&gt;&lt;\/h2&gt;&lt;h2 style=&quot;font-family: &amp;quot;Open Sans&amp;quot;, sans-serif; color: rgb(84, 84, 84); text-align: center;&quot;&gt;&lt;\/h2&gt;&lt;h2 style=&quot;font-family: &amp;quot;Open Sans&amp;quot;, sans-serif; color: rgb(84, 84, 84); text-align: center;&quot;&gt;&lt;\/h2&gt;&lt;h2 style=&quot;font-family: &amp;quot;Open Sans&amp;quot;, sans-serif; color: rgb(84, 84, 84); text-align: center;&quot;&gt;&lt;\/h2&gt;&lt;h2 style=&quot;font-family: &amp;quot;Open Sans&amp;quot;, sans-serif; color: rgb(84, 84, 84); text-align: center;&quot;&gt;&lt;\/h2&gt;&lt;h2 style=&quot;font-family: &amp;quot;Open Sans&amp;quot;, sans-serif; color: rgb(84, 84, 84); text-align: center;&quot;&gt;&lt;\/h2&gt;&lt;h2 style=&quot;font-family: &amp;quot;Open Sans&amp;quot;, sans-serif; color: rgb(84, 84, 84); text-align: center;&quot;&gt;&lt;\/h2&gt;&lt;h2 style=&quot;font-family: &amp;quot;Open Sans&amp;quot;, sans-serif; color: rgb(84, 84, 84); text-align: center;&quot;&gt;&lt;\/h2&gt;<\/p>\n","protected":false},"excerpt":{"rendered":"<p>&lt;h2 style=&quot;text-align: center; &quot;&gt;ZenScape D\u0131\u015f Mekan Sandalye&lt;\/h2&gt;&lt;p style=&quot;text-align: center;&quot;&gt;&lt;br&gt;&lt;\/p&gt;&lt;h2 style=&quot;font-family: &amp;quot;Open Sans&amp;quot;, sans-serif; color: rgb(84, 84, 84); text-align: center;&quot;&gt;&lt;\/h2&gt;&lt;h2 style=&quot;font-family: &amp;quot;Open Sans&amp;quot;, sans-serif; color: rgb(84, 84, 84); text-align: center;&quot;&gt;&lt;\/h2&gt;&lt;h2 style=&quot;font-family: &amp;quot;Open Sans&amp;quot;, sans-serif; color: rgb(84, 84, 84); text-align: center;&quot;&gt;&lt;\/h2&gt;&lt;h2 style=&quot;font-family: &amp;quot;Open Sans&amp;quot;, sans-serif; color: rgb(84, 84, 84); text-align: center;&quot;&gt;&lt;\/h2&gt;&lt;h2 style=&quot;font-family: &amp;quot;Open Sans&amp;quot;, sans-serif; color: rgb(84, [&hellip;]<\/p>\n","protected":false},"featured_media":2972,"comment_status":"closed","ping_status":"open","template":"","meta":{"_joinchat":[]},"product_cat":[17],"product_tag":[],"class_list":{"0":"post-2971","1":"product","2":"type-product","3":"status-publish","4":"has-post-thumbnail","6":"product_cat-dis-mekan-metal-sandalye","8":"first","9":"instock","10":"product-type-simple"},"_links":{"self":[{"href":"https:\/\/palmiyesusleme.com\/index.php\/wp-json\/wp\/v2\/product\/2971","targetHints":{"allow":["GET"]}}],"collection":[{"href":"https:\/\/palmiyesusleme.com\/index.php\/wp-json\/wp\/v2\/product"}],"about":[{"href":"https:\/\/palmiyesusleme.com\/index.php\/wp-json\/wp\/v2\/types\/product"}],"replies":[{"embeddable":true,"href":"https:\/\/palmiyesusleme.com\/index.php\/wp-json\/wp\/v2\/comments?post=2971"}],"wp:featuredmedia":[{"embeddable":true,"href":"https:\/\/palmiyesusleme.com\/index.php\/wp-json\/wp\/v2\/media\/2972"}],"wp:attachment":[{"href":"https:\/\/palmiyesusleme.com\/index.php\/wp-json\/wp\/v2\/media?parent=2971"}],"wp:term":[{"taxonomy":"product_cat","embeddable":true,"href":"https:\/\/palmiyesusleme.com\/index.php\/wp-json\/wp\/v2\/product_cat?post=2971"},{"taxonomy":"product_tag","embeddable":true,"href":"https:\/\/palmiyesusleme.com\/index.php\/wp-json\/wp\/v2\/product_tag?post=2971"}],"curies":[{"name":"wp","href":"https:\/\/api.w.org\/{rel}","templated":true}]}}