{"id":3047,"date":"2024-03-07T15:34:29","date_gmt":"2024-03-07T12:34:29","guid":{"rendered":"https:\/\/palmiyesusleme.com\/index.php\/urun\/kirmizi-ithal-kumas-minderli-paslanmaz-aluminyum-mini-set-oturma-grubu\/"},"modified":"2024-03-07T15:34:30","modified_gmt":"2024-03-07T12:34:30","slug":"kirmizi-ithal-kumas-minderli-paslanmaz-aluminyum-mini-set-oturma-grubu","status":"publish","type":"product","link":"https:\/\/palmiyesusleme.com\/index.php\/urun\/kirmizi-ithal-kumas-minderli-paslanmaz-aluminyum-mini-set-oturma-grubu\/","title":{"rendered":"K\u0131rm\u0131z\u0131 \u0130thal Kuma\u015f Minderli Paslanmaz Al\u00fcminyum Mini Set Oturma Grubu"},"content":{"rendered":"<p>&lt;p&gt;K\u0131rm\u0131z\u0131 \u0130thal Kuma\u015f Minderli Paslanmaz Al\u00fcminyum Oturma Grubu Mini Set Oturma Grubu&lt;br&gt;&lt;\/p&gt;<\/p>\n","protected":false},"excerpt":{"rendered":"<p>&lt;p&gt;K\u0131rm\u0131z\u0131 \u0130thal Kuma\u015f Minderli Paslanmaz Al\u00fcminyum Oturma Grubu Mini Set Oturma Grubu&lt;br&gt;&lt;\/p&gt;<\/p>\n","protected":false},"featured_media":3048,"comment_status":"closed","ping_status":"open","template":"","meta":{"_joinchat":[]},"product_cat":[69,70],"product_tag":[],"class_list":{"0":"post-3047","1":"product","2":"type-product","3":"status-publish","4":"has-post-thumbnail","6":"product_cat-aluminyum-sandalye-masa-takimi","7":"product_cat-balkon-sandalye-masa-takimlari","9":"first","10":"instock","11":"product-type-simple"},"_links":{"self":[{"href":"https:\/\/palmiyesusleme.com\/index.php\/wp-json\/wp\/v2\/product\/3047","targetHints":{"allow":["GET"]}}],"collection":[{"href":"https:\/\/palmiyesusleme.com\/index.php\/wp-json\/wp\/v2\/product"}],"about":[{"href":"https:\/\/palmiyesusleme.com\/index.php\/wp-json\/wp\/v2\/types\/product"}],"replies":[{"embeddable":true,"href":"https:\/\/palmiyesusleme.com\/index.php\/wp-json\/wp\/v2\/comments?post=3047"}],"wp:featuredmedia":[{"embeddable":true,"href":"https:\/\/palmiyesusleme.com\/index.php\/wp-json\/wp\/v2\/media\/3048"}],"wp:attachment":[{"href":"https:\/\/palmiyesusleme.com\/index.php\/wp-json\/wp\/v2\/media?parent=3047"}],"wp:term":[{"taxonomy":"product_cat","embeddable":true,"href":"https:\/\/palmiyesusleme.com\/index.php\/wp-json\/wp\/v2\/product_cat?post=3047"},{"taxonomy":"product_tag","embeddable":true,"href":"https:\/\/palmiyesusleme.com\/index.php\/wp-json\/wp\/v2\/product_tag?post=3047"}],"curies":[{"name":"wp","href":"https:\/\/api.w.org\/{rel}","templated":true}]}}