{"id":309,"date":"2024-03-07T14:59:30","date_gmt":"2024-03-07T11:59:30","guid":{"rendered":"https:\/\/palmiyesusleme.com\/index.php\/urun\/cift-kayitli-aluminyum-bar-sandalyesi\/"},"modified":"2024-03-07T14:59:40","modified_gmt":"2024-03-07T11:59:40","slug":"cift-kayitli-aluminyum-bar-sandalyesi","status":"publish","type":"product","link":"https:\/\/palmiyesusleme.com\/index.php\/urun\/cift-kayitli-aluminyum-bar-sandalyesi\/","title":{"rendered":"\u00c7ift Kay\u0131tl\u0131 Al\u00fcminyum Bar Sandalyesi"},"content":{"rendered":"<p>&lt;p&gt;\u00c7ift Kay\u0131tl\u0131 Al\u00fcminyum Bar Sandalyesi&lt;br&gt;&lt;\/p&gt;<\/p>\n","protected":false},"excerpt":{"rendered":"<p>&lt;p&gt;\u00c7ift Kay\u0131tl\u0131 Al\u00fcminyum Bar Sandalyesi&lt;br&gt;&lt;\/p&gt;<\/p>\n","protected":false},"featured_media":310,"comment_status":"closed","ping_status":"open","template":"","meta":{"_joinchat":[]},"product_cat":[35,50],"product_tag":[],"class_list":{"0":"post-309","1":"product","2":"type-product","3":"status-publish","4":"has-post-thumbnail","6":"product_cat-bar-sandalye","7":"product_cat-metal-bar-sandalyeleri","9":"first","10":"instock","11":"product-type-simple"},"_links":{"self":[{"href":"https:\/\/palmiyesusleme.com\/index.php\/wp-json\/wp\/v2\/product\/309","targetHints":{"allow":["GET"]}}],"collection":[{"href":"https:\/\/palmiyesusleme.com\/index.php\/wp-json\/wp\/v2\/product"}],"about":[{"href":"https:\/\/palmiyesusleme.com\/index.php\/wp-json\/wp\/v2\/types\/product"}],"replies":[{"embeddable":true,"href":"https:\/\/palmiyesusleme.com\/index.php\/wp-json\/wp\/v2\/comments?post=309"}],"wp:featuredmedia":[{"embeddable":true,"href":"https:\/\/palmiyesusleme.com\/index.php\/wp-json\/wp\/v2\/media\/310"}],"wp:attachment":[{"href":"https:\/\/palmiyesusleme.com\/index.php\/wp-json\/wp\/v2\/media?parent=309"}],"wp:term":[{"taxonomy":"product_cat","embeddable":true,"href":"https:\/\/palmiyesusleme.com\/index.php\/wp-json\/wp\/v2\/product_cat?post=309"},{"taxonomy":"product_tag","embeddable":true,"href":"https:\/\/palmiyesusleme.com\/index.php\/wp-json\/wp\/v2\/product_tag?post=309"}],"curies":[{"name":"wp","href":"https:\/\/api.w.org\/{rel}","templated":true}]}}