{"id":31,"date":"2024-03-07T14:56:15","date_gmt":"2024-03-07T11:56:15","guid":{"rendered":"https:\/\/palmiyesusleme.com\/index.php\/urun\/siyah-chester-ahsap-ayakli-sedir-ser32\/"},"modified":"2024-03-07T14:56:25","modified_gmt":"2024-03-07T11:56:25","slug":"siyah-chester-ahsap-ayakli-sedir-ser32","status":"publish","type":"product","link":"https:\/\/palmiyesusleme.com\/index.php\/urun\/siyah-chester-ahsap-ayakli-sedir-ser32\/","title":{"rendered":"Siyah Chester Ah\u015fap Ayakl\u0131 Sedir ser32"},"content":{"rendered":"<p>&lt;p&gt;Siyah Chester Ah\u015fap Ayakl\u0131 Sedir \u015f\u0131k bir tasar\u0131m\u0131 ve zarifli\u011fi ile dikkat \u00e7eken \u00fcr\u00fcn\u00fcm\u00fcz stoklarda yerini alm\u0131\u015f bulunmaktad\u0131r.&lt;br&gt;&lt;\/p&gt;<\/p>\n","protected":false},"excerpt":{"rendered":"<p>&lt;p&gt;Siyah Chester Ah\u015fap Ayakl\u0131 Sedir \u015f\u0131k bir tasar\u0131m\u0131 ve zarifli\u011fi ile dikkat \u00e7eken \u00fcr\u00fcn\u00fcm\u00fcz stoklarda yerini alm\u0131\u015f bulunmaktad\u0131r.&lt;br&gt;&lt;\/p&gt;<\/p>\n","protected":false},"featured_media":32,"comment_status":"closed","ping_status":"open","template":"","meta":{"_joinchat":[]},"product_cat":[25],"product_tag":[],"class_list":{"0":"post-31","1":"product","2":"type-product","3":"status-publish","4":"has-post-thumbnail","6":"product_cat-chester-koltuk","8":"first","9":"instock","10":"product-type-simple"},"_links":{"self":[{"href":"https:\/\/palmiyesusleme.com\/index.php\/wp-json\/wp\/v2\/product\/31","targetHints":{"allow":["GET"]}}],"collection":[{"href":"https:\/\/palmiyesusleme.com\/index.php\/wp-json\/wp\/v2\/product"}],"about":[{"href":"https:\/\/palmiyesusleme.com\/index.php\/wp-json\/wp\/v2\/types\/product"}],"replies":[{"embeddable":true,"href":"https:\/\/palmiyesusleme.com\/index.php\/wp-json\/wp\/v2\/comments?post=31"}],"wp:featuredmedia":[{"embeddable":true,"href":"https:\/\/palmiyesusleme.com\/index.php\/wp-json\/wp\/v2\/media\/32"}],"wp:attachment":[{"href":"https:\/\/palmiyesusleme.com\/index.php\/wp-json\/wp\/v2\/media?parent=31"}],"wp:term":[{"taxonomy":"product_cat","embeddable":true,"href":"https:\/\/palmiyesusleme.com\/index.php\/wp-json\/wp\/v2\/product_cat?post=31"},{"taxonomy":"product_tag","embeddable":true,"href":"https:\/\/palmiyesusleme.com\/index.php\/wp-json\/wp\/v2\/product_tag?post=31"}],"curies":[{"name":"wp","href":"https:\/\/api.w.org\/{rel}","templated":true}]}}