{"id":317,"date":"2024-03-07T14:59:30","date_gmt":"2024-03-07T11:59:30","guid":{"rendered":"https:\/\/palmiyesusleme.com\/index.php\/urun\/siyah-fileli-aluminyum-enjeksiyon-iroko-kollu-sandalye\/"},"modified":"2024-03-07T14:59:47","modified_gmt":"2024-03-07T11:59:47","slug":"siyah-fileli-aluminyum-enjeksiyon-iroko-kollu-sandalye","status":"publish","type":"product","link":"https:\/\/palmiyesusleme.com\/index.php\/urun\/siyah-fileli-aluminyum-enjeksiyon-iroko-kollu-sandalye\/","title":{"rendered":"Siyah Fileli Al\u00fcminyum Enjeksiyon \u0130roko Kollu Sandalye"},"content":{"rendered":"<p>&lt;!&#8211; wp:paragraph &#8211;&gt;<br \/>\n&lt;h2&gt;&lt;a href=&quot;https:\/\/www.palmiyekocak.com&quot; target=&quot;_blank&quot;&gt;Siyah Fileli Al\u00fcminyum Enjeksiyon \u0130roko Kollu Sandalye&lt;\/a&gt;&lt;\/h2&gt;&lt;p&gt;Siyah Fileli Al\u00fcminyum Enjeksiyon Iroko Kollu Sandalye: Modern Ofislerin Vazge\u00e7ilmezi&lt;\/p&gt;<br \/>\n&lt;!&#8211; \/wp:paragraph &#8211;&gt;<\/p>\n<p>&lt;!&#8211; wp:paragraph &#8211;&gt;<br \/>\n&lt;p&gt;G\u00fcn\u00fcm\u00fczde ofis mobilyalar\u0131, sadece i\u015flevsellikleriyle de\u011fil, ayn\u0131 zamanda estetik ve konfor \u00f6zellikleriyle de \u00f6ne \u00e7\u0131kmaktad\u0131r. Bu ba\u011flamda, siyah fileli al\u00fcminyum enjeksiyon iroko kollu sandalye, modern ofislerin aranan par\u00e7as\u0131 haline gelmi\u015ftir. Bu sandalye, hem g\u00f6rsel hem de i\u015flevsel bir b\u00fct\u00fcnl\u00fck sunarak \u00e7al\u0131\u015fma alanlar\u0131n\u0131 d\u00f6n\u00fc\u015ft\u00fcrmektedir.&lt;\/p&gt;<br \/>\n&lt;!&#8211; \/wp:paragraph &#8211;&gt;<\/p>\n<p>&lt;!&#8211; wp:heading {&quot;level&quot;:4} &#8211;&gt;<br \/>\n&lt;h4 class=&quot;wp-block-heading&quot;&gt;&lt;a href=&quot;https:\/\/www.aluminyumsandalye.com\/&quot; target=&quot;_blank&quot;&gt;Siyah Fileli Al\u00fcminyum Enjeksiyon Iroko Kollu Sandalye \u00d6zellikleri;&lt;\/a&gt;&lt;\/h4&gt;<br \/>\n&lt;!&#8211; \/wp:heading &#8211;&gt;<\/p>\n<p>&lt;!&#8211; wp:paragraph &#8211;&gt;<br \/>\n&lt;p&gt;\u00d6ncelikle, siyah fileli al\u00fcminyum enjeksiyon sandalyenin tasar\u0131m\u0131na de\u011finmek gerekir. Siyah file, g\u00fcn\u00fcm\u00fcz ofis mobilyalar\u0131nda s\u0131kl\u0131kla tercih edilen bir malzeme olup, hafifli\u011fi ve hava ge\u00e7irgenli\u011fi ile bilinir. Bu sayede, uzun \u00e7al\u0131\u015fma saatleri boyunca bile s\u0131rt b\u00f6lgesinin hava almas\u0131n\u0131 sa\u011flayarak. Terlemenin \u00f6n\u00fcne ge\u00e7er ve konforlu bir oturma deneyimi sunar. Ayr\u0131ca, file yap\u0131s\u0131 sayesinde sandalye, esnek bir yap\u0131ya sahip olup. Kullan\u0131c\u0131n\u0131n v\u00fccut yap\u0131s\u0131na g\u00f6re \u015fekil alabilir.&lt;\/p&gt;<br \/>\n&lt;!&#8211; \/wp:paragraph &#8211;&gt;<\/p>\n<p>&lt;!&#8211; wp:paragraph &#8211;&gt;<br \/>\n&lt;p&gt;Sandalyenin al\u00fcminyum enjeksiyon ile \u00fcretilen olmas\u0131, \u00fcr\u00fcn\u00fcn hem hafif hem de dayan\u0131kl\u0131 olmas\u0131n\u0131 sa\u011flamakta. Al\u00fcminyum, a\u011f\u0131rl\u0131k-performans oran\u0131 a\u00e7\u0131s\u0131ndan m\u00fckemmel bir metaldir ve enjeksiyon y\u00f6ntemiyle \u015fekillendirildi\u011finde. Y\u00fcksek mukavemetli ve uzun \u00f6m\u00fcrl\u00fc mobilya par\u00e7alar\u0131 elde edilebilmekte. Bu \u00fcretim y\u00f6ntemi, sandalyenin her bir par\u00e7as\u0131n\u0131n m\u00fckemmel bir uyum i\u00e7inde olmas\u0131n\u0131 ve y\u00fcksek toleranslara sahip olmas\u0131n\u0131 sa\u011flar.&lt;\/p&gt;<br \/>\n&lt;!&#8211; \/wp:paragraph &#8211;&gt;<\/p>\n<p>&lt;!&#8211; wp:paragraph &#8211;&gt;<br \/>\n&lt;p&gt;Iroko kollu olmas\u0131 ise, sandalyeye s\u0131cak bir dokunu\u015f katmakla kalmaz, ayn\u0131 zamanda do\u011fal bir estetik sunar. Iroko, Afrika&#039;ya \u00f6zg\u00fc bir a\u011fa\u00e7 t\u00fcr\u00fc olup, y\u00fcksek dayan\u0131kl\u0131l\u0131\u011f\u0131 ve g\u00fczel g\u00f6r\u00fcn\u00fcm\u00fc ile mobilya yap\u0131m\u0131nda tercih edilmekte. \u015e\u0131k Iroko a\u011fac\u0131n\u0131n koyu renk tonlar\u0131, siyah file ile m\u00fckemmel bir kontrast olu\u015fturarak. Sandalyeye modern ve \u015f\u0131k bir g\u00f6r\u00fcn\u00fcm kazand\u0131rmakta.&lt;\/p&gt;<br \/>\n&lt;!&#8211; \/wp:paragraph &#8211;&gt;<\/p>\n<p>&lt;!&#8211; wp:paragraph &#8211;&gt;<br \/>\n&lt;p&gt;Bu sandalyenin ergonomik tasar\u0131m\u0131, kullan\u0131c\u0131 sa\u011fl\u0131\u011f\u0131n\u0131 \u00f6n planda tutar. Uzun s\u00fcre oturmak, \u00f6zellikle bel ve s\u0131rt a\u011fr\u0131lar\u0131na yol a\u00e7abilir. Ancak, bu sandalye, v\u00fccut ergonomisine uygun \u015fekilde tasarlanm\u0131\u015ft\u0131r. B\u00f6ylece v\u00fccut a\u011f\u0131rl\u0131\u011f\u0131n\u0131 e\u015fit bir \u015fekilde da\u011f\u0131tarak, bel ve s\u0131rt b\u00f6lgesine destek verir. Ayarlanan y\u00fckseklik ve e\u011fim mekanizmalar\u0131 sayesinde, her kullan\u0131c\u0131 kendi ideal oturma pozisyonunu kolayca bulabilmekte.&lt;\/p&gt;<br \/>\n&lt;!&#8211; \/wp:paragraph &#8211;&gt;<\/p>\n<p>&lt;!&#8211; wp:paragraph &#8211;&gt;<br \/>\n&lt;p&gt;Ofis mobilyalar\u0131n\u0131n s\u00fcrd\u00fcr\u00fclebilirli\u011fi de g\u00fcn\u00fcm\u00fczde b\u00fcy\u00fck \u00f6nem ta\u015f\u0131maktad\u0131r. Al\u00fcminyum ve iroko a\u011fac\u0131, geri d\u00f6n\u00fc\u015ft\u00fcr\u00fclmekte malzemelerdir ve bu sandalye, \u00e7evre dostu bir se\u00e7enek olarak \u00f6ne \u00e7\u0131kmakta. Ayr\u0131ca, dayan\u0131kl\u0131 yap\u0131s\u0131 sayesinde uzun y\u0131llar boyunca kullan\u0131lmakta. B\u00f6ylece s\u0131k s\u0131k de\u011fi\u015ftirme ihtiyac\u0131n\u0131 ortadan kald\u0131rmakta.&lt;\/p&gt;<br \/>\n&lt;!&#8211; \/wp:paragraph &#8211;&gt;<\/p>\n<p>&lt;!&#8211; wp:heading {&quot;level&quot;:4} &#8211;&gt;<br \/>\n&lt;h4 class=&quot;wp-block-heading&quot;&gt;Sonu\u00e7 olarak;&lt;\/h4&gt;<br \/>\n&lt;!&#8211; \/wp:heading &#8211;&gt;<\/p>\n<p>&lt;!&#8211; wp:paragraph &#8211;&gt;<br \/>\n&lt;p&gt;Sonu\u00e7 olarak, siyah fileli al\u00fcminyum enjeksiyon iroko kollu sandalye, modern ofisler i\u00e7in ideal bir se\u00e7imdir. Estetik tasar\u0131m\u0131, ergonomik yap\u0131s\u0131, dayan\u0131kl\u0131l\u0131\u011f\u0131 ve s\u00fcrd\u00fcr\u00fclebilirli\u011fi ile hem i\u015flevsel hem de \u00e7evre dostu bir ofis mobilyas\u0131d\u0131r. Bu sandalye, konfor ve \u015f\u0131kl\u0131\u011f\u0131 bir arada sunarak. \u00c7al\u0131\u015fma alanlar\u0131n\u0131 daha verimli ve keyifli hale getirir.&lt;\/p&gt;<br \/>\n&lt;!&#8211; \/wp:paragraph &#8211;&gt;<\/p>\n","protected":false},"excerpt":{"rendered":"<p>&lt;!&#8211; wp:paragraph &#8211;&gt; &lt;h2&gt;&lt;a href=&quot;https:\/\/www.palmiyekocak.com&quot; target=&quot;_blank&quot;&gt;Siyah Fileli Al\u00fcminyum Enjeksiyon \u0130roko Kollu Sandalye&lt;\/a&gt;&lt;\/h2&gt;&lt;p&gt;Siyah Fileli Al\u00fcminyum Enjeksiyon Iroko Kollu Sandalye: Modern Ofislerin Vazge\u00e7ilmezi&lt;\/p&gt; &lt;!&#8211; \/wp:paragraph &#8211;&gt; &lt;!&#8211; wp:paragraph &#8211;&gt; &lt;p&gt;G\u00fcn\u00fcm\u00fczde ofis mobilyalar\u0131, sadece i\u015flevsellikleriyle de\u011fil, ayn\u0131 zamanda estetik ve konfor \u00f6zellikleriyle de \u00f6ne \u00e7\u0131kmaktad\u0131r. Bu ba\u011flamda, siyah fileli al\u00fcminyum enjeksiyon iroko kollu sandalye, modern ofislerin aranan par\u00e7as\u0131 [&hellip;]<\/p>\n","protected":false},"featured_media":318,"comment_status":"closed","ping_status":"open","template":"","meta":{"_joinchat":[]},"product_cat":[49,51],"product_tag":[],"class_list":{"0":"post-317","1":"product","2":"type-product","3":"status-publish","4":"has-post-thumbnail","6":"product_cat-aluminyum-sandalyeler","7":"product_cat-salon-aluminyum-sandalye","9":"first","10":"instock","11":"product-type-simple"},"_links":{"self":[{"href":"https:\/\/palmiyesusleme.com\/index.php\/wp-json\/wp\/v2\/product\/317","targetHints":{"allow":["GET"]}}],"collection":[{"href":"https:\/\/palmiyesusleme.com\/index.php\/wp-json\/wp\/v2\/product"}],"about":[{"href":"https:\/\/palmiyesusleme.com\/index.php\/wp-json\/wp\/v2\/types\/product"}],"replies":[{"embeddable":true,"href":"https:\/\/palmiyesusleme.com\/index.php\/wp-json\/wp\/v2\/comments?post=317"}],"wp:featuredmedia":[{"embeddable":true,"href":"https:\/\/palmiyesusleme.com\/index.php\/wp-json\/wp\/v2\/media\/318"}],"wp:attachment":[{"href":"https:\/\/palmiyesusleme.com\/index.php\/wp-json\/wp\/v2\/media?parent=317"}],"wp:term":[{"taxonomy":"product_cat","embeddable":true,"href":"https:\/\/palmiyesusleme.com\/index.php\/wp-json\/wp\/v2\/product_cat?post=317"},{"taxonomy":"product_tag","embeddable":true,"href":"https:\/\/palmiyesusleme.com\/index.php\/wp-json\/wp\/v2\/product_tag?post=317"}],"curies":[{"name":"wp","href":"https:\/\/api.w.org\/{rel}","templated":true}]}}