{"id":3285,"date":"2024-03-07T15:36:57","date_gmt":"2024-03-07T12:36:57","guid":{"rendered":"https:\/\/palmiyesusleme.com\/index.php\/urun\/dugun-salonu-hilton-sandalyesi\/"},"modified":"2024-03-07T15:37:00","modified_gmt":"2024-03-07T12:37:00","slug":"dugun-salonu-hilton-sandalyesi","status":"publish","type":"product","link":"https:\/\/palmiyesusleme.com\/index.php\/urun\/dugun-salonu-hilton-sandalyesi\/","title":{"rendered":"D\u00fc\u011f\u00fcn Salonu Hilton Sandalyesi"},"content":{"rendered":"<p>&lt;div&gt;&lt;!&#8211; wp:paragraph &#8211;&gt;<br \/>\n&lt;h2&gt;&lt;a href=&quot;https:\/\/www.palmiyekocak.com\/metal-sandalye\/dugun-salonu-hilton-sandalyesi-has07&quot; target=&quot;_blank&quot;&gt;D\u00fc\u011f\u00fcn Salonu Hilton Sandalyesi&lt;\/a&gt;&lt;\/h2&gt;&lt;p&gt;&quot;D\u00fc\u011f\u00fcn Salonu Hilton Sandalyesi: Elegans ve Konforun M\u00fckemmel Bulu\u015fmas\u0131&quot;&lt;\/p&gt;<br \/>\n&lt;!&#8211; \/wp:paragraph &#8211;&gt;<\/p>\n<p>&lt;!&#8211; wp:paragraph &#8211;&gt;<br \/>\n&lt;p&gt;D\u00fc\u011f\u00fcnler, \u00f6zellikle kat\u0131l\u0131mc\u0131lar\u0131n, bu \u00f6zel g\u00fcn\u00fcn tad\u0131n\u0131 \u00e7\u0131karabilmeleri i\u00e7in e\u015fsiz bir konfor. Bunun yan\u0131 s\u0131ra zarafetin sunuldu\u011fu organizasyonlard\u0131r. Mobilya se\u00e7imleri, bir d\u00fc\u011f\u00fcn salonunun atmosferini belirlemede hayati bir rol oynar. Bu ba\u011flamda, Hilton sandalyeleri d\u00fc\u011f\u00fcn salonlar\u0131 i\u00e7in son derece pop\u00fcler ve tercih edilen bir se\u00e7enektir.&lt;\/p&gt;<br \/>\n&lt;!&#8211; \/wp:paragraph &#8211;&gt;<\/p>\n<p>&lt;!&#8211; wp:heading {&quot;level&quot;:3} &#8211;&gt;<br \/>\n&lt;h3 class=&quot;wp-block-heading&quot;&gt;&lt;a href=&quot;https:\/\/www.otelsandalyeleri.com\/kategori\/salon-hilton-sandalye\/&quot; target=&quot;_blank&quot;&gt;D\u00fc\u011f\u00fcn Salonu Hilton Sandalyesi \u00d6zellikleri;&lt;\/a&gt;&lt;\/h3&gt;<br \/>\n&lt;!&#8211; \/wp:heading &#8211;&gt;<\/p>\n<p>&lt;!&#8211; wp:paragraph &#8211;&gt;<br \/>\n&lt;p&gt;Hilton sandalyesi, ilk bak\u0131\u015fta dikkat \u00e7eken zarif tasar\u0131m\u0131 ve \u00fcst\u00fcn konforu ile tan\u0131n\u0131r. \u00c7o\u011funlukla y\u00fcksek kaliteli ah\u015fap veya metalden yap\u0131lan bu sandalyeler.  Genellikle l\u00fcks ve sofistike bir his yaratmak i\u00e7in zarif kuma\u015f d\u00f6\u015femelere sahiptir. Ayr\u0131ca, bu sandalyelerin dayan\u0131kl\u0131l\u0131\u011f\u0131, uzun s\u00fcreli kullan\u0131m i\u00e7in ideal k\u0131lar.&lt;\/p&gt;<br \/>\n&lt;!&#8211; \/wp:paragraph &#8211;&gt;<\/p>\n<p>&lt;!&#8211; wp:paragraph &#8211;&gt;<br \/>\n&lt;p&gt;Hilton sandalyesi, d\u00fc\u011f\u00fcnler i\u00e7in ideal bir se\u00e7enek olmas\u0131n\u0131n bir ba\u015fka nedeni de, \u00e7e\u015fitli renk ve stillerde mevcut olmas\u0131d\u0131r. Bu \u00e7e\u015fitlilik, d\u00fc\u011f\u00fcn\u00fcn temas\u0131na veya rengiyle uyum sa\u011flama yetene\u011fi sa\u011flar. \u00d6zellikle de belirli bir renk paleti veya tema etraf\u0131nda tasarlanan d\u00fc\u011f\u00fcnlerde. Hilton sandalyeleri ile bu uyumu kolayl\u0131kla yakalayabilirsiniz.&lt;\/p&gt;<br \/>\n&lt;!&#8211; \/wp:paragraph &#8211;&gt;<\/p>\n<p>&lt;!&#8211; wp:paragraph &#8211;&gt;<br \/>\n&lt;p&gt;Hilton sandalyeleri, geni\u015f ve rahat oturma alanlar\u0131na sahip olmalar\u0131 nedeniyle konuklar\u0131n rahat etmesi i\u00e7in idealdir. Konuklar\u0131n\u0131z\u0131n d\u00fc\u011f\u00fcn boyunca rahat hissetmeleri, onlar\u0131n etkinli\u011finizden keyif almalar\u0131n\u0131 ve unutulmaz an\u0131lar olu\u015fturmas\u0131n\u0131 sa\u011flar. Ayr\u0131ca, sandalyelerin geni\u015fli\u011fi ve rahatl\u0131\u011f\u0131, \u00e7ocuklu aileler veya ya\u015fl\u0131 konuklar gibi belirli ihtiya\u00e7lar\u0131 olan konuklar i\u00e7in de idealdir.&lt;\/p&gt;<br \/>\n&lt;!&#8211; \/wp:paragraph &#8211;&gt;<\/p>\n<p>&lt;!&#8211; wp:paragraph &#8211;&gt;<br \/>\n&lt;p&gt;Ayr\u0131ca, Hilton sandalyeleri, genellikle kolay ta\u015f\u0131nabilir ve hafif olmalar\u0131 nedeniyle d\u00fc\u011f\u00fcn organizat\u00f6rlerinin favorisidir. Bu, salon d\u00fczenini ve yerle\u015fim plan\u0131n\u0131 de\u011fi\u015ftirmenin kolay ve h\u0131zl\u0131 olaca\u011f\u0131 anlam\u0131na gelir. Bu \u00f6zellik, b\u00fcy\u00fck d\u00fc\u011f\u00fcnlerde ve \u00e7e\u015fitli etkinliklerin d\u00fczenlendi\u011fi d\u00fc\u011f\u00fcnlerde \u00f6zellikle kullan\u0131\u015fl\u0131d\u0131r.&lt;\/p&gt;<br \/>\n&lt;!&#8211; \/wp:paragraph &#8211;&gt;<\/p>\n<p>&lt;!&#8211; wp:paragraph &#8211;&gt;<br \/>\n&lt;p&gt;Sonu\u00e7 olarak, d\u00fc\u011f\u00fcn salonu Hilton sandalyesi, hem estetik a\u00e7\u0131dan \u00e7ekici hem de pratik bir se\u00e7enektir. Zarif tasar\u0131m\u0131 ve \u00fcst\u00fcn konforu, d\u00fc\u011f\u00fcnlerinizin hem \u015f\u0131k hem de konforlu olmas\u0131n\u0131 sa\u011flar. Her \u00e7e\u015fit d\u00fc\u011f\u00fcn temas\u0131na uyum sa\u011flayabilme yetene\u011fi ve kullan\u0131m kolayl\u0131\u011f\u0131 da onu d\u00fc\u011f\u00fcn salonlar\u0131 i\u00e7in. \u00c7ok ideal bir se\u00e7enek haline getirir. Bu y\u00fczden, d\u00fc\u011f\u00fcnlerinizde kal\u0131c\u0131 bir izlenim b\u0131rakmak ve konuklar\u0131n\u0131za unutulmayan bir deneyim ya\u015fatmak istiyorsan\u0131z. Hilton sandalyelerini tercih edin.&lt;\/p&gt;<br \/>\n&lt;!&#8211; \/wp:paragraph &#8211;&gt;<\/p>\n<p>&lt;!&#8211; wp:heading {&quot;level&quot;:4} &#8211;&gt;<br \/>\n&lt;h4 class=&quot;wp-block-heading&quot;&gt;Sonu\u00e7 Olarak;&lt;\/h4&gt;<br \/>\n&lt;!&#8211; \/wp:heading &#8211;&gt;<\/p>\n<p>&lt;!&#8211; wp:paragraph &#8211;&gt;<br \/>\n&lt;p&gt;\u00dcr\u00fcnlerimizde yaln\u0131zca toptan sat\u0131n al\u0131m ger\u00e7ekle\u015ftirebilirsiniz perakende sat\u0131\u015f\u0131m\u0131z bulunmamaktad\u0131r ma\u011fazam\u0131za gelerek detayl\u0131 bilgi ve g\u00f6zlemleme imkan\u0131 bulabilirsiniz.&lt;\/p&gt;<br \/>\n&lt;!&#8211; \/wp:paragraph &#8211;&gt;&lt;\/div&gt;<\/p>\n","protected":false},"excerpt":{"rendered":"<p>&lt;div&gt;&lt;!&#8211; wp:paragraph &#8211;&gt; &lt;h2&gt;&lt;a href=&quot;https:\/\/www.palmiyekocak.com\/metal-sandalye\/dugun-salonu-hilton-sandalyesi-has07&quot; target=&quot;_blank&quot;&gt;D\u00fc\u011f\u00fcn Salonu Hilton Sandalyesi&lt;\/a&gt;&lt;\/h2&gt;&lt;p&gt;&quot;D\u00fc\u011f\u00fcn Salonu Hilton Sandalyesi: Elegans ve Konforun M\u00fckemmel Bulu\u015fmas\u0131&quot;&lt;\/p&gt; &lt;!&#8211; \/wp:paragraph &#8211;&gt; &lt;!&#8211; wp:paragraph &#8211;&gt; &lt;p&gt;D\u00fc\u011f\u00fcnler, \u00f6zellikle kat\u0131l\u0131mc\u0131lar\u0131n, bu \u00f6zel g\u00fcn\u00fcn tad\u0131n\u0131 \u00e7\u0131karabilmeleri i\u00e7in e\u015fsiz bir konfor. Bunun yan\u0131 s\u0131ra zarafetin sunuldu\u011fu organizasyonlard\u0131r. Mobilya se\u00e7imleri, bir d\u00fc\u011f\u00fcn salonunun atmosferini belirlemede hayati bir rol oynar. Bu ba\u011flamda, Hilton [&hellip;]<\/p>\n","protected":false},"featured_media":3286,"comment_status":"closed","ping_status":"open","template":"","meta":{"_joinchat":[]},"product_cat":[132,32,63,62,144,51,142,143],"product_tag":[],"class_list":{"0":"post-3285","1":"product","2":"type-product","3":"status-publish","4":"has-post-thumbnail","6":"product_cat-dugun-salonu-sandalyesi","7":"product_cat-konferans-sandalyeleri","8":"product_cat-lokanta-sandalyeleri","9":"product_cat-metal-sandalye","10":"product_cat-organizasyon-sandalyesi","11":"product_cat-salon-aluminyum-sandalye","12":"product_cat-salon-banket-sandalye","13":"product_cat-salon-hilton-sandalye","15":"first","16":"instock","17":"product-type-simple"},"_links":{"self":[{"href":"https:\/\/palmiyesusleme.com\/index.php\/wp-json\/wp\/v2\/product\/3285","targetHints":{"allow":["GET"]}}],"collection":[{"href":"https:\/\/palmiyesusleme.com\/index.php\/wp-json\/wp\/v2\/product"}],"about":[{"href":"https:\/\/palmiyesusleme.com\/index.php\/wp-json\/wp\/v2\/types\/product"}],"replies":[{"embeddable":true,"href":"https:\/\/palmiyesusleme.com\/index.php\/wp-json\/wp\/v2\/comments?post=3285"}],"wp:featuredmedia":[{"embeddable":true,"href":"https:\/\/palmiyesusleme.com\/index.php\/wp-json\/wp\/v2\/media\/3286"}],"wp:attachment":[{"href":"https:\/\/palmiyesusleme.com\/index.php\/wp-json\/wp\/v2\/media?parent=3285"}],"wp:term":[{"taxonomy":"product_cat","embeddable":true,"href":"https:\/\/palmiyesusleme.com\/index.php\/wp-json\/wp\/v2\/product_cat?post=3285"},{"taxonomy":"product_tag","embeddable":true,"href":"https:\/\/palmiyesusleme.com\/index.php\/wp-json\/wp\/v2\/product_tag?post=3285"}],"curies":[{"name":"wp","href":"https:\/\/api.w.org\/{rel}","templated":true}]}}