{"id":3297,"date":"2024-03-07T15:36:57","date_gmt":"2024-03-07T12:36:57","guid":{"rendered":"https:\/\/palmiyesusleme.com\/index.php\/urun\/kalin-sungerli-luks-takviyeli-hilton-sandalye\/"},"modified":"2024-03-07T15:37:07","modified_gmt":"2024-03-07T12:37:07","slug":"kalin-sungerli-luks-takviyeli-hilton-sandalye","status":"publish","type":"product","link":"https:\/\/palmiyesusleme.com\/index.php\/urun\/kalin-sungerli-luks-takviyeli-hilton-sandalye\/","title":{"rendered":"Kal\u0131n S\u00fcngerli L\u00fcks Takviyeli Hilton Sandalye"},"content":{"rendered":"<p>&lt;h2&gt;&lt;a href=&quot;https:\/\/www.palmiyekocak.com\/kalin-sungerli-luks-takviyeli-hilton-sandalye-has13&quot; target=&quot;_blank&quot;&gt;Kal\u0131n S\u00fcngerli L\u00fcks Takviyeli Hilton Sandalye&lt;\/a&gt;&lt;\/h2&gt;&lt;p&gt;Konu: Kal\u0131n S\u00fcngerli L\u00fcks Takviyeli Hilton Sandalye: Konfor ve Esteti\u011fin Bulu\u015fmas\u0131&lt;\/p&gt;&lt;p&gt;G\u00fcn\u00fcm\u00fczde otelcilik sekt\u00f6r\u00fc, misafirlerine en \u00fcst d\u00fczeyde konfor ve l\u00fcks sunmay\u0131 ama\u00e7lamaktad\u0131r. Bu ama\u00e7 do\u011frultusunda, oteller kaliteli mobilya se\u00e7imlerine \u00f6zel bir \u00f6nem vermekte ve misafirlerine unutulmayan. Bir deneyim sunabilmek ad\u0131na tasar\u0131m ve konforu bir araya getirmektedirler. Bu noktada, &quot;Kal\u0131n S\u00fcngerli L\u00fcks Takviyeli Hilton Sandalyeler&quot; gibi \u00f6zel \u00fcr\u00fcnler, otel i\u00e7 mekanlar\u0131n\u0131n estetik g\u00f6r\u00fcn\u00fcm\u00fcn\u00fc. Bunun yan\u0131 s\u0131ra konforunu art\u0131rmada \u00f6nemli bir rol oynamaktad\u0131r.&lt;\/p&gt;&lt;h3 class=&quot;wp-block-heading&quot;&gt;&lt;a href=&quot;https:\/\/www.hiltonsandalye.com\/&quot; target=&quot;_blank&quot;&gt;Kal\u0131n S\u00fcngerli L\u00fcks Takviyeli Hilton Sandalye \u00d6zellikleri;&lt;\/a&gt;&lt;\/h3&gt;&lt;p&gt;Modern tasar\u0131m anlay\u0131\u015f\u0131n\u0131n otelcilik sekt\u00f6r\u00fcnde yaratt\u0131\u011f\u0131 etkiyi g\u00f6rmek i\u00e7in Hilton Oteller zincirini ele alabiliriz. Hilton Oteller, y\u0131llar boyunca sundu\u011fu kaliteli hizmetle ad\u0131n\u0131 d\u00fcnya \u00e7ap\u0131nda duyurmu\u015f bir markad\u0131r. Bu ba\u015far\u0131n\u0131n s\u0131rr\u0131, sadece hizmet kalitesiyle de\u011fil, ayn\u0131 zamanda mekanlar\u0131n dizayn\u0131yla da ili\u015fkilidir. Otel i\u00e7 mekanlar\u0131n\u0131n misafirlerin rahatl\u0131\u011f\u0131n\u0131 ve keyfini en \u00fcst d\u00fczeye \u00e7\u0131karacak \u015fekilde tasarlanmas\u0131. M\u00fc\u015fteri memnuniyetinin temel ta\u015flar\u0131ndan biridir.&lt;\/p&gt;&lt;p&gt;&quot;Kal\u0131n S\u00fcngerli L\u00fcks Takviyeli Hilton Sandalyeler&quot; gibi \u00fcr\u00fcnler, otel i\u00e7 mekanlar\u0131nda \u015f\u0131kl\u0131\u011f\u0131 ve konforu bir araya getirerek misafirleri etkileyici bir deneyime davet etmektedir. Ayr\u0131ca kal\u0131n s\u00fcngerler, uzun s\u00fcreli oturmalarda bile maksimum rahatl\u0131k sa\u011flarken, l\u00fcks detaylar ve estetik dokunu\u015flar. Otel odalar\u0131na zarafet katmaktad\u0131r. Bunun yan\u0131 s\u0131ra hilton Otelleri&#039;nin tercih etti\u011fi bu tarz sandalyeler, misafirlerin otelde ge\u00e7irdi\u011fi zaman\u0131 daha da keyifli hale getirmektedir.&lt;\/p&gt;&lt;p&gt;Bunun \u00f6tesinde, &quot;Kal\u0131n S\u00fcngerli L\u00fcks Takviyeli Hilton Sandalye&quot; gibi \u00f6zel tasar\u0131m \u00fcr\u00fcnleri, otellerin marka imaj\u0131n\u0131 g\u00fc\u00e7lendirmede de \u00f6nemli bir rol oynamaktad\u0131r. Misafirler, kaliteli mobilyalar\u0131n ve l\u00fcks detaylar\u0131n oldu\u011fu mekanlarda kendilerini \u00f6zel hissederler. Bu da otelin prestijini art\u0131r\u0131r ve m\u00fc\u015fteri sadakatini destekler.&lt;\/p&gt;&lt;p&gt;Sonu\u00e7 olarak, otelcilik sekt\u00f6r\u00fc giderek daha rekabet\u00e7i hale geldik\u00e7e, otellerin misafir memnuniyetini sa\u011flamak. Yan\u0131 s\u0131ra unutulmayan deneyimler sunmak i\u00e7in tasar\u0131m ve konforu bir araya getiren \u00fcr\u00fcnlere y\u00f6nelmeleri \u00f6nemlidir. &quot;Kal\u0131n S\u00fcngerli L\u00fcks Takviyeli Hilton Sandalyeler,&quot; bu noktada kendine \u00f6zg\u00fc bir rol oynayarak. Otel i\u00e7 mekanlar\u0131n\u0131 hem g\u00f6rsel olarak zenginle\u015ftirir hem de misafirlerin konforunu en \u00fcst d\u00fczeye \u00e7\u0131kar\u0131r. Hilton Otelleri gibi markalar\u0131n tercihi, bu tarz \u00fcr\u00fcnlerin sekt\u00f6rdeki \u00f6nemini ve etkisini. Bir kez daha vurgulamaktad\u0131r.&lt;\/p&gt;&lt;h4 class=&quot;wp-block-heading&quot;&gt;Sonu\u00e7 Olarak;&lt;\/h4&gt;&lt;p&gt;&lt;!&#8211; wp:paragraph &#8211;&gt;<\/p>\n<p>&lt;!&#8211; \/wp:paragraph &#8211;&gt;<\/p>\n<p>&lt;!&#8211; wp:paragraph &#8211;&gt;<\/p>\n<p>&lt;!&#8211; \/wp:paragraph &#8211;&gt;<\/p>\n<p>&lt;!&#8211; wp:heading {&quot;level&quot;:3} &#8211;&gt;<\/p>\n<p>&lt;!&#8211; \/wp:heading &#8211;&gt;<\/p>\n<p>&lt;!&#8211; wp:paragraph &#8211;&gt;<\/p>\n<p>&lt;!&#8211; \/wp:paragraph &#8211;&gt;<\/p>\n<p>&lt;!&#8211; wp:paragraph &#8211;&gt;<\/p>\n<p>&lt;!&#8211; \/wp:paragraph &#8211;&gt;<\/p>\n<p>&lt;!&#8211; wp:paragraph &#8211;&gt;<\/p>\n<p>&lt;!&#8211; \/wp:paragraph &#8211;&gt;<\/p>\n<p>&lt;!&#8211; wp:paragraph &#8211;&gt;<\/p>\n<p>&lt;!&#8211; \/wp:paragraph &#8211;&gt;<\/p>\n<p>&lt;!&#8211; wp:heading {&quot;level&quot;:4} &#8211;&gt;<\/p>\n<p>&lt;!&#8211; \/wp:heading &#8211;&gt;<\/p>\n<p>&lt;!&#8211; wp:paragraph &#8211;&gt;<\/p>\n<p>&lt;!&#8211; \/wp:paragraph &#8211;&gt;&lt;\/p&gt;&lt;p&gt;Unutulmamal\u0131d\u0131r ki, &quot;Kal\u0131n S\u00fcngerli L\u00fcks Takviyeli Hilton Sandalye&quot; sadece bir mobilya par\u00e7as\u0131 de\u011fildir. Ayn\u0131 zamanda otelcilik anlay\u0131\u015f\u0131n\u0131n ve misafirlerin beklentilerinin bir yans\u0131mas\u0131d\u0131r. Bu t\u00fcr \u00fcr\u00fcnler, otellerin misafirlerine sundu\u011fu deneyimi bir \u00fcst seviyeye ta\u015f\u0131yarak, sekt\u00f6rdeki rekabette \u00f6ne \u00e7\u0131kmalar\u0131na yard\u0131mc\u0131 olmaktad\u0131r.&lt;\/p&gt;<\/p>\n","protected":false},"excerpt":{"rendered":"<p>&lt;h2&gt;&lt;a href=&quot;https:\/\/www.palmiyekocak.com\/kalin-sungerli-luks-takviyeli-hilton-sandalye-has13&quot; target=&quot;_blank&quot;&gt;Kal\u0131n S\u00fcngerli L\u00fcks Takviyeli Hilton Sandalye&lt;\/a&gt;&lt;\/h2&gt;&lt;p&gt;Konu: Kal\u0131n S\u00fcngerli L\u00fcks Takviyeli Hilton Sandalye: Konfor ve Esteti\u011fin Bulu\u015fmas\u0131&lt;\/p&gt;&lt;p&gt;G\u00fcn\u00fcm\u00fczde otelcilik sekt\u00f6r\u00fc, misafirlerine en \u00fcst d\u00fczeyde konfor ve l\u00fcks sunmay\u0131 ama\u00e7lamaktad\u0131r. Bu ama\u00e7 do\u011frultusunda, oteller kaliteli mobilya se\u00e7imlerine \u00f6zel bir \u00f6nem vermekte ve misafirlerine unutulmayan. Bir deneyim sunabilmek ad\u0131na tasar\u0131m ve konforu bir araya getirmektedirler. Bu noktada, [&hellip;]<\/p>\n","protected":false},"featured_media":3298,"comment_status":"closed","ping_status":"open","template":"","meta":{"_joinchat":[]},"product_cat":[142,143],"product_tag":[],"class_list":{"0":"post-3297","1":"product","2":"type-product","3":"status-publish","4":"has-post-thumbnail","6":"product_cat-salon-banket-sandalye","7":"product_cat-salon-hilton-sandalye","9":"first","10":"instock","11":"product-type-simple"},"_links":{"self":[{"href":"https:\/\/palmiyesusleme.com\/index.php\/wp-json\/wp\/v2\/product\/3297","targetHints":{"allow":["GET"]}}],"collection":[{"href":"https:\/\/palmiyesusleme.com\/index.php\/wp-json\/wp\/v2\/product"}],"about":[{"href":"https:\/\/palmiyesusleme.com\/index.php\/wp-json\/wp\/v2\/types\/product"}],"replies":[{"embeddable":true,"href":"https:\/\/palmiyesusleme.com\/index.php\/wp-json\/wp\/v2\/comments?post=3297"}],"wp:featuredmedia":[{"embeddable":true,"href":"https:\/\/palmiyesusleme.com\/index.php\/wp-json\/wp\/v2\/media\/3298"}],"wp:attachment":[{"href":"https:\/\/palmiyesusleme.com\/index.php\/wp-json\/wp\/v2\/media?parent=3297"}],"wp:term":[{"taxonomy":"product_cat","embeddable":true,"href":"https:\/\/palmiyesusleme.com\/index.php\/wp-json\/wp\/v2\/product_cat?post=3297"},{"taxonomy":"product_tag","embeddable":true,"href":"https:\/\/palmiyesusleme.com\/index.php\/wp-json\/wp\/v2\/product_tag?post=3297"}],"curies":[{"name":"wp","href":"https:\/\/api.w.org\/{rel}","templated":true}]}}