{"id":3303,"date":"2024-03-07T15:36:57","date_gmt":"2024-03-07T12:36:57","guid":{"rendered":"https:\/\/palmiyesusleme.com\/index.php\/urun\/lacivert-metal-banket-sandalye-has2022\/"},"modified":"2024-03-07T15:37:10","modified_gmt":"2024-03-07T12:37:10","slug":"lacivert-metal-banket-sandalye-has2022","status":"publish","type":"product","link":"https:\/\/palmiyesusleme.com\/index.php\/urun\/lacivert-metal-banket-sandalye-has2022\/","title":{"rendered":"Lacivert Metal Banket Sandalye &#8211; has2022"},"content":{"rendered":"<p>&lt;p style=&quot;margin-bottom: 15px; color: rgb(51, 51, 51); font-family: &amp;quot;Nunito Sans&amp;quot;; font-size: 16px;&quot;&gt;&lt;span style=&quot;font-weight: 700;&quot;&gt;K\u0131rm\u0131z\u0131 Metal Banket Sandalye &#8211; has2022&lt;\/span&gt;&lt;\/p&gt;&lt;p style=&quot;margin-bottom: 15px; color: rgb(51, 51, 51); font-family: &amp;quot;Nunito Sans&amp;quot;; font-size: 16px;&quot;&gt;\u00dcr\u00fcn \u00d6zellikleri:&lt;\/p&gt;&lt;ul style=&quot;margin-bottom: 10px; color: rgb(51, 51, 51); font-family: &amp;quot;Nunito Sans&amp;quot;; font-size: 16px;&quot;&gt;&lt;li&gt;Poli\u00fcretan D\u00f6kme S\u00fcngerli&lt;\/li&gt;&lt;li&gt;7 Cm kal\u0131nl\u0131k oturak 3 cm kal\u0131nl\u0131k s\u0131rt&lt;\/li&gt;&lt;li&gt;1.5 Metal Sa\u00e7 Kal\u0131nl\u0131\u011f\u0131&lt;\/li&gt;&lt;li&gt;D\u00f6\u015feme Kuma\u015f\/Deri olabilmektedir&lt;\/li&gt;&lt;li&gt;Perakende sat\u0131\u015f\u0131m\u0131z yoktur, Toptan sipari\u015f al\u0131n\u0131r.&lt;\/li&gt;&lt;\/ul&gt;&lt;p style=&quot;margin-bottom: 15px; color: rgb(51, 51, 51); font-family: &amp;quot;Nunito Sans&amp;quot;; font-size: 16px;&quot;&gt;&lt;br&gt;&lt;\/p&gt;&lt;p style=&quot;margin-bottom: 15px; color: rgb(51, 51, 51); font-family: &amp;quot;Nunito Sans&amp;quot;; font-size: 16px;&quot;&gt;\u0130ste\u011fe \u00f6zel olarak malzeme cinsinde (boya, kuma\u015f, deri) ve \u00fcr\u00fcn \u00f6l\u00e7\u00fclerinde de\u011fi\u015fiklik yap\u0131labilir.&lt;\/p&gt;&lt;p style=&quot;margin-bottom: 15px; color: rgb(51, 51, 51); font-family: &amp;quot;Nunito Sans&amp;quot;; font-size: 16px;&quot;&gt;\u00dcr\u00fcn hakk\u0131nda detayl\u0131 bilgi ve fiyat almak i\u00e7in \u00fcr\u00fcn kodunu ve adetini bize E-posta, Whatsapp veya Telefon yoluyla iletiniz. Sat\u0131\u015f ekibimiz en k\u0131sa s\u00fcrede size d\u00f6necektir.&lt;\/p&gt;&lt;p style=&quot;margin-bottom: 15px; color: rgb(51, 51, 51); font-family: &amp;quot;Nunito Sans&amp;quot;; font-size: 16px;&quot;&gt;&lt;span style=&quot;font-weight: 700;&quot;&gt;&lt;a href=&quot;https:\/\/www.palmiyekocak.com\/iletisim&quot; target=&quot;_blank&quot; style=&quot;color: rgb(51, 85, 112); text-decoration-line: underline; touch-action: manipulation; display: inline-block;&quot;&gt;\u0130leti\u015fim bilgileri i\u00e7in t\u0131klay\u0131n\u0131z.&lt;\/a&gt;&lt;\/span&gt;&lt;\/p&gt;&lt;img src=&quot;https:\/\/www.palmiyekocak.com\/image\/catalog\/update\/lacivert-metal-banket-sandalye-has2022-palmiye-kocak.jpg&quot; style=&quot;width: 196.827px; height: 292.562px;&quot;&gt;<\/p>\n","protected":false},"excerpt":{"rendered":"<p>&lt;p style=&quot;margin-bottom: 15px; color: rgb(51, 51, 51); font-family: &amp;quot;Nunito Sans&amp;quot;; font-size: 16px;&quot;&gt;&lt;span style=&quot;font-weight: 700;&quot;&gt;K\u0131rm\u0131z\u0131 Metal Banket Sandalye &#8211; has2022&lt;\/span&gt;&lt;\/p&gt;&lt;p style=&quot;margin-bottom: 15px; color: rgb(51, 51, 51); font-family: &amp;quot;Nunito Sans&amp;quot;; font-size: 16px;&quot;&gt;\u00dcr\u00fcn \u00d6zellikleri:&lt;\/p&gt;&lt;ul style=&quot;margin-bottom: 10px; color: rgb(51, 51, 51); font-family: &amp;quot;Nunito Sans&amp;quot;; font-size: 16px;&quot;&gt;&lt;li&gt;Poli\u00fcretan D\u00f6kme S\u00fcngerli&lt;\/li&gt;&lt;li&gt;7 Cm kal\u0131nl\u0131k oturak 3 cm kal\u0131nl\u0131k s\u0131rt&lt;\/li&gt;&lt;li&gt;1.5 Metal Sa\u00e7 Kal\u0131nl\u0131\u011f\u0131&lt;\/li&gt;&lt;li&gt;D\u00f6\u015feme Kuma\u015f\/Deri [&hellip;]<\/p>\n","protected":false},"featured_media":3304,"comment_status":"closed","ping_status":"open","template":"","meta":{"_joinchat":[]},"product_cat":[142],"product_tag":[],"class_list":{"0":"post-3303","1":"product","2":"type-product","3":"status-publish","4":"has-post-thumbnail","6":"product_cat-salon-banket-sandalye","8":"first","9":"instock","10":"product-type-simple"},"_links":{"self":[{"href":"https:\/\/palmiyesusleme.com\/index.php\/wp-json\/wp\/v2\/product\/3303","targetHints":{"allow":["GET"]}}],"collection":[{"href":"https:\/\/palmiyesusleme.com\/index.php\/wp-json\/wp\/v2\/product"}],"about":[{"href":"https:\/\/palmiyesusleme.com\/index.php\/wp-json\/wp\/v2\/types\/product"}],"replies":[{"embeddable":true,"href":"https:\/\/palmiyesusleme.com\/index.php\/wp-json\/wp\/v2\/comments?post=3303"}],"wp:featuredmedia":[{"embeddable":true,"href":"https:\/\/palmiyesusleme.com\/index.php\/wp-json\/wp\/v2\/media\/3304"}],"wp:attachment":[{"href":"https:\/\/palmiyesusleme.com\/index.php\/wp-json\/wp\/v2\/media?parent=3303"}],"wp:term":[{"taxonomy":"product_cat","embeddable":true,"href":"https:\/\/palmiyesusleme.com\/index.php\/wp-json\/wp\/v2\/product_cat?post=3303"},{"taxonomy":"product_tag","embeddable":true,"href":"https:\/\/palmiyesusleme.com\/index.php\/wp-json\/wp\/v2\/product_tag?post=3303"}],"curies":[{"name":"wp","href":"https:\/\/api.w.org\/{rel}","templated":true}]}}