{"id":3305,"date":"2024-03-07T15:36:57","date_gmt":"2024-03-07T12:36:57","guid":{"rendered":"https:\/\/palmiyesusleme.com\/index.php\/urun\/kirmizi-metal-hilton-sandalye\/"},"modified":"2024-03-07T15:37:11","modified_gmt":"2024-03-07T12:37:11","slug":"kirmizi-metal-hilton-sandalye","status":"publish","type":"product","link":"https:\/\/palmiyesusleme.com\/index.php\/urun\/kirmizi-metal-hilton-sandalye\/","title":{"rendered":"K\u0131rm\u0131z\u0131 Metal Hilton Sandalye"},"content":{"rendered":"<p>&lt;h2&gt;&lt;em&gt;&lt;a href=&quot;https:\/\/www.palmiyekocak.com\/salon-hilton-sandalye&quot; target=&quot;_blank&quot;&gt;K\u0131rm\u0131z\u0131 Metal Hilton Sandalye&lt;\/a&gt;&lt;\/em&gt;&lt;\/h2&gt;&lt;p&gt;&lt;em&gt;K\u0131rm\u0131z\u0131 Metal Hilton Sandalye: Rengin ve Dayan\u0131kl\u0131l\u0131\u011f\u0131n Usta\u00e7a Kullan\u0131m\u0131&lt;\/em&gt;&lt;\/p&gt;&lt;p&gt;Mobilya sekt\u00f6r\u00fcnde, tasar\u0131m ve dayan\u0131kl\u0131l\u0131k denince akla gelen ilk malzemelerden biri metaldir. K\u0131rm\u0131z\u0131 Metal Hilton Sandalye ise bu malzemenin, estetikle bulu\u015ftu\u011fu \u00f6zel bir \u00f6rnektir. Renk ve tasar\u0131m\u0131yla \u00f6ne \u00e7\u0131kan bu sandalye, modern mekanlar\u0131n vazge\u00e7ilmezi haline gelmi\u015ftir.&lt;\/p&gt;&lt;h3 class=&quot;wp-block-heading&quot;&gt;&lt;a href=&quot;https:\/\/www.aluminyumsandalye.com\/urun\/aluminyum-hilton-sandalye-kollu\/&quot; target=&quot;_blank&quot;&gt;K\u0131rm\u0131z\u0131 Metal Hilton Sandalye \u00d6zellikleri;&lt;\/a&gt;&lt;\/h3&gt;&lt;p&gt;Metal, dayan\u0131kl\u0131l\u0131\u011f\u0131 ve uzun \u00f6m\u00fcrl\u00fc kullan\u0131m\u0131 sayesinde s\u0131k\u00e7a tercih edilen bir malzemedir. \u00d6zellikle d\u0131\u015f mekanlarda, de\u011fi\u015fken hava \u015fartlar\u0131na kar\u015f\u0131 b\u00fcy\u00fck bir diren\u00e7 g\u00f6sterir. K\u0131rm\u0131z\u0131 Metal Hilton Sandalyeler, bu dayan\u0131kl\u0131l\u0131\u011f\u0131 ile birlikte renk se\u00e7imi sayesinde dikkat \u00e7eker. Parlak k\u0131rm\u0131z\u0131 tonu, mekana enerji katar ve s\u0131cak bir atmosfer olu\u015fturur.&lt;\/p&gt;&lt;p&gt;Kollar\u0131yla konforu artt\u0131ran bu sandalye modeli, \u00f6zellikle restoran, kafe ve bah\u00e7elerde tercih edilmekte. Metalin so\u011fuk ve sert yap\u0131s\u0131n\u0131, k\u0131rm\u0131z\u0131n\u0131n s\u0131cakl\u0131\u011f\u0131 ve enerjisiyle dengeleyen bu sandalye, uzun s\u00fcreli oturmalar i\u00e7in de idealdir.&lt;\/p&gt;&lt;p&gt;Estetik a\u00e7\u0131dan, K\u0131rm\u0131z\u0131 Metal Hilton Sandalyeler minimalist ve modern bir tasar\u0131ma sahiptir. K\u0131rm\u0131z\u0131n\u0131n canl\u0131l\u0131\u011f\u0131 ve enerjisiyle birle\u015fen bu tasar\u0131m, her t\u00fcrl\u00fc mekan\u0131n atmosferini canland\u0131r\u0131r. Hem modern hem de klasik mekanlarda rahat\u00e7a kullan\u0131labilir.&lt;\/p&gt;&lt;p&gt;Metalin geri d\u00f6n\u00fc\u015f\u00fcm \u00f6zelli\u011fi, ayr\u0131ca bu sandalyenin \u00e7evre dostu bir se\u00e7enek olmas\u0131n\u0131 sa\u011flar. Bu, s\u00fcrd\u00fcr\u00fclebilir bir t\u00fcketim bilincine katk\u0131da bulunarak, \u00e7evreyle dost bir tercih yapm\u0131\u015f olman\u0131z\u0131 sa\u011flar.&lt;\/p&gt;&lt;p&gt;Hilton Sandalye, \u0130talyan tasar\u0131mc\u0131 Mario Bellini taraf\u0131ndan 1988 y\u0131l\u0131nda tasarlanm\u0131\u015ft\u0131r. Bu e\u015fsiz sandalye, ad\u0131n\u0131 \u00fcnl\u00fc otel zinciri Hilton&#039;dan alm\u0131\u015ft\u0131r ve otellerin l\u00fcks lobilerinde ve restoranlar\u0131nda s\u0131k\u00e7a bulunmakta. Hilton Sandalye&#039;nin \u00f6ne \u00e7\u0131kan \u00f6zelliklerinden biri, zarif ve sofistike bir g\u00f6r\u00fcn\u00fcme sahip olmas\u0131d\u0131r. K\u0131rm\u0131z\u0131 metal versiyonu ise bu \u015f\u0131kl\u0131\u011f\u0131 ve \u00e7ekicili\u011fi daha da art\u0131r\u0131r.&lt;\/p&gt;&lt;p&gt;K\u0131rm\u0131z\u0131 Metal Hilton Sandalye&#039;nin en dikkat \u00e7ekici \u00f6zelli\u011fi, rengidir. Canl\u0131 ve g\u00f6z al\u0131c\u0131 k\u0131rm\u0131z\u0131 renk, ayr\u0131ca sandalyeyi hemen fark edilmekte k\u0131lar ve herhangi bir mek\u00e2nda bir sanat eseri gibi durmay\u0131 sa\u011flamakta. Bu \u00f6zel renk se\u00e7imi, mek\u00e2n\u0131n atmosferini canland\u0131r\u0131r ve modern bir tarz\u0131 yans\u0131t\u0131r.&lt;\/p&gt;&lt;h4 class=&quot;wp-block-heading&quot;&gt;Sonu\u00e7 Olarak;&lt;\/h4&gt;&lt;p&gt;&lt;!&#8211; wp:paragraph &#8211;&gt;<\/p>\n<p>&lt;!&#8211; \/wp:paragraph &#8211;&gt;<\/p>\n<p>&lt;!&#8211; wp:paragraph &#8211;&gt;<\/p>\n<p>&lt;!&#8211; \/wp:paragraph &#8211;&gt;<\/p>\n<p>&lt;!&#8211; wp:heading {&quot;level&quot;:3} &#8211;&gt;<\/p>\n<p>&lt;!&#8211; \/wp:heading &#8211;&gt;<\/p>\n<p>&lt;!&#8211; wp:paragraph &#8211;&gt;<\/p>\n<p>&lt;!&#8211; \/wp:paragraph &#8211;&gt;<\/p>\n<p>&lt;!&#8211; wp:paragraph &#8211;&gt;<\/p>\n<p>&lt;!&#8211; \/wp:paragraph &#8211;&gt;<\/p>\n<p>&lt;!&#8211; wp:paragraph &#8211;&gt;<\/p>\n<p>&lt;!&#8211; \/wp:paragraph &#8211;&gt;<\/p>\n<p>&lt;!&#8211; wp:paragraph &#8211;&gt;<\/p>\n<p>&lt;!&#8211; \/wp:paragraph &#8211;&gt;<\/p>\n<p>&lt;!&#8211; wp:paragraph &#8211;&gt;<\/p>\n<p>&lt;!&#8211; \/wp:paragraph &#8211;&gt;<\/p>\n<p>&lt;!&#8211; wp:paragraph &#8211;&gt;<\/p>\n<p>&lt;!&#8211; \/wp:paragraph &#8211;&gt;<\/p>\n<p>&lt;!&#8211; wp:heading {&quot;level&quot;:4} &#8211;&gt;<\/p>\n<p>&lt;!&#8211; \/wp:heading &#8211;&gt;<\/p>\n<p>&lt;!&#8211; wp:paragraph &#8211;&gt;<\/p>\n<p>&lt;!&#8211; \/wp:paragraph &#8211;&gt;&lt;\/p&gt;&lt;p&gt;Sonu\u00e7 olarak, K\u0131rm\u0131z\u0131 Metal Hilton Sandalye, hem tasar\u0131m\u0131yla hem de i\u015flevselli\u011fiyle \u00f6ne \u00e7\u0131kar. Bu sandalye, estetik ve fonksiyonelli\u011fi bir araya getirerek mekanlara hem \u015f\u0131kl\u0131k hem de konfor katar. Canl\u0131 rengi, bunun yan\u0131 s\u0131ra dayan\u0131kl\u0131 yap\u0131s\u0131 ve modern tasar\u0131m\u0131yla, i\u00e7 ve d\u0131\u015f mekanlarda rahatl\u0131kla kullanabilece\u011finiz bu sandalye, uzun y\u0131llar boyunca ilk g\u00fcnk\u00fc gibi kalitesini&amp;nbsp;korur.&lt;\/p&gt;<\/p>\n","protected":false},"excerpt":{"rendered":"<p>&lt;h2&gt;&lt;em&gt;&lt;a href=&quot;https:\/\/www.palmiyekocak.com\/salon-hilton-sandalye&quot; target=&quot;_blank&quot;&gt;K\u0131rm\u0131z\u0131 Metal Hilton Sandalye&lt;\/a&gt;&lt;\/em&gt;&lt;\/h2&gt;&lt;p&gt;&lt;em&gt;K\u0131rm\u0131z\u0131 Metal Hilton Sandalye: Rengin ve Dayan\u0131kl\u0131l\u0131\u011f\u0131n Usta\u00e7a Kullan\u0131m\u0131&lt;\/em&gt;&lt;\/p&gt;&lt;p&gt;Mobilya sekt\u00f6r\u00fcnde, tasar\u0131m ve dayan\u0131kl\u0131l\u0131k denince akla gelen ilk malzemelerden biri metaldir. K\u0131rm\u0131z\u0131 Metal Hilton Sandalye ise bu malzemenin, estetikle bulu\u015ftu\u011fu \u00f6zel bir \u00f6rnektir. Renk ve tasar\u0131m\u0131yla \u00f6ne \u00e7\u0131kan bu sandalye, modern mekanlar\u0131n vazge\u00e7ilmezi haline gelmi\u015ftir.&lt;\/p&gt;&lt;h3 class=&quot;wp-block-heading&quot;&gt;&lt;a href=&quot;https:\/\/www.aluminyumsandalye.com\/urun\/aluminyum-hilton-sandalye-kollu\/&quot; target=&quot;_blank&quot;&gt;K\u0131rm\u0131z\u0131 Metal Hilton Sandalye [&hellip;]<\/p>\n","protected":false},"featured_media":3306,"comment_status":"closed","ping_status":"open","template":"","meta":{"_joinchat":[]},"product_cat":[142,143],"product_tag":[],"class_list":{"0":"post-3305","1":"product","2":"type-product","3":"status-publish","4":"has-post-thumbnail","6":"product_cat-salon-banket-sandalye","7":"product_cat-salon-hilton-sandalye","9":"first","10":"instock","11":"product-type-simple"},"_links":{"self":[{"href":"https:\/\/palmiyesusleme.com\/index.php\/wp-json\/wp\/v2\/product\/3305","targetHints":{"allow":["GET"]}}],"collection":[{"href":"https:\/\/palmiyesusleme.com\/index.php\/wp-json\/wp\/v2\/product"}],"about":[{"href":"https:\/\/palmiyesusleme.com\/index.php\/wp-json\/wp\/v2\/types\/product"}],"replies":[{"embeddable":true,"href":"https:\/\/palmiyesusleme.com\/index.php\/wp-json\/wp\/v2\/comments?post=3305"}],"wp:featuredmedia":[{"embeddable":true,"href":"https:\/\/palmiyesusleme.com\/index.php\/wp-json\/wp\/v2\/media\/3306"}],"wp:attachment":[{"href":"https:\/\/palmiyesusleme.com\/index.php\/wp-json\/wp\/v2\/media?parent=3305"}],"wp:term":[{"taxonomy":"product_cat","embeddable":true,"href":"https:\/\/palmiyesusleme.com\/index.php\/wp-json\/wp\/v2\/product_cat?post=3305"},{"taxonomy":"product_tag","embeddable":true,"href":"https:\/\/palmiyesusleme.com\/index.php\/wp-json\/wp\/v2\/product_tag?post=3305"}],"curies":[{"name":"wp","href":"https:\/\/api.w.org\/{rel}","templated":true}]}}