{"id":3309,"date":"2024-03-07T15:36:57","date_gmt":"2024-03-07T12:36:57","guid":{"rendered":"https:\/\/palmiyesusleme.com\/index.php\/urun\/hilton-banket-luks-sandalye\/"},"modified":"2024-03-07T15:37:13","modified_gmt":"2024-03-07T12:37:13","slug":"hilton-banket-luks-sandalye","status":"publish","type":"product","link":"https:\/\/palmiyesusleme.com\/index.php\/urun\/hilton-banket-luks-sandalye\/","title":{"rendered":"Hilton Banket L\u00fcks Sandalye"},"content":{"rendered":"<p>&lt;!&#8211; wp:heading &#8211;&gt;<br \/>\n&lt;h2 class=&quot;wp-block-heading&quot;&gt;&lt;a href=&quot;https:\/\/palmiyekocak.com\/hilton-banket-luks-sandalye-hcs2520?pli=1&quot; target=&quot;_blank&quot;&gt;Hilton Banket L\u00fcks Sandalye&lt;\/a&gt;&lt;br&gt;&lt;\/h2&gt;&lt;h4&gt;Hilton Banket L\u00fcks Sandalyesi: S\u0131n\u0131rs\u0131z Konfor ve Zarafet&lt;\/h4&gt;<br \/>\n&lt;!&#8211; \/wp:heading &#8211;&gt;<\/p>\n<p>&lt;!&#8211; wp:paragraph &#8211;&gt;<br \/>\n&lt;p&gt;Hilton Banket L\u00fcks Sandalye Otelcilik ve konaklama end\u00fcstrisi, konuklar\u0131na en y\u00fcksek konforu ve l\u00fcks\u00fc sunma konusunda s\u00fcrekli yeniliklere ve y\u00fckselmelere tan\u0131kl\u0131k ediyor. Bu s\u00fcrekli de\u011fi\u015fim ve yenilik i\u00e7erisinde, otellerin banket alanlar\u0131 da \u00f6nemli bir yer tutuyor. Banket alanlar\u0131nda konuklar\u0131 a\u011f\u0131rlamak, kaliteli hizmeti g\u00f6stermenin en etkili yollar\u0131ndan biri. \u0130\u015fte bu noktada, Hilton Banket L\u00fcks Sandalyesi \u00f6n plana \u00e7\u0131k\u0131yor.&lt;\/p&gt;<br \/>\n&lt;!&#8211; \/wp:paragraph &#8211;&gt;<\/p>\n<p>&lt;!&#8211; wp:paragraph &#8211;&gt;<br \/>\n&lt;p&gt;Hilton Banket L\u00fcks Sandalye, tasar\u0131m\u0131nda zarafet ve sofistike detaylar\u0131n birle\u015fti\u011fi \u00f6zenli bir estetik anlay\u0131\u015f\u0131n\u0131 yans\u0131tmaktad\u0131r. \u0130nce detaylarla s\u00fcslenmi\u015f ah\u015fap veya metal iskelet, sandalyenin dayan\u0131kl\u0131l\u0131\u011f\u0131n\u0131 ve g\u00f6rsel \u00e7ekicili\u011fini art\u0131r\u0131r. Zarif e\u011friler, sandalyenin genel siluetine zarafet katar ve oturma alan\u0131n\u0131n ergonomik olarak \u015fekillenmesini sa\u011flar. Se\u00e7kin kuma\u015f veya deri kaplama, mek\u00e2na zenginlik katan renk ve dokularla birle\u015ferek oturma deneyimini estetik bir deneyime d\u00f6n\u00fc\u015ft\u00fcr\u00fcr.&lt;\/p&gt;&lt;h3 style=&quot;font-family: &amp;quot;Open Sans&amp;quot;, sans-serif; color: rgb(84, 84, 84);&quot;&gt;&lt;a href=&quot;https:\/\/www.hiltonsandalye.com\/&quot; target=&quot;_blank&quot;&gt;Hilton Banket L\u00fcks Sandalye \u00d6zellikleri;&lt;\/a&gt;&lt;\/h3&gt;<br \/>\n&lt;!&#8211; \/wp:paragraph &#8211;&gt;<\/p>\n<p>&lt;!&#8211; wp:paragraph &#8211;&gt;<br \/>\n&lt;p&gt;Hilton, uluslararas\u0131 arenada tan\u0131nm\u0131\u015f, prestijli ve k\u00f6kl\u00fc bir otel zinciridir. Ayr\u0131ca Bu itibar\u0131, otelde kullan\u0131lan her bir mobilya ve aksesuara kadar yans\u0131tmak bir zorunluluktur. Hilton Banket L\u00fcks Sandalyesi de bu itibar\u0131n bir yans\u0131mas\u0131 olarak, banketlerdeki konuklara hem konforlu hem de estetik bir deneyim sunuyor.&lt;\/p&gt;<br \/>\n&lt;!&#8211; \/wp:paragraph &#8211;&gt;<\/p>\n<p>&lt;!&#8211; wp:paragraph &#8211;&gt;<br \/>\n&lt;p&gt;Sandalyenin tasar\u0131m\u0131, sadece rahatl\u0131kla s\u0131n\u0131rl\u0131 kalm\u0131yor; ayn\u0131 zamanda \u015f\u0131kl\u0131k ve estetikle de bezeniyor. Bunun yan\u0131 s\u0131ra derin oturma y\u00fczeyi, yumu\u015fak d\u00f6\u015femesi ve ergonomik yap\u0131s\u0131 ile uzun s\u00fcreli oturmalar bile son derece rahat ge\u00e7iyor. G\u00f6z al\u0131c\u0131 diki\u015f detaylar\u0131, zarif bacak tasar\u0131m\u0131 ve kusursuz d\u00f6\u015feme i\u015f\u00e7ili\u011fi, sandalyenin l\u00fcks hissini art\u0131r\u0131yor.&lt;\/p&gt;<br \/>\n&lt;!&#8211; \/wp:paragraph &#8211;&gt;<\/p>\n<p>&lt;!&#8211; wp:paragraph &#8211;&gt;<br \/>\n&lt;p&gt;Fakat Hilton Banket L\u00fcks Sandalye sadece estetik de\u011fil; ayn\u0131 zamanda olduk\u00e7a fonksiyonel. Hafif yap\u0131s\u0131, etkinlikler aras\u0131ndaki d\u00fczenlemelerde kolayl\u0131kla ta\u015f\u0131nabilmesini sa\u011fl\u0131yor. Ayr\u0131ca, sandalyenin dayan\u0131kl\u0131 yap\u0131s\u0131 sayesinde yo\u011fun kullan\u0131mda bile uzun y\u0131llar boyunca ilk g\u00fcnk\u00fc kalitesini koruyor.&lt;\/p&gt;&lt;h4&gt;Sonu\u00e7 Olarak;&lt;\/h4&gt;<br \/>\n&lt;!&#8211; \/wp:paragraph &#8211;&gt;<\/p>\n<p>&lt;!&#8211; wp:paragraph &#8211;&gt;<br \/>\n&lt;p&gt;Son olarak, Hilton Banket L\u00fcks Sandalye, s\u00fcrd\u00fcr\u00fclebilirlik ilkesiyle \u00fcretiliyor. \u00c7evre dostu malzemelerin kullan\u0131lmas\u0131, otelin s\u00fcrd\u00fcr\u00fclebilirlik anlay\u0131\u015f\u0131n\u0131 mobilya se\u00e7imlerine de yans\u0131tt\u0131\u011f\u0131n\u0131n bir g\u00f6stergesi.&lt;\/p&gt;<br \/>\n&lt;!&#8211; \/wp:paragraph &#8211;&gt;<\/p>\n<p>&lt;!&#8211; wp:paragraph &#8211;&gt;<br \/>\n&lt;p&gt;K\u0131sacas\u0131, Hilton Banket L\u00fcks Sandalyesi, banket alanlar\u0131nda konforu, esteti\u011fi ve fonksiyonelli\u011fi bir araya getiriyor. Konuklar\u0131n unutulmaz anlar ya\u015famalar\u0131n\u0131 sa\u011flayarak, otelin prestijine prestij kat\u0131yor. Bu sandalye, l\u00fcks ve konforun m\u00fckemmel birle\u015fimini temsil ediyor. \u00dcr\u00fcnlerimizde yaln\u0131zca toptan sat\u0131n al\u0131m yapabilirsiniz perakende sat\u0131\u015f\u0131m\u0131z bulunmamaktad\u0131r.&lt;\/p&gt;<br \/>\n&lt;!&#8211; \/wp:paragraph &#8211;&gt;<\/p>\n","protected":false},"excerpt":{"rendered":"<p>&lt;!&#8211; wp:heading &#8211;&gt; &lt;h2 class=&quot;wp-block-heading&quot;&gt;&lt;a href=&quot;https:\/\/palmiyekocak.com\/hilton-banket-luks-sandalye-hcs2520?pli=1&quot; target=&quot;_blank&quot;&gt;Hilton Banket L\u00fcks Sandalye&lt;\/a&gt;&lt;br&gt;&lt;\/h2&gt;&lt;h4&gt;Hilton Banket L\u00fcks Sandalyesi: S\u0131n\u0131rs\u0131z Konfor ve Zarafet&lt;\/h4&gt; &lt;!&#8211; \/wp:heading &#8211;&gt; &lt;!&#8211; wp:paragraph &#8211;&gt; &lt;p&gt;Hilton Banket L\u00fcks Sandalye Otelcilik ve konaklama end\u00fcstrisi, konuklar\u0131na en y\u00fcksek konforu ve l\u00fcks\u00fc sunma konusunda s\u00fcrekli yeniliklere ve y\u00fckselmelere tan\u0131kl\u0131k ediyor. Bu s\u00fcrekli de\u011fi\u015fim ve yenilik i\u00e7erisinde, otellerin banket alanlar\u0131 da [&hellip;]<\/p>\n","protected":false},"featured_media":3310,"comment_status":"closed","ping_status":"open","template":"","meta":{"_joinchat":[]},"product_cat":[132,32,63,62,144,51,142,143,141],"product_tag":[],"class_list":{"0":"post-3309","1":"product","2":"type-product","3":"status-publish","4":"has-post-thumbnail","6":"product_cat-dugun-salonu-sandalyesi","7":"product_cat-konferans-sandalyeleri","8":"product_cat-lokanta-sandalyeleri","9":"product_cat-metal-sandalye","10":"product_cat-organizasyon-sandalyesi","11":"product_cat-salon-aluminyum-sandalye","12":"product_cat-salon-banket-sandalye","13":"product_cat-salon-hilton-sandalye","14":"product_cat-salon-sandalyeleri","16":"first","17":"instock","18":"product-type-simple"},"_links":{"self":[{"href":"https:\/\/palmiyesusleme.com\/index.php\/wp-json\/wp\/v2\/product\/3309","targetHints":{"allow":["GET"]}}],"collection":[{"href":"https:\/\/palmiyesusleme.com\/index.php\/wp-json\/wp\/v2\/product"}],"about":[{"href":"https:\/\/palmiyesusleme.com\/index.php\/wp-json\/wp\/v2\/types\/product"}],"replies":[{"embeddable":true,"href":"https:\/\/palmiyesusleme.com\/index.php\/wp-json\/wp\/v2\/comments?post=3309"}],"wp:featuredmedia":[{"embeddable":true,"href":"https:\/\/palmiyesusleme.com\/index.php\/wp-json\/wp\/v2\/media\/3310"}],"wp:attachment":[{"href":"https:\/\/palmiyesusleme.com\/index.php\/wp-json\/wp\/v2\/media?parent=3309"}],"wp:term":[{"taxonomy":"product_cat","embeddable":true,"href":"https:\/\/palmiyesusleme.com\/index.php\/wp-json\/wp\/v2\/product_cat?post=3309"},{"taxonomy":"product_tag","embeddable":true,"href":"https:\/\/palmiyesusleme.com\/index.php\/wp-json\/wp\/v2\/product_tag?post=3309"}],"curies":[{"name":"wp","href":"https:\/\/api.w.org\/{rel}","templated":true}]}}