{"id":3369,"date":"2024-03-07T15:37:48","date_gmt":"2024-03-07T12:37:48","guid":{"rendered":"https:\/\/palmiyesusleme.com\/index.php\/urun\/mavi-kumas-kapli-refakatci-koltugu\/"},"modified":"2024-03-07T15:37:53","modified_gmt":"2024-03-07T12:37:53","slug":"mavi-kumas-kapli-refakatci-koltugu","status":"publish","type":"product","link":"https:\/\/palmiyesusleme.com\/index.php\/urun\/mavi-kumas-kapli-refakatci-koltugu\/","title":{"rendered":"Mavi Kuma\u015f Kapl\u0131 Refakat\u00e7i Koltu\u011fu"},"content":{"rendered":"<p>Mavi Kuma\u015f Kapl\u0131 Refakat&ccedil;i Koltu\u011fu koltuk ve yatak olarak kullan\u0131labilir. Hastane, Otel, Pansiyon ve Bebek odalar\u0131nda genel olarak tercih edilebilir. Az yer kaplamas\u0131 en b&uuml;y&uuml;k avantaj\u0131d\u0131r. A&ccedil;\u0131l\u0131r Kapan\u0131r mekanizmaya sahiptir.&lt;hr&gt;&lt;p&gt;Mavi Kuma\u015f Kapl\u0131 Refakat&ccedil;i Koltu\u011fu koltuk ve yatak olarak kullan\u0131labilir. Hastane, Otel, Pansiyon ve Bebek odalar\u0131nda genel olarak tercih edilebilir. Az yer kaplamas\u0131 en b&uuml;y&uuml;k avantaj\u0131d\u0131r. A&ccedil;\u0131l\u0131r Kapan\u0131r mekanizmaya sahiptir.&lt;br&gt;&lt;\/p&gt;<\/p>\n","protected":false},"excerpt":{"rendered":"<p>Mavi Kuma\u015f Kapl\u0131 Refakat&ccedil;i Koltu\u011fu koltuk ve yatak olarak kullan\u0131labilir. Hastane, Otel, Pansiyon ve Bebek odalar\u0131nda genel olarak tercih edilebilir. Az yer kaplamas\u0131 en b&uuml;y&uuml;k avantaj\u0131d\u0131r. A&ccedil;\u0131l\u0131r Kapan\u0131r mekanizmaya sahiptir.&lt;hr&gt;&lt;p&gt;Mavi Kuma\u015f Kapl\u0131 Refakat&ccedil;i Koltu\u011fu koltuk ve yatak olarak kullan\u0131labilir. Hastane, Otel, Pansiyon ve Bebek odalar\u0131nda genel olarak tercih edilebilir. Az yer kaplamas\u0131 en b&uuml;y&uuml;k avantaj\u0131d\u0131r. [&hellip;]<\/p>\n","protected":false},"featured_media":3370,"comment_status":"closed","ping_status":"open","template":"","meta":{"_joinchat":[]},"product_cat":[146],"product_tag":[],"class_list":{"0":"post-3369","1":"product","2":"type-product","3":"status-publish","4":"has-post-thumbnail","6":"product_cat-refakatci-koltugu","8":"first","9":"instock","10":"product-type-simple"},"_links":{"self":[{"href":"https:\/\/palmiyesusleme.com\/index.php\/wp-json\/wp\/v2\/product\/3369","targetHints":{"allow":["GET"]}}],"collection":[{"href":"https:\/\/palmiyesusleme.com\/index.php\/wp-json\/wp\/v2\/product"}],"about":[{"href":"https:\/\/palmiyesusleme.com\/index.php\/wp-json\/wp\/v2\/types\/product"}],"replies":[{"embeddable":true,"href":"https:\/\/palmiyesusleme.com\/index.php\/wp-json\/wp\/v2\/comments?post=3369"}],"wp:featuredmedia":[{"embeddable":true,"href":"https:\/\/palmiyesusleme.com\/index.php\/wp-json\/wp\/v2\/media\/3370"}],"wp:attachment":[{"href":"https:\/\/palmiyesusleme.com\/index.php\/wp-json\/wp\/v2\/media?parent=3369"}],"wp:term":[{"taxonomy":"product_cat","embeddable":true,"href":"https:\/\/palmiyesusleme.com\/index.php\/wp-json\/wp\/v2\/product_cat?post=3369"},{"taxonomy":"product_tag","embeddable":true,"href":"https:\/\/palmiyesusleme.com\/index.php\/wp-json\/wp\/v2\/product_tag?post=3369"}],"curies":[{"name":"wp","href":"https:\/\/api.w.org\/{rel}","templated":true}]}}