{"id":3384,"date":"2024-03-07T15:37:48","date_gmt":"2024-03-07T12:37:48","guid":{"rendered":"https:\/\/palmiyesusleme.com\/index.php\/urun\/metal-hilton-sandalye-siyah\/"},"modified":"2024-03-07T15:38:01","modified_gmt":"2024-03-07T12:38:01","slug":"metal-hilton-sandalye-siyah","status":"publish","type":"product","link":"https:\/\/palmiyesusleme.com\/index.php\/urun\/metal-hilton-sandalye-siyah\/","title":{"rendered":"Metal Hilton Sandalye Siyah"},"content":{"rendered":"<p>&lt;h2&gt;&lt;a href=&quot;https:\/\/www.palmiyekocak.com\/metal-sandalye\/metal-hilton-sandalye-siyah-hts002a?search=HTS002A&quot; target=&quot;_blank&quot;&gt;Metal Hilton Sandalye Siyah&lt;\/a&gt;&lt;\/h2&gt;&lt;div&gt;&lt;br&gt;&lt;\/div&gt;&lt;div&gt;Banketler, toplant\u0131lar ve di\u011fer \u00f6zel etkinlikler i\u00e7in \u00f6zenle se\u00e7ilmi\u015f mobilyalar, etkinli\u011fin ba\u015far\u0131s\u0131nda \u00f6nemli bir role sahiptir. Etkinlik mekanlar\u0131 i\u00e7in ideal bir se\u00e7im olan siyah metal banket sandalyeler. Hem zarif bir estetik hem de y\u00fcksek fonksiyonellik sunar. Ancak bu sandalyelerin cazibesi sadece g\u00f6r\u00fcn\u00fc\u015flerinde de\u011fil, ayn\u0131 zamanda. Dayan\u0131kl\u0131l\u0131k, konfor ve ta\u015f\u0131nabilirlik gibi bir\u00e7ok avantajda yatar.&lt;\/div&gt;&lt;h3&gt;&lt;br&gt;&lt;a href=&quot;https:\/\/www.hiltonsandalye.com\/sandalye\/dugun-salonu-sandalyesi-derili\/&quot; target=&quot;_blank&quot;&gt;Metal Hilton Sandalye Siyah \u00d6zellikleri;&lt;\/a&gt;&lt;\/h3&gt;&lt;div&gt;&lt;br&gt;&lt;\/div&gt;&lt;div&gt;Dayan\u0131kl\u0131l\u0131k ve G\u00fcvenilirlik&lt;\/div&gt;&lt;div&gt;Metal bir yap\u0131ya sahip olan bu sandalyeler, ah\u015fap ya da plastik alternatiflerine g\u00f6re \u00e7ok daha dayan\u0131kl\u0131d\u0131r. Y\u00fcksek kaliteli metalden \u00fcretilen bu sandalyeler, y\u0131llarca s\u00fcrecek bir kullan\u0131ma uygun olarak tasarlanm\u0131\u015ft\u0131r. \u00d6zellikle b\u00fcy\u00fck etkinliklerde veya y\u00fcksek trafi\u011fe sahip mekanlarda, metal banket sandalyeleri yat\u0131r\u0131m\u0131n en karl\u0131 d\u00f6n\u00fc\u015f\u00fcn\u00fc sa\u011flar.&lt;\/div&gt;&lt;div&gt;&lt;br&gt;&lt;\/div&gt;&lt;div&gt;Metal Hilton Sandalye Siyah, minimalist ve zarif tasar\u0131m\u0131yla dikkat \u00e7eker. Siyah metal konstr\u00fcksiyonu, sade ve sofistike bir estetik sunar. Modern i\u00e7 mekan tasar\u0131mlar\u0131n\u0131n vazge\u00e7ilmez bir par\u00e7as\u0131 olan bu sandalye, sadeli\u011fi ve \u015f\u0131kl\u0131\u011f\u0131 bir araya getirerek mek\u00e2nlara sofistike bir hava katar.&lt;\/div&gt;&lt;div&gt;&lt;br&gt;&lt;\/div&gt;&lt;div&gt;\u015e\u0131kl\u0131k ve Estetik&lt;\/div&gt;&lt;div&gt;Siyah renk, zarafeti ve sofistike bir atmosferi kolayl\u0131kla yakalamak i\u00e7in idealdir. Metalin parlak veya mat y\u00fczeyi, siyah\u0131n asaletiyle birle\u015fti\u011finde ortaya \u00e7\u0131kard\u0131\u011f\u0131 estetik, etkinliklerinizi bir \u00fcst seviyeye ta\u015f\u0131r. Detaylar ve yal\u0131n tasar\u0131m\u0131yla, bu sandalyeler mekana minimalist bir zarafet katar.&lt;\/div&gt;&lt;div&gt;&lt;br&gt;&lt;\/div&gt;&lt;div&gt;Konfor ve Fonksiyonellik&lt;\/div&gt;&lt;div&gt;Bir sandalyenin rahat olmamas\u0131, etkinli\u011finizi h\u0131zl\u0131 bir \u015fekilde unutulmaya mahkum etmekte. Siyah metal banket sandalyeleri, ergonomik tasar\u0131m\u0131 sayesinde uzun s\u00fcreli oturmalar i\u00e7in bile rahatt\u0131r. Ayr\u0131ca, hafif olmalar\u0131 ve kolayca ta\u015f\u0131nan sandalye olmalar\u0131, bu sandalyelerin fonksiyonellik a\u00e7\u0131s\u0131ndan da olduk\u00e7a pratik oldu\u011funu g\u00f6stermekte.&lt;\/div&gt;&lt;div&gt;&lt;br&gt;&lt;\/div&gt;&lt;div&gt;\u00c7ok Ama\u00e7l\u0131 Kullan\u0131m&lt;\/div&gt;&lt;div&gt;Bu sandalyeler sadece banketler i\u00e7in de\u011fil, toplant\u0131lar, konferanslar ve di\u011fer sosyal etkinlikler i\u00e7in de uygundur. \u00c7ok ama\u00e7l\u0131 kullan\u0131m\u0131 sayesinde, yat\u0131r\u0131m\u0131n\u0131z\u0131 farkl\u0131 etkinliklerde de\u011ferlendirebilirsiniz.&lt;\/div&gt;&lt;h4&gt;&lt;br&gt;Sonu\u00e7 Olarak;&lt;\/h4&gt;&lt;div&gt;&lt;br&gt;&lt;\/div&gt;&lt;div&gt;Sonu\u00e7 olarak, metal hilton sandalye, dayan\u0131kl\u0131l\u0131\u011f\u0131, esteti\u011fi ve fonksiyonelli\u011fi bir araya getirerek. Etkinliklerinizi unutulmayan k\u0131lmakta. Hem yat\u0131r\u0131m a\u00e7\u0131s\u0131ndan karl\u0131, hem de estetik a\u00e7\u0131dan etkileyici olan bu sandalyeler. Her etkinlik organizat\u00f6r\u00fcn\u00fcn g\u00f6z \u00f6n\u00fcnde bulundurmas\u0131 gereken bir se\u00e7enektir.&lt;\/div&gt;<\/p>\n","protected":false},"excerpt":{"rendered":"<p>&lt;h2&gt;&lt;a href=&quot;https:\/\/www.palmiyekocak.com\/metal-sandalye\/metal-hilton-sandalye-siyah-hts002a?search=HTS002A&quot; target=&quot;_blank&quot;&gt;Metal Hilton Sandalye Siyah&lt;\/a&gt;&lt;\/h2&gt;&lt;div&gt;&lt;br&gt;&lt;\/div&gt;&lt;div&gt;Banketler, toplant\u0131lar ve di\u011fer \u00f6zel etkinlikler i\u00e7in \u00f6zenle se\u00e7ilmi\u015f mobilyalar, etkinli\u011fin ba\u015far\u0131s\u0131nda \u00f6nemli bir role sahiptir. Etkinlik mekanlar\u0131 i\u00e7in ideal bir se\u00e7im olan siyah metal banket sandalyeler. Hem zarif bir estetik hem de y\u00fcksek fonksiyonellik sunar. Ancak bu sandalyelerin cazibesi sadece g\u00f6r\u00fcn\u00fc\u015flerinde de\u011fil, ayn\u0131 zamanda. Dayan\u0131kl\u0131l\u0131k, konfor ve ta\u015f\u0131nabilirlik gibi [&hellip;]<\/p>\n","protected":false},"featured_media":3385,"comment_status":"closed","ping_status":"open","template":"","meta":{"_joinchat":[]},"product_cat":[132,32,63,62,144,51,142,143,141],"product_tag":[],"class_list":{"0":"post-3384","1":"product","2":"type-product","3":"status-publish","4":"has-post-thumbnail","6":"product_cat-dugun-salonu-sandalyesi","7":"product_cat-konferans-sandalyeleri","8":"product_cat-lokanta-sandalyeleri","9":"product_cat-metal-sandalye","10":"product_cat-organizasyon-sandalyesi","11":"product_cat-salon-aluminyum-sandalye","12":"product_cat-salon-banket-sandalye","13":"product_cat-salon-hilton-sandalye","14":"product_cat-salon-sandalyeleri","16":"first","17":"instock","18":"product-type-simple"},"_links":{"self":[{"href":"https:\/\/palmiyesusleme.com\/index.php\/wp-json\/wp\/v2\/product\/3384","targetHints":{"allow":["GET"]}}],"collection":[{"href":"https:\/\/palmiyesusleme.com\/index.php\/wp-json\/wp\/v2\/product"}],"about":[{"href":"https:\/\/palmiyesusleme.com\/index.php\/wp-json\/wp\/v2\/types\/product"}],"replies":[{"embeddable":true,"href":"https:\/\/palmiyesusleme.com\/index.php\/wp-json\/wp\/v2\/comments?post=3384"}],"wp:featuredmedia":[{"embeddable":true,"href":"https:\/\/palmiyesusleme.com\/index.php\/wp-json\/wp\/v2\/media\/3385"}],"wp:attachment":[{"href":"https:\/\/palmiyesusleme.com\/index.php\/wp-json\/wp\/v2\/media?parent=3384"}],"wp:term":[{"taxonomy":"product_cat","embeddable":true,"href":"https:\/\/palmiyesusleme.com\/index.php\/wp-json\/wp\/v2\/product_cat?post=3384"},{"taxonomy":"product_tag","embeddable":true,"href":"https:\/\/palmiyesusleme.com\/index.php\/wp-json\/wp\/v2\/product_tag?post=3384"}],"curies":[{"name":"wp","href":"https:\/\/api.w.org\/{rel}","templated":true}]}}