{"id":3388,"date":"2024-03-07T15:37:48","date_gmt":"2024-03-07T12:37:48","guid":{"rendered":"https:\/\/palmiyesusleme.com\/index.php\/urun\/krom-metal-hilton-sandalye\/"},"modified":"2024-03-07T15:38:04","modified_gmt":"2024-03-07T12:38:04","slug":"krom-metal-hilton-sandalye","status":"publish","type":"product","link":"https:\/\/palmiyesusleme.com\/index.php\/urun\/krom-metal-hilton-sandalye\/","title":{"rendered":"Krom Metal Hilton Sandalye"},"content":{"rendered":"<p>&lt;!&#8211; wp:paragraph &#8211;&gt;<br \/>\n&lt;h2&gt;&lt;a href=&quot;https:\/\/www.palmiyekocak.com\/krom-metal-hilton-sandalye-hts02b&quot; target=&quot;_blank&quot;&gt;Krom Metal Hilton Sandalye&lt;\/a&gt;&lt;\/h2&gt;&lt;p&gt;Krom Metal Hilton Sandalye: Estetik ve Fonksiyonelli\u011fin M\u00fckemmel Birle\u015fimi&lt;\/p&gt;<br \/>\n&lt;!&#8211; \/wp:paragraph &#8211;&gt;<\/p>\n<p>&lt;!&#8211; wp:paragraph &#8211;&gt;<br \/>\n&lt;p&gt;Krom metalin parlak y\u00fczeyi, dayan\u0131kl\u0131l\u0131\u011f\u0131 ve modern g\u00f6r\u00fcn\u00fcm\u00fc, tasar\u0131mc\u0131lar\u0131 y\u0131llar boyunca cezbetmi\u015ftir. Bu materyalin kullan\u0131ld\u0131\u011f\u0131 \u00fcr\u00fcnlerden biri olan Hilton sandalye, hem estetik. Hem de fonksiyonel a\u00e7\u0131dan end\u00fcstriyel tasar\u0131mda \u00f6ne \u00e7\u0131kan bir \u00f6rnek te\u015fkil eder.&lt;\/p&gt;<br \/>\n&lt;!&#8211; \/wp:paragraph &#8211;&gt;<\/p>\n<p>&lt;!&#8211; wp:heading {&quot;level&quot;:3} &#8211;&gt;<br \/>\n&lt;h3 class=&quot;wp-block-heading&quot;&gt;&lt;a href=&quot;https:\/\/www.hiltonsandalye.com\/&quot; target=&quot;_blank&quot;&gt;Krom Metal Hilton Sandalye \u00d6zellikleri;&lt;\/a&gt;&lt;\/h3&gt;<br \/>\n&lt;!&#8211; \/wp:heading &#8211;&gt;<\/p>\n<p>&lt;!&#8211; wp:paragraph &#8211;&gt;<br \/>\n&lt;p&gt;Krom Metal Hilton Sandalye, metalin sa\u011flaml\u0131\u011f\u0131n\u0131 ve end\u00fcstriyel tarz\u0131n\u0131, zarif ve sofistike bir estetikle birle\u015ftirir. Parlak krom kaplamas\u0131, sandalyeye modern ve \u015f\u0131k bir g\u00f6r\u00fcn\u00fcm kazand\u0131r\u0131rken, tasar\u0131m\u0131ndaki detaylar ve e\u011fimli hatlar. Bu sandalyenin bir sanat eseri gibi dikkat \u00e7ekmesini sa\u011flar. Metalin so\u011fuklu\u011fuyla esteti\u011fin s\u0131cakl\u0131\u011f\u0131n\u0131n m\u00fckemmel bir denge i\u00e7inde bulu\u015ftu\u011fu bu tasar\u0131m. Mekanlara sofistike bir hava katmak i\u00e7in ideal bir se\u00e7enektir.&lt;\/p&gt;<br \/>\n&lt;!&#8211; \/wp:paragraph &#8211;&gt;<\/p>\n<p>&lt;!&#8211; wp:paragraph &#8211;&gt;<br \/>\n&lt;p&gt;G\u00fcn\u00fcm\u00fczde otel, restoran ve kafelerde s\u0131k\u00e7a kar\u015f\u0131m\u0131za \u00e7\u0131kan Hilton sandalye, \u00f6zellikle krom metalin sa\u011flad\u0131\u011f\u0131 parlakl\u0131kla dikkat \u00e7eker. Kromun y\u00fcksek parlakl\u0131k derecesi, sandalyeye sofistike bir hava katarken, metalin dayan\u0131kl\u0131l\u0131\u011f\u0131 sayesinde uzun \u00f6m\u00fcrl\u00fc bir kullan\u0131m imkan\u0131 sunar. Bu, \u00f6zellikle yo\u011fun kullan\u0131lan halka a\u00e7\u0131k alanlarda b\u00fcy\u00fck bir avantajd\u0131r.&lt;\/p&gt;<br \/>\n&lt;!&#8211; \/wp:paragraph &#8211;&gt;<\/p>\n<p>&lt;!&#8211; wp:paragraph &#8211;&gt;<br \/>\n&lt;p&gt;Hilton sandalyenin tasar\u0131m\u0131, basit ve \u015f\u0131k hatlara sahiptir. Bu minimal tasar\u0131m yakla\u015f\u0131m\u0131, sandalyeyi hem klasik hem de modern mekanlarda rahatl\u0131kla kullan\u0131labilecek bir \u00fcr\u00fcn haline getirir. Oturma y\u00fczeyi ve s\u0131rt deste\u011fi genellikle konforu art\u0131rmak i\u00e7in ergonomik bir \u015fekilde tasarlanm\u0131\u015ft\u0131r. Bu sayede, uzun s\u00fcre oturma gereksinimleri olan mekanlarda bile konforlu bir deneyim sunar.&lt;\/p&gt;<br \/>\n&lt;!&#8211; \/wp:paragraph &#8211;&gt;<\/p>\n<p>&lt;!&#8211; wp:paragraph &#8211;&gt;<br \/>\n&lt;p&gt;Krom metalin paslanmayan \u00f6zelli\u011fi, Hilton sandalyenin nemli ortamlarda veya d\u0131\u015f mekanlarda bile dayan\u0131kl\u0131 olmas\u0131n\u0131 sa\u011flamakta. Bu, sandalyenin kullan\u0131m alanlar\u0131n\u0131 geni\u015fletirken, bak\u0131m ve temizlik ihtiya\u00e7lar\u0131n\u0131 da minimuma indirir. Kolay temizlenen y\u00fczeyi, hijyenik bir kullan\u0131m sunar, bu da \u00f6zellikle restoran gibi g\u0131da ile ili\u015fkili i\u015fletmeler i\u00e7in b\u00fcy\u00fck bir avantajd\u0131r.&lt;\/p&gt;<br \/>\n&lt;!&#8211; \/wp:paragraph &#8211;&gt;<\/p>\n<p>&lt;!&#8211; wp:heading {&quot;level&quot;:4} &#8211;&gt;<br \/>\n&lt;h4 class=&quot;wp-block-heading&quot;&gt;Sonu\u00e7 Olarak;&lt;\/h4&gt;<br \/>\n&lt;!&#8211; \/wp:heading &#8211;&gt;<\/p>\n<p>&lt;!&#8211; wp:paragraph &#8211;&gt;<br \/>\n&lt;p&gt;Sonu\u00e7 olarak, krom metal Hilton sandalye, modern tasar\u0131m\u0131, dayan\u0131kl\u0131l\u0131\u011f\u0131 ve fonksiyonelli\u011fi ile dikkat \u00e7eken bir mobilya \u00f6rne\u011fidir. Estetik ve fonksiyonelli\u011fin m\u00fckemmel birle\u015fimini sunan bu sandalye. \u0130\u015fletmelerin ve ev sahiplerinin vazge\u00e7ilmeyen tercihlerinden biri haline gelmekte. Her ge\u00e7en g\u00fcn pop\u00fclerli\u011fi artan Hilton sandalye, krom metalle birlikte. Tasar\u0131m d\u00fcnyas\u0131nda yerini sa\u011flamla\u015ft\u0131rmaya&amp;nbsp;devam&amp;nbsp;ediyor.&lt;\/p&gt;<br \/>\n&lt;!&#8211; \/wp:paragraph &#8211;&gt;<\/p>\n","protected":false},"excerpt":{"rendered":"<p>&lt;!&#8211; wp:paragraph &#8211;&gt; &lt;h2&gt;&lt;a href=&quot;https:\/\/www.palmiyekocak.com\/krom-metal-hilton-sandalye-hts02b&quot; target=&quot;_blank&quot;&gt;Krom Metal Hilton Sandalye&lt;\/a&gt;&lt;\/h2&gt;&lt;p&gt;Krom Metal Hilton Sandalye: Estetik ve Fonksiyonelli\u011fin M\u00fckemmel Birle\u015fimi&lt;\/p&gt; &lt;!&#8211; \/wp:paragraph &#8211;&gt; &lt;!&#8211; wp:paragraph &#8211;&gt; &lt;p&gt;Krom metalin parlak y\u00fczeyi, dayan\u0131kl\u0131l\u0131\u011f\u0131 ve modern g\u00f6r\u00fcn\u00fcm\u00fc, tasar\u0131mc\u0131lar\u0131 y\u0131llar boyunca cezbetmi\u015ftir. Bu materyalin kullan\u0131ld\u0131\u011f\u0131 \u00fcr\u00fcnlerden biri olan Hilton sandalye, hem estetik. Hem de fonksiyonel a\u00e7\u0131dan end\u00fcstriyel tasar\u0131mda \u00f6ne \u00e7\u0131kan bir \u00f6rnek [&hellip;]<\/p>\n","protected":false},"featured_media":3389,"comment_status":"closed","ping_status":"open","template":"","meta":{"_joinchat":[]},"product_cat":[132,147,32,63,62,144,51,142,143,141],"product_tag":[],"class_list":{"0":"post-3388","1":"product","2":"type-product","3":"status-publish","4":"has-post-thumbnail","6":"product_cat-dugun-salonu-sandalyesi","7":"product_cat-kahve-sandalyesi","8":"product_cat-konferans-sandalyeleri","9":"product_cat-lokanta-sandalyeleri","10":"product_cat-metal-sandalye","11":"product_cat-organizasyon-sandalyesi","12":"product_cat-salon-aluminyum-sandalye","13":"product_cat-salon-banket-sandalye","14":"product_cat-salon-hilton-sandalye","15":"product_cat-salon-sandalyeleri","17":"first","18":"instock","19":"product-type-simple"},"_links":{"self":[{"href":"https:\/\/palmiyesusleme.com\/index.php\/wp-json\/wp\/v2\/product\/3388","targetHints":{"allow":["GET"]}}],"collection":[{"href":"https:\/\/palmiyesusleme.com\/index.php\/wp-json\/wp\/v2\/product"}],"about":[{"href":"https:\/\/palmiyesusleme.com\/index.php\/wp-json\/wp\/v2\/types\/product"}],"replies":[{"embeddable":true,"href":"https:\/\/palmiyesusleme.com\/index.php\/wp-json\/wp\/v2\/comments?post=3388"}],"wp:featuredmedia":[{"embeddable":true,"href":"https:\/\/palmiyesusleme.com\/index.php\/wp-json\/wp\/v2\/media\/3389"}],"wp:attachment":[{"href":"https:\/\/palmiyesusleme.com\/index.php\/wp-json\/wp\/v2\/media?parent=3388"}],"wp:term":[{"taxonomy":"product_cat","embeddable":true,"href":"https:\/\/palmiyesusleme.com\/index.php\/wp-json\/wp\/v2\/product_cat?post=3388"},{"taxonomy":"product_tag","embeddable":true,"href":"https:\/\/palmiyesusleme.com\/index.php\/wp-json\/wp\/v2\/product_tag?post=3388"}],"curies":[{"name":"wp","href":"https:\/\/api.w.org\/{rel}","templated":true}]}}