{"id":3394,"date":"2024-03-07T15:37:48","date_gmt":"2024-03-07T12:37:48","guid":{"rendered":"https:\/\/palmiyesusleme.com\/index.php\/urun\/mavi-deri-dosemeli-hilton-sandalye\/"},"modified":"2024-03-07T15:38:07","modified_gmt":"2024-03-07T12:38:07","slug":"mavi-deri-dosemeli-hilton-sandalye","status":"publish","type":"product","link":"https:\/\/palmiyesusleme.com\/index.php\/urun\/mavi-deri-dosemeli-hilton-sandalye\/","title":{"rendered":"Mavi Deri D\u00f6\u015femeli Hilton Sandalye"},"content":{"rendered":"<p>&lt;!&#8211; wp:paragraph &#8211;&gt;<br \/>\n&lt;h2&gt;&lt;a href=&quot;https:\/\/palmiyekocak.com\/mavi-deri-dosemeli-hilton-sandalye-hts05&quot; target=&quot;_blank&quot;&gt;Mavi Deri D\u00f6\u015femeli Hilton Sandalye&lt;\/a&gt;&lt;\/h2&gt;&lt;p&gt;Mavi Deri D\u00f6\u015femeli Hilton Sandalye: Konforun ve Esteti\u011fin Bulu\u015fma Noktas\u0131&lt;\/p&gt;<br \/>\n&lt;!&#8211; \/wp:paragraph &#8211;&gt;<\/p>\n<p>&lt;!&#8211; wp:paragraph &#8211;&gt;<br \/>\n&lt;p&gt;Hilton, d\u00fcnyan\u0131n d\u00f6rt bir yan\u0131nda l\u00fcks ve konforu temsil eden bir marka olmu\u015ftur. Her detayda, misafirlerine en \u00fcst d\u00fczeyde hizmet sunmay\u0131 ama\u00e7lar. Bu hizmet anlay\u0131\u015f\u0131n\u0131n yaln\u0131zca genel otel hizmetlerine de\u011fil, ayn\u0131 zamanda otel i\u00e7indeki mobilya ve aksesuar se\u00e7imine de yans\u0131d\u0131\u011f\u0131n\u0131 s\u00f6ylemek yan\u0131lt\u0131c\u0131 olmaz. Bu makalede, \u00f6zellikle Hilton&#039;un mavi deri d\u00f6\u015femeli sandalyesini ele alarak, bu e\u015fsiz tasar\u0131m\u0131n konfor ve estetik aras\u0131ndaki m\u00fckemmel dengeyi nas\u0131l sa\u011flad\u0131\u011f\u0131n\u0131 inceleyece\u011fiz.&lt;\/p&gt;<br \/>\n&lt;!&#8211; \/wp:paragraph &#8211;&gt;<\/p>\n<p>&lt;!&#8211; wp:heading {&quot;level&quot;:3} &#8211;&gt;<br \/>\n&lt;h3 class=&quot;wp-block-heading&quot;&gt;&lt;a href=&quot;https:\/\/www.hiltonsandalye.com\/&quot; target=&quot;_blank&quot;&gt;Mavi Deri D\u00f6\u015femeli Hilton Sandalye \u00d6zellikleri;&lt;\/a&gt;&lt;\/h3&gt;<br \/>\n&lt;!&#8211; \/wp:heading &#8211;&gt;<\/p>\n<p>&lt;!&#8211; wp:list &#8211;&gt;<br \/>\n&lt;ul&gt;&lt;!&#8211; wp:list-item &#8211;&gt;<br \/>\n&lt;li&gt;Estetik De\u011fer:&lt;\/li&gt;<br \/>\n&lt;!&#8211; \/wp:list-item &#8211;&gt;&lt;\/ul&gt;<br \/>\n&lt;!&#8211; \/wp:list &#8211;&gt;<\/p>\n<p>&lt;!&#8211; wp:paragraph &#8211;&gt;<br \/>\n&lt;p&gt;Mavinin dinginli\u011fi ve derinli\u011fi, derinin asaletiyle bulu\u015ftu\u011funda ortaya \u00e7\u0131kan bu sandalye, odan\u0131n atmosferine an\u0131nda l\u00fcks bir dokunu\u015f kat\u0131yor. Derin mavi ton, hem modern hem de klasik dekorasyon tarzlar\u0131yla kolayl\u0131kla uyum sa\u011flayarak, mekana sofistike bir hava kat\u0131yor.&lt;\/p&gt;<br \/>\n&lt;!&#8211; \/wp:paragraph &#8211;&gt;<\/p>\n<p>&lt;!&#8211; wp:list {&quot;start&quot;:2} &#8211;&gt;<br \/>\n&lt;ul start=&quot;2&quot;&gt;&lt;!&#8211; wp:list-item &#8211;&gt;<br \/>\n&lt;li&gt;Konfor Anlay\u0131\u015f\u0131:&lt;\/li&gt;<br \/>\n&lt;!&#8211; \/wp:list-item &#8211;&gt;&lt;\/ul&gt;<br \/>\n&lt;!&#8211; \/wp:list &#8211;&gt;<\/p>\n<p>&lt;!&#8211; wp:paragraph &#8211;&gt;<br \/>\n&lt;p&gt;Hilton, misafirlerinin rahat\u0131 i\u00e7in hi\u00e7bir detay\u0131 g\u00f6z ard\u0131 etmez. Mavi deri d\u00f6\u015femeli sandalye, ergonomik yap\u0131s\u0131yla uzun saatler boyunca oturma ihtiyac\u0131n\u0131 rahatl\u0131kla kar\u015f\u0131l\u0131yor. Ayr\u0131ca kaliteli d\u00f6\u015feme malzemesi, v\u00fccuda tam destek sa\u011flarken, yumu\u015fak dokusuyla da e\u015fsiz bir konfor sunuyor.&lt;\/p&gt;<br \/>\n&lt;!&#8211; \/wp:paragraph &#8211;&gt;<\/p>\n<p>&lt;!&#8211; wp:list {&quot;start&quot;:3} &#8211;&gt;<br \/>\n&lt;ul start=&quot;3&quot;&gt;&lt;!&#8211; wp:list-item &#8211;&gt;<br \/>\n&lt;li&gt;Dayan\u0131kl\u0131l\u0131k ve Kalite:&lt;\/li&gt;<br \/>\n&lt;!&#8211; \/wp:list-item &#8211;&gt;&lt;\/ul&gt;<br \/>\n&lt;!&#8211; \/wp:list &#8211;&gt;<\/p>\n<p>&lt;!&#8211; wp:paragraph &#8211;&gt;<br \/>\n&lt;p&gt;Hilton markas\u0131n\u0131n bir di\u011fer \u00f6zelli\u011fi de kalitedir. Mavi deri d\u00f6\u015femeli sandalye, uzun \u00f6m\u00fcrl\u00fc kullan\u0131m ve dayan\u0131kl\u0131l\u0131k i\u00e7in tasarlanm\u0131\u015ft\u0131r. Kaliteli deri malzemesi ve i\u015f\u00e7ilik, sandalyenin y\u0131llar boyu ilk g\u00fcnk\u00fc \u015f\u0131kl\u0131\u011f\u0131n\u0131 korumas\u0131n\u0131 sa\u011flar.&lt;\/p&gt;<br \/>\n&lt;!&#8211; \/wp:paragraph &#8211;&gt;<\/p>\n<p>&lt;!&#8211; wp:list {&quot;start&quot;:4} &#8211;&gt;<br \/>\n&lt;ul start=&quot;4&quot;&gt;&lt;!&#8211; wp:list-item &#8211;&gt;<br \/>\n&lt;li&gt;\u00c7ok Fonksiyonluluk:&lt;\/li&gt;<br \/>\n&lt;!&#8211; \/wp:list-item &#8211;&gt;&lt;\/ul&gt;<br \/>\n&lt;!&#8211; \/wp:list &#8211;&gt;<\/p>\n<p>&lt;!&#8211; wp:paragraph &#8211;&gt;<br \/>\n&lt;p&gt;Bu sandalye, sadece oturma amac\u0131yla s\u0131n\u0131rl\u0131 kalm\u0131yor. Otel lobisinden, \u00f6zel toplant\u0131 odalar\u0131na, suit odalardan restoranlara kadar bir\u00e7ok alanda kullan\u0131labiliyor. Ayr\u0131ca estetik ve fonksiyonelli\u011fini her alanda koruyarak, mekan\u0131n ihtiya\u00e7lar\u0131na yan\u0131t veriyor.&lt;\/p&gt;<br \/>\n&lt;!&#8211; \/wp:paragraph &#8211;&gt;<\/p>\n<p>&lt;!&#8211; wp:list &#8211;&gt;<br \/>\n&lt;ul&gt;&lt;!&#8211; wp:list-item &#8211;&gt;<br \/>\n&lt;li&gt;Estetik ve \u015e\u0131kl\u0131k&lt;\/li&gt;<br \/>\n&lt;!&#8211; \/wp:list-item &#8211;&gt;&lt;\/ul&gt;<br \/>\n&lt;!&#8211; \/wp:list &#8211;&gt;<\/p>\n<p>&lt;!&#8211; wp:paragraph &#8211;&gt;<br \/>\n&lt;p&gt;Mavi renk, genellikle sakinlik, dinginlik ve g\u00fcven duygusunu \u00e7a\u011fr\u0131\u015ft\u0131r\u0131r. Mavi deri d\u00f6\u015femeli sandalyeler, otel i\u00e7 mekanlar\u0131na sofistike bir atmosfer katma konusunda \u00f6nemli bir rol \u00fcstlenir. Hilton otellerinin bu \u00f6zel tasar\u0131m sandalyeleri tercih etmesi. Markan\u0131n zarif ve l\u00fcks kimli\u011fini yans\u0131tmak amac\u0131n\u0131 ta\u015f\u0131d\u0131\u011f\u0131n\u0131 g\u00f6sterir. Mavi deri, sandalyenin \u015f\u0131kl\u0131\u011f\u0131n\u0131 ve zerafetini vurgularken, tasar\u0131m\u0131ndaki detaylar da estetik a\u00e7\u0131dan tatmin edici bir g\u00f6rsel deneyim sunar.&lt;\/p&gt;<br \/>\n&lt;!&#8211; \/wp:paragraph &#8211;&gt;<\/p>\n<p>&lt;!&#8211; wp:heading {&quot;level&quot;:4} &#8211;&gt;<br \/>\n&lt;h4 class=&quot;wp-block-heading&quot;&gt;Sonu\u00e7 Olarak;&lt;\/h4&gt;<br \/>\n&lt;!&#8211; \/wp:heading &#8211;&gt;<\/p>\n<p>&lt;!&#8211; wp:paragraph &#8211;&gt;<br \/>\n&lt;p&gt;Hilton&#039;un mavi deri d\u00f6\u015femeli sandalyesi, markan\u0131n kalitesini, \u015f\u0131kl\u0131\u011f\u0131n\u0131. Misafir odakl\u0131 hizmet anlay\u0131\u015f\u0131n\u0131 yans\u0131tan bir \u00f6\u011fe olarak kar\u015f\u0131m\u0131za \u00e7\u0131k\u0131yor. Hem g\u00f6rsel hem de fiziksel konforda s\u0131n\u0131rlar\u0131 zorlayan bu tasar\u0131m. Bunun yan\u0131 s\u0131ra hilton&#039;un l\u00fcks anlay\u0131\u015f\u0131n\u0131 bir kez daha ortaya koyuyor. Otelde kal\u0131rken, bu sandalyede oturman\u0131n verdi\u011fi rahatl\u0131k . L\u00fckse dair hissi, unutulmaz an\u0131lar aras\u0131nda yerini al\u0131yor.&lt;\/p&gt;<br \/>\n&lt;!&#8211; \/wp:paragraph &#8211;&gt;<\/p>\n","protected":false},"excerpt":{"rendered":"<p>&lt;!&#8211; wp:paragraph &#8211;&gt; &lt;h2&gt;&lt;a href=&quot;https:\/\/palmiyekocak.com\/mavi-deri-dosemeli-hilton-sandalye-hts05&quot; target=&quot;_blank&quot;&gt;Mavi Deri D\u00f6\u015femeli Hilton Sandalye&lt;\/a&gt;&lt;\/h2&gt;&lt;p&gt;Mavi Deri D\u00f6\u015femeli Hilton Sandalye: Konforun ve Esteti\u011fin Bulu\u015fma Noktas\u0131&lt;\/p&gt; &lt;!&#8211; \/wp:paragraph &#8211;&gt; &lt;!&#8211; wp:paragraph &#8211;&gt; &lt;p&gt;Hilton, d\u00fcnyan\u0131n d\u00f6rt bir yan\u0131nda l\u00fcks ve konforu temsil eden bir marka olmu\u015ftur. Her detayda, misafirlerine en \u00fcst d\u00fczeyde hizmet sunmay\u0131 ama\u00e7lar. Bu hizmet anlay\u0131\u015f\u0131n\u0131n yaln\u0131zca genel otel hizmetlerine de\u011fil, [&hellip;]<\/p>\n","protected":false},"featured_media":3395,"comment_status":"closed","ping_status":"open","template":"","meta":{"_joinchat":[]},"product_cat":[132,147,32,63,62,144,51,142,143,141],"product_tag":[],"class_list":{"0":"post-3394","1":"product","2":"type-product","3":"status-publish","4":"has-post-thumbnail","6":"product_cat-dugun-salonu-sandalyesi","7":"product_cat-kahve-sandalyesi","8":"product_cat-konferans-sandalyeleri","9":"product_cat-lokanta-sandalyeleri","10":"product_cat-metal-sandalye","11":"product_cat-organizasyon-sandalyesi","12":"product_cat-salon-aluminyum-sandalye","13":"product_cat-salon-banket-sandalye","14":"product_cat-salon-hilton-sandalye","15":"product_cat-salon-sandalyeleri","17":"first","18":"instock","19":"product-type-simple"},"_links":{"self":[{"href":"https:\/\/palmiyesusleme.com\/index.php\/wp-json\/wp\/v2\/product\/3394","targetHints":{"allow":["GET"]}}],"collection":[{"href":"https:\/\/palmiyesusleme.com\/index.php\/wp-json\/wp\/v2\/product"}],"about":[{"href":"https:\/\/palmiyesusleme.com\/index.php\/wp-json\/wp\/v2\/types\/product"}],"replies":[{"embeddable":true,"href":"https:\/\/palmiyesusleme.com\/index.php\/wp-json\/wp\/v2\/comments?post=3394"}],"wp:featuredmedia":[{"embeddable":true,"href":"https:\/\/palmiyesusleme.com\/index.php\/wp-json\/wp\/v2\/media\/3395"}],"wp:attachment":[{"href":"https:\/\/palmiyesusleme.com\/index.php\/wp-json\/wp\/v2\/media?parent=3394"}],"wp:term":[{"taxonomy":"product_cat","embeddable":true,"href":"https:\/\/palmiyesusleme.com\/index.php\/wp-json\/wp\/v2\/product_cat?post=3394"},{"taxonomy":"product_tag","embeddable":true,"href":"https:\/\/palmiyesusleme.com\/index.php\/wp-json\/wp\/v2\/product_tag?post=3394"}],"curies":[{"name":"wp","href":"https:\/\/api.w.org\/{rel}","templated":true}]}}