{"id":3402,"date":"2024-03-07T15:38:13","date_gmt":"2024-03-07T12:38:13","guid":{"rendered":"https:\/\/palmiyesusleme.com\/index.php\/urun\/kare-sirtli-metal-hilton-sandalye\/"},"modified":"2024-03-07T15:38:15","modified_gmt":"2024-03-07T12:38:15","slug":"kare-sirtli-metal-hilton-sandalye","status":"publish","type":"product","link":"https:\/\/palmiyesusleme.com\/index.php\/urun\/kare-sirtli-metal-hilton-sandalye\/","title":{"rendered":"Kare S\u0131rtl\u0131 Metal Hilton Sandalye"},"content":{"rendered":"<p>&lt;!&#8211; wp:paragraph &#8211;&gt;<br \/>\n&lt;h2&gt;&lt;a href=&quot;http:\/\/kare-sirtli-metal-hilton-sandalye-hts09&quot; target=&quot;_blank&quot;&gt;Kare S\u0131rtl\u0131 Metal Hilton Sandalye&lt;\/a&gt;&lt;\/h2&gt;&lt;p&gt;G\u00fcn\u00fcm\u00fcz\u00fcn modern dekorasyon d\u00fcnyas\u0131nda, minimalizm ve fonksiyonelli\u011fin kucakla\u015fmas\u0131yla do\u011fan estetik \u00fcr\u00fcnlerden biri olan kare s\u0131rtl\u0131 metal Hilton sandalye, bir\u00e7ok mek\u00e2nda s\u0131k\u00e7a tercih edilmektedir. Bu sandalyenin pop\u00fclerli\u011fi sadece \u015f\u0131k dizayn\u0131 ile s\u0131n\u0131rl\u0131 kalmaz; ayn\u0131 zamanda sa\u011flam yap\u0131s\u0131 ve fonksiyonelli\u011fi ile de \u00f6n plana \u00e7\u0131kar.&lt;\/p&gt;<br \/>\n&lt;!&#8211; \/wp:paragraph &#8211;&gt;<\/p>\n<p>&lt;!&#8211; wp:heading {&quot;level&quot;:3} &#8211;&gt;<br \/>\n&lt;h3 class=&quot;wp-block-heading&quot;&gt;&lt;a href=&quot;https:\/\/www.hiltonsandalye.com\/sandalye\/aluminyum-kirmizi-kumasli-hilton-sandalye\/&quot; target=&quot;_blank&quot;&gt;Kare S\u0131rtl\u0131 Metal Hilton Sandalye \u00d6zellikleri;&lt;\/a&gt;&lt;\/h3&gt;<br \/>\n&lt;!&#8211; \/wp:heading &#8211;&gt;<\/p>\n<p>&lt;!&#8211; wp:paragraph &#8211;&gt;<br \/>\n&lt;p&gt;Dayan\u0131kl\u0131 Yap\u0131: Metal malzemenin sa\u011flaml\u0131\u011f\u0131 sayesinde bu sandalye, uzun y\u0131llar boyunca kullan\u0131ma uygun bir yap\u0131ya sahiptir. \u00d6zellikle halka a\u00e7\u0131k mek\u00e2nlarda, yo\u011fun kullan\u0131mlara maruz kalan sandalyeler i\u00e7in metal malzeme tercihi, dayan\u0131kl\u0131l\u0131k a\u00e7\u0131s\u0131ndan olduk\u00e7a \u00f6nemlidir.&lt;\/p&gt;<br \/>\n&lt;!&#8211; \/wp:paragraph &#8211;&gt;<\/p>\n<p>&lt;!&#8211; wp:paragraph &#8211;&gt;<br \/>\n&lt;p&gt;Estetik Tasar\u0131m: Kare s\u0131rtl\u0131 dizayn\u0131, hem modern hem de klasik mekanlara uyum sa\u011flar. Bu \u00f6zelli\u011fi sayesinde, farkl\u0131 dekorasyon stillerine e\u015flik edebilir.&lt;\/p&gt;<br \/>\n&lt;!&#8211; \/wp:paragraph &#8211;&gt;<\/p>\n<p>&lt;!&#8211; wp:paragraph &#8211;&gt;<br \/>\n&lt;p&gt;Kolay Temizlik: Metal y\u00fczeyi sayesinde kolayl\u0131kla silinmekte ve temizlenmekte. Bu \u00f6zellik, \u00f6zellikle restoran, kafe gibi yiyecek ve i\u00e7ecek servisinin yap\u0131ld\u0131\u011f\u0131 yerlerde b\u00fcy\u00fck avantaj sa\u011flar.&lt;\/p&gt;<br \/>\n&lt;!&#8211; \/wp:paragraph &#8211;&gt;<\/p>\n<p>&lt;!&#8211; wp:paragraph &#8211;&gt;<br \/>\n&lt;p&gt;Hafiflik: Metal sandalyeler genellikle hafif olup, ta\u015f\u0131nmas\u0131 ve yer de\u011fi\u015ftirmesi kolayd\u0131r. Bu, d\u00fczenlemelerde ve organizasyonlarda b\u00fcy\u00fck kolayl\u0131k sa\u011flar.&lt;\/p&gt;<br \/>\n&lt;!&#8211; \/wp:paragraph &#8211;&gt;<\/p>\n<p>&lt;!&#8211; wp:paragraph &#8211;&gt;<br \/>\n&lt;p&gt;Farkl\u0131 Renk Se\u00e7enekleri: Metal Hilton sandalyeler, farkl\u0131 renk se\u00e7enekleri ile sunulmakta. Bu sayede mek\u00e2n\u0131n genel dekorasyonuna uyum sa\u011flama kapasitesi artar.&lt;\/p&gt;<br \/>\n&lt;!&#8211; \/wp:paragraph &#8211;&gt;<\/p>\n<p>&lt;!&#8211; wp:paragraph &#8211;&gt;<br \/>\n&lt;p&gt;Kare S\u0131rtl\u0131 Metal Hilton Sandalyeler, farkl\u0131 i\u00e7 mekan tarzlar\u0131na m\u00fckemmel bir \u015fekilde entegre olmakta. End\u00fcstriyel bir atmosferde, metal malzemenin sa\u011flaml\u0131\u011f\u0131 ve tasar\u0131m\u0131n sadeli\u011fi, mekan\u0131n karakterini yans\u0131t\u0131rken. Ayn\u0131 zamanda konforlu bir oturma deneyimi sunar. Modern bir tasar\u0131m anlay\u0131\u015f\u0131na sahip mekanlarda ise sandalyenin zarif hatlar\u0131. Bunun yan\u0131 s\u0131ra \u00f6zenle d\u00fc\u015f\u00fcn\u00fclm\u00fc\u015f detaylar\u0131, mekan\u0131n \u015f\u0131kl\u0131\u011f\u0131n\u0131 ve sofistike&lt;\/p&gt;<br \/>\n&lt;!&#8211; \/wp:paragraph &#8211;&gt;<\/p>\n<p>&lt;!&#8211; wp:paragraph &#8211;&gt;<br \/>\n&lt;p&gt;Kullan\u0131m Alanlar\u0131:&lt;\/p&gt;<br \/>\n&lt;!&#8211; \/wp:paragraph &#8211;&gt;<\/p>\n<p>&lt;!&#8211; wp:paragraph &#8211;&gt;<br \/>\n&lt;p&gt;Kare s\u0131rtl\u0131 metal Hilton sandalyeler, hem i\u00e7 mek\u00e2nda hem de d\u0131\u015f mek\u00e2nda kullan\u0131ma uygundur. \u00d6zellikle:&lt;\/p&gt;<br \/>\n&lt;!&#8211; \/wp:paragraph &#8211;&gt;<\/p>\n<p>&lt;!&#8211; wp:paragraph &#8211;&gt;<br \/>\n&lt;p&gt;Kafelerde&lt;br&gt;Restoranlarda&lt;br&gt;Bah\u00e7elerde&lt;br&gt;Etkinlik alanlar\u0131nda&lt;br&gt;Konferans salonlar\u0131nda&lt;br&gt;Ofislerde&lt;br&gt;gibi bir\u00e7ok alanda tercih edilmektedir.&lt;\/p&gt;<br \/>\n&lt;!&#8211; \/wp:paragraph &#8211;&gt;<\/p>\n<p>&lt;!&#8211; wp:heading {&quot;level&quot;:4} &#8211;&gt;<br \/>\n&lt;h4 class=&quot;wp-block-heading&quot;&gt;Sonu\u00e7 Olarak;&lt;\/h4&gt;<br \/>\n&lt;!&#8211; \/wp:heading &#8211;&gt;<\/p>\n<p>&lt;!&#8211; wp:paragraph &#8211;&gt;<br \/>\n&lt;p&gt;Kare s\u0131rtl\u0131 metal Hilton sandalye, modern tasar\u0131m\u0131yla g\u00f6z dolduran. Metalin sa\u011flaml\u0131\u011f\u0131yla dayan\u0131kl\u0131, hafifli\u011fiyle de pratik bir se\u00e7imdir. Farkl\u0131 renk se\u00e7enekleriyle her tarza uyum sa\u011flama kapasitesi, onu dekorasyon d\u00fcnyas\u0131nda vazge\u00e7ilmeyen k\u0131lmakta. Hem fonksiyonelli\u011fi hem de esteti\u011fi bir arada sunan bu sandalye, mek\u00e2nlar\u0131n\u0131za hem konfor hem de&amp;nbsp;\u015f\u0131kl\u0131k&amp;nbsp;katar.&lt;\/p&gt;<br \/>\n&lt;!&#8211; \/wp:paragraph &#8211;&gt;<\/p>\n","protected":false},"excerpt":{"rendered":"<p>&lt;!&#8211; wp:paragraph &#8211;&gt; &lt;h2&gt;&lt;a href=&quot;http:\/\/kare-sirtli-metal-hilton-sandalye-hts09&quot; target=&quot;_blank&quot;&gt;Kare S\u0131rtl\u0131 Metal Hilton Sandalye&lt;\/a&gt;&lt;\/h2&gt;&lt;p&gt;G\u00fcn\u00fcm\u00fcz\u00fcn modern dekorasyon d\u00fcnyas\u0131nda, minimalizm ve fonksiyonelli\u011fin kucakla\u015fmas\u0131yla do\u011fan estetik \u00fcr\u00fcnlerden biri olan kare s\u0131rtl\u0131 metal Hilton sandalye, bir\u00e7ok mek\u00e2nda s\u0131k\u00e7a tercih edilmektedir. Bu sandalyenin pop\u00fclerli\u011fi sadece \u015f\u0131k dizayn\u0131 ile s\u0131n\u0131rl\u0131 kalmaz; ayn\u0131 zamanda sa\u011flam yap\u0131s\u0131 ve fonksiyonelli\u011fi ile de \u00f6n plana \u00e7\u0131kar.&lt;\/p&gt; &lt;!&#8211; \/wp:paragraph &#8211;&gt; [&hellip;]<\/p>\n","protected":false},"featured_media":3403,"comment_status":"closed","ping_status":"open","template":"","meta":{"_joinchat":[]},"product_cat":[132,32,63,62,144,51,142,143,141],"product_tag":[],"class_list":{"0":"post-3402","1":"product","2":"type-product","3":"status-publish","4":"has-post-thumbnail","6":"product_cat-dugun-salonu-sandalyesi","7":"product_cat-konferans-sandalyeleri","8":"product_cat-lokanta-sandalyeleri","9":"product_cat-metal-sandalye","10":"product_cat-organizasyon-sandalyesi","11":"product_cat-salon-aluminyum-sandalye","12":"product_cat-salon-banket-sandalye","13":"product_cat-salon-hilton-sandalye","14":"product_cat-salon-sandalyeleri","16":"first","17":"instock","18":"product-type-simple"},"_links":{"self":[{"href":"https:\/\/palmiyesusleme.com\/index.php\/wp-json\/wp\/v2\/product\/3402","targetHints":{"allow":["GET"]}}],"collection":[{"href":"https:\/\/palmiyesusleme.com\/index.php\/wp-json\/wp\/v2\/product"}],"about":[{"href":"https:\/\/palmiyesusleme.com\/index.php\/wp-json\/wp\/v2\/types\/product"}],"replies":[{"embeddable":true,"href":"https:\/\/palmiyesusleme.com\/index.php\/wp-json\/wp\/v2\/comments?post=3402"}],"wp:featuredmedia":[{"embeddable":true,"href":"https:\/\/palmiyesusleme.com\/index.php\/wp-json\/wp\/v2\/media\/3403"}],"wp:attachment":[{"href":"https:\/\/palmiyesusleme.com\/index.php\/wp-json\/wp\/v2\/media?parent=3402"}],"wp:term":[{"taxonomy":"product_cat","embeddable":true,"href":"https:\/\/palmiyesusleme.com\/index.php\/wp-json\/wp\/v2\/product_cat?post=3402"},{"taxonomy":"product_tag","embeddable":true,"href":"https:\/\/palmiyesusleme.com\/index.php\/wp-json\/wp\/v2\/product_tag?post=3402"}],"curies":[{"name":"wp","href":"https:\/\/api.w.org\/{rel}","templated":true}]}}