{"id":3408,"date":"2024-03-07T15:38:13","date_gmt":"2024-03-07T12:38:13","guid":{"rendered":"https:\/\/palmiyesusleme.com\/index.php\/urun\/siyah-hilton-sandalye\/"},"modified":"2024-03-07T15:38:18","modified_gmt":"2024-03-07T12:38:18","slug":"siyah-hilton-sandalye","status":"publish","type":"product","link":"https:\/\/palmiyesusleme.com\/index.php\/urun\/siyah-hilton-sandalye\/","title":{"rendered":"Siyah Hilton Sandalye"},"content":{"rendered":"<p>&lt;!&#8211; wp:paragraph &#8211;&gt;<br \/>\n&lt;h2&gt;&lt;a href=&quot;https:\/\/www.palmiyekocak.com\/metal-sandalye\/siyah-hilton-sandalye-hts11b&quot; target=&quot;_blank&quot;&gt;Siyah Hilton Sandalye&lt;\/a&gt;&lt;\/h2&gt;&lt;p&gt;Siyah Hilton Sandalye: Modernli\u011fin ve Konforun Sembol\u00fc&lt;\/p&gt;<br \/>\n&lt;!&#8211; \/wp:paragraph &#8211;&gt;<\/p>\n<p>&lt;!&#8211; wp:paragraph &#8211;&gt;<br \/>\n&lt;p&gt;Modern tasar\u0131m\u0131n estetik ve fonksiyonelli\u011fini birle\u015ftiren siyah Hilton sandalye. \u00c7a\u011fda\u015f mek\u00e2nlar\u0131n vazge\u00e7ilmez bir par\u00e7as\u0131 haline gelmi\u015ftir. Ayr\u0131ca ad\u0131n\u0131 duydu\u011fumuzda akl\u0131m\u0131za l\u00fcks oteller ve rafine mekanlar gelse de, bu \u00f6zel sandalye. Sadeli\u011fi ve zarafetiyle her ortama uyum sa\u011flama yetene\u011fine sahiptir.&lt;\/p&gt;<br \/>\n&lt;!&#8211; \/wp:paragraph &#8211;&gt;<\/p>\n<p>&lt;!&#8211; wp:heading {&quot;level&quot;:3} &#8211;&gt;<br \/>\n&lt;h3 class=&quot;wp-block-heading&quot;&gt;&lt;a href=&quot;https:\/\/www.aluminyumsandalye.com\/urun-kategori\/aluminyum-hilton-sandalye\/&quot; target=&quot;_blank&quot;&gt;Siyah Hilton Sandalye \u00d6zellikleri;&lt;\/a&gt;&lt;\/h3&gt;<br \/>\n&lt;!&#8211; \/wp:heading &#8211;&gt;<\/p>\n<p>&lt;!&#8211; wp:paragraph &#8211;&gt;<br \/>\n&lt;p&gt;Siyah Hilton Sandalyeler, tasar\u0131m\u0131nda kullan\u0131lan siyah rengin zarafetini ve sade \u015f\u0131kl\u0131\u011f\u0131n\u0131 b\u00fcnyesinde bar\u0131nd\u0131r\u0131r. Bu zarif sandalyenin ince i\u015f\u00e7ili\u011fi ve sofistike detaylar\u0131, herhangi bir i\u00e7 mekana sofistike bir hava kat\u0131yor. \u00d6zellikle modern veya minimalist i\u00e7 mekanlarda kendine ideal bir yer buluyor. Hilton Sandalye, d\u00fcz \u00e7izgileri ve yuvarlat\u0131lm\u0131\u015f k\u00f6\u015feleriyle hem \u00e7a\u011fda\u015f hem de klasik bir tarz\u0131 bir araya getiriyor.&lt;\/p&gt;<br \/>\n&lt;!&#8211; \/wp:paragraph &#8211;&gt;<\/p>\n<p>&lt;!&#8211; wp:paragraph &#8211;&gt;<br \/>\n&lt;p&gt;Sadece \u015f\u0131k bir tasar\u0131ma sahip olmak yetmez, bir sandalyenin kullan\u0131c\u0131ya konfor sunmas\u0131 da bir o kadar \u00f6nemlidir. Siyah Hilton Sandalye, ergonomik tasar\u0131m\u0131 ile bu konuda \u00f6ne \u00e7\u0131k\u0131yor. Oturma y\u00fczeyi ve s\u0131rt deste\u011fi, uzun s\u00fcreli oturmalarda dahi konfor sunar. Ayr\u0131ca, kaliteli malzemelerden \u00fcretilmi\u015f yumu\u015fak minderler, v\u00fccudu sarar ve rahat bir deneyim sunar.&lt;\/p&gt;<br \/>\n&lt;!&#8211; \/wp:paragraph &#8211;&gt;<\/p>\n<p>&lt;!&#8211; wp:paragraph &#8211;&gt;<br \/>\n&lt;p&gt;Siyah\u0131n asaleti, Hilton sandalyenin tasar\u0131m\u0131nda kendini g\u00f6steriyor. Siyah, her zaman i\u00e7in g\u00fc\u00e7, eleganl\u0131k ve gizemi temsil eder. Hilton sandalye, siyah\u0131n bu \u00f6zelliklerini, konfor ve fonksiyonellikle birle\u015ftirerek modern mekanlar\u0131n ihtiya\u00e7lar\u0131na cevap veriyor. Metal veya ah\u015fap ayak se\u00e7enekleriyle, farkl\u0131 dekorasyon stillerine uyum sa\u011flama kapasitesi art\u0131yor.&lt;\/p&gt;<br \/>\n&lt;!&#8211; \/wp:paragraph &#8211;&gt;<\/p>\n<p>&lt;!&#8211; wp:paragraph &#8211;&gt;<br \/>\n&lt;p&gt;Sandalyenin tasar\u0131m\u0131nda, ergonomi \u00f6n planda tutulmu\u015f. Uzun s\u00fcreli oturmalar i\u00e7in bile rahatl\u0131k sunan bu sandalye. S\u0131rt ve bel deste\u011fiyle sa\u011fl\u0131kla ilgili potansiyel problemlerin \u00f6n\u00fcne ge\u00e7meye yard\u0131mc\u0131 oluyor. Hem ofislerde \u00e7al\u0131\u015fma sandalyesi olarak, hem de evlerde yemek odas\u0131 sandalyesi olarak kullan\u0131labilirli\u011fi. Onun \u00e7ok y\u00f6nl\u00fcl\u00fc\u011f\u00fcn\u00fc ortaya koyuyor.&lt;\/p&gt;<br \/>\n&lt;!&#8211; \/wp:paragraph &#8211;&gt;<\/p>\n<p>&lt;!&#8211; wp:paragraph &#8211;&gt;<br \/>\n&lt;p&gt;Ancak siyah Hilton sandalyenin sadece fonksiyonel de\u011fil, ayn\u0131 zamanda bir sanat eseri oldu\u011funu da unutmamak gerekir. Minimalist ve \u015f\u0131k tasar\u0131m\u0131, mek\u00e2n\u0131na sofistike bir hava kat\u0131yor. Bu \u00f6zelli\u011fi sayesinde, hem klasik hem de modern dekorasyonla kusursuz bir uyum i\u00e7inde.&lt;\/p&gt;<br \/>\n&lt;!&#8211; \/wp:paragraph &#8211;&gt;<\/p>\n<p>&lt;!&#8211; wp:heading {&quot;level&quot;:4} &#8211;&gt;<br \/>\n&lt;h4 class=&quot;wp-block-heading&quot;&gt;Sonu\u00e7 Olarak;&lt;\/h4&gt;<br \/>\n&lt;!&#8211; \/wp:heading &#8211;&gt;<\/p>\n<p>&lt;!&#8211; wp:paragraph &#8211;&gt;<br \/>\n&lt;p&gt;Sonu\u00e7 olarak, siyah Hilton sandalye, modern tasar\u0131m\u0131n ve konforun m\u00fckemmel bir bile\u015fimidir. Estetik, fonksiyonellik ve konforu bir araya getiren bu sandalye. Her mek\u00e2na de\u011fer katarak, kullan\u0131c\u0131s\u0131na en iyi deneyimi sunmay\u0131 hedefler. Bu nedenle, tasar\u0131m ve konforu bir arada arayanlar i\u00e7in siyah Hilton sandalyeler, ideal&amp;nbsp;bir&amp;nbsp;tercihtir.&lt;\/p&gt;<br \/>\n&lt;!&#8211; \/wp:paragraph &#8211;&gt;<\/p>\n","protected":false},"excerpt":{"rendered":"<p>&lt;!&#8211; wp:paragraph &#8211;&gt; &lt;h2&gt;&lt;a href=&quot;https:\/\/www.palmiyekocak.com\/metal-sandalye\/siyah-hilton-sandalye-hts11b&quot; target=&quot;_blank&quot;&gt;Siyah Hilton Sandalye&lt;\/a&gt;&lt;\/h2&gt;&lt;p&gt;Siyah Hilton Sandalye: Modernli\u011fin ve Konforun Sembol\u00fc&lt;\/p&gt; &lt;!&#8211; \/wp:paragraph &#8211;&gt; &lt;!&#8211; wp:paragraph &#8211;&gt; &lt;p&gt;Modern tasar\u0131m\u0131n estetik ve fonksiyonelli\u011fini birle\u015ftiren siyah Hilton sandalye. \u00c7a\u011fda\u015f mek\u00e2nlar\u0131n vazge\u00e7ilmez bir par\u00e7as\u0131 haline gelmi\u015ftir. Ayr\u0131ca ad\u0131n\u0131 duydu\u011fumuzda akl\u0131m\u0131za l\u00fcks oteller ve rafine mekanlar gelse de, bu \u00f6zel sandalye. Sadeli\u011fi ve zarafetiyle her ortama [&hellip;]<\/p>\n","protected":false},"featured_media":3409,"comment_status":"closed","ping_status":"open","template":"","meta":{"_joinchat":[]},"product_cat":[132,147,32,63,62,144,51,142,143,141],"product_tag":[],"class_list":{"0":"post-3408","1":"product","2":"type-product","3":"status-publish","4":"has-post-thumbnail","6":"product_cat-dugun-salonu-sandalyesi","7":"product_cat-kahve-sandalyesi","8":"product_cat-konferans-sandalyeleri","9":"product_cat-lokanta-sandalyeleri","10":"product_cat-metal-sandalye","11":"product_cat-organizasyon-sandalyesi","12":"product_cat-salon-aluminyum-sandalye","13":"product_cat-salon-banket-sandalye","14":"product_cat-salon-hilton-sandalye","15":"product_cat-salon-sandalyeleri","17":"first","18":"instock","19":"product-type-simple"},"_links":{"self":[{"href":"https:\/\/palmiyesusleme.com\/index.php\/wp-json\/wp\/v2\/product\/3408","targetHints":{"allow":["GET"]}}],"collection":[{"href":"https:\/\/palmiyesusleme.com\/index.php\/wp-json\/wp\/v2\/product"}],"about":[{"href":"https:\/\/palmiyesusleme.com\/index.php\/wp-json\/wp\/v2\/types\/product"}],"replies":[{"embeddable":true,"href":"https:\/\/palmiyesusleme.com\/index.php\/wp-json\/wp\/v2\/comments?post=3408"}],"wp:featuredmedia":[{"embeddable":true,"href":"https:\/\/palmiyesusleme.com\/index.php\/wp-json\/wp\/v2\/media\/3409"}],"wp:attachment":[{"href":"https:\/\/palmiyesusleme.com\/index.php\/wp-json\/wp\/v2\/media?parent=3408"}],"wp:term":[{"taxonomy":"product_cat","embeddable":true,"href":"https:\/\/palmiyesusleme.com\/index.php\/wp-json\/wp\/v2\/product_cat?post=3408"},{"taxonomy":"product_tag","embeddable":true,"href":"https:\/\/palmiyesusleme.com\/index.php\/wp-json\/wp\/v2\/product_tag?post=3408"}],"curies":[{"name":"wp","href":"https:\/\/api.w.org\/{rel}","templated":true}]}}